{"id":7,"date":"2025-09-10T11:58:18","date_gmt":"2025-09-10T09:58:18","guid":{"rendered":"http:\/\/localhost\/wordpress\/?page_id=7"},"modified":"2026-01-25T16:15:39","modified_gmt":"2026-01-25T15:15:39","slug":"strona-domowa","status":"publish","type":"page","link":"https:\/\/truckpol.eu\/","title":{"rendered":""},"content":{"rendered":"\n<div class=\"wp-block-group alignfull is-content-justification-center\" style=\"margin-top:0;margin-bottom:0;padding-top:calc( 0.5 * var(--wp--style--root--padding-right, var(--wp--custom--gap--horizontal)));padding-right:var(--wp--style--root--padding-right, var(--wp--custom--gap--horizontal));padding-bottom:calc( 0.5 * var(--wp--style--root--padding-right, var(--wp--custom--gap--horizontal)));padding-left:var(--wp--style--root--padding-left, var(--wp--custom--gap--horizontal))\"><div class=\"wp-block-group__inner-container is-layout-constrained wp-container-core-group-is-layout-b073b61b wp-block-group-is-layout-constrained\">\n<div style=\"height:calc( 0.25 * var(--wp--style--root--padding-right, var(--wp--custom--gap--horizontal)))\" aria-hidden=\"true\" class=\"wp-block-spacer\"><\/div>\n\n\n\n<div class=\"wp-block-group alignfull is-content-justification-center\" style=\"margin-top:0;margin-bottom:0;padding-top:calc( 0.5 * var(--wp--style--root--padding-right, var(--wp--custom--gap--horizontal)));padding-right:var(--wp--style--root--padding-right, var(--wp--custom--gap--horizontal));padding-bottom:calc( 0.5 * var(--wp--style--root--padding-right, var(--wp--custom--gap--horizontal)));padding-left:var(--wp--style--root--padding-left, var(--wp--custom--gap--horizontal))\"><div class=\"wp-block-group__inner-container is-layout-constrained wp-container-core-group-is-layout-b073b61b wp-block-group-is-layout-constrained\">\n<div style=\"height:calc( 0.25 * var(--wp--style--root--padding-right, var(--wp--custom--gap--horizontal)))\" aria-hidden=\"true\" class=\"wp-block-spacer\"><\/div>\n\n\n\n<div class=\"wp-block-columns alignwide is-layout-flex wp-container-core-columns-is-layout-9d6595d7 wp-block-columns-is-layout-flex\">\n<div class=\"wp-block-column is-vertically-aligned-center is-layout-flow wp-block-column-is-layout-flow\">\n<p style=\"margin-top:0;margin-right:0;margin-bottom:0;margin-left:0;font-size:18px\">Gotowy na zmiany?<\/p>\n\n\n\n<h3 class=\"wp-block-heading\" style=\"font-size:48px\">Odkryj moc nowych cz\u0119\u015bci!<\/h3>\n\n\n\n<p style=\"margin-top:0;margin-right:0;margin-bottom:0;margin-left:0;font-size:24px\">Wybierz komponenty, kt\u00f3re poprawi\u0105 wydajno\u015b\u0107 i bezpiecze\u0144stwo jazdy, bez wzgl\u0119du na model samochodu , kampera lub przyczepy kempingowej<\/p>\n\n\n\n<div class=\"wp-block-buttons is-layout-flex wp-block-buttons-is-layout-flex\" style=\"margin-top:20px;margin-bottom:0\">\n<div class=\"wp-block-button is-style-fill\"><a class=\"wp-block-button__link has-custom-font-size wp-element-button\" href=\"https:\/\/truckpol.eu\/?post_type=product\" style=\"border-style:none;border-width:0px;font-size:16px\">Sprawd\u017a sklep<\/a><\/div>\n<\/div>\n<\/div>\n\n\n\n<div class=\"wp-block-column is-vertically-aligned-center is-layout-flow wp-block-column-is-layout-flow\">\n<figure class=\"wp-block-image size-full\"><img fetchpriority=\"high\" decoding=\"async\" width=\"552\" height=\"768\" src=\"https:\/\/truckpol.eu\/wp-content\/uploads\/2025\/12\/obraz_2025-12-01_213543708.png\" alt=\"\" class=\"wp-image-371\" srcset=\"https:\/\/truckpol.eu\/wp-content\/uploads\/2025\/12\/obraz_2025-12-01_213543708.png 552w, https:\/\/truckpol.eu\/wp-content\/uploads\/2025\/12\/obraz_2025-12-01_213543708-216x300.png 216w\" sizes=\"(max-width: 552px) 100vw, 552px\" \/><\/figure>\n<\/div>\n<\/div>\n\n\n\n<div style=\"height:calc( 0.25 * var(--wp--style--root--padding-right, var(--wp--custom--gap--horizontal)))\" aria-hidden=\"true\" class=\"wp-block-spacer\"><\/div>\n<\/div><\/div>\n\n\n\n<div style=\"height:0px\" aria-hidden=\"true\" class=\"wp-block-spacer\"><\/div>\n<\/div><\/div>\n\n\n\n<div class=\"wp-block-columns icon-box-wrap is-layout-flex wp-container-core-columns-is-layout-9d6595d7 wp-block-columns-is-layout-flex\">\n<div class=\"wp-block-column wp-block-columns is-layout-flow wp-block-column-is-layout-flow\">\n<div class=\"wp-block-column item-box is-layout-flow wp-block-column-is-layout-flow\">\n<h4 class=\"wp-block-heading\">Wsparcie techniczne<\/h4>\n\n\n\n<p>Skontaktuj si\u0119 z nami od poniedzia\u0142ku do soboty godz 8:00 &#8211; 20:00<\/p>\n\n\n\n<p>tel 602120726<\/p>\n<\/div>\n<\/div>\n\n\n\n<div class=\"wp-block-column wp-block-columns is-layout-flow wp-block-column-is-layout-flow\">\n<div class=\"wp-block-column item-box is-layout-flow wp-block-column-is-layout-flow\">\n<h4 class=\"wp-block-heading\">Dob\u00f3r cz\u0119\u015bci<\/h4>\n\n\n\n<p>Pomo\u017cemy Ci wybra\u0107 dobre  cz\u0119\u015bci w atrakcyjnych cenach do Twojego kampera lub przyczepy<\/p>\n\n\n\n<p><\/p>\n<\/div>\n<\/div>\n\n\n\n<div class=\"wp-block-column wp-block-columns is-layout-flow wp-block-column-is-layout-flow\">\n<div class=\"wp-block-column item-box is-layout-flow wp-block-column-is-layout-flow\">\n<h4 class=\"wp-block-heading\">Najlepsi dostawcy<\/h4>\n\n\n\n<p>Sprzedajemy tylko cz\u0119\u015bci i akcesoria, kt\u00f3re sami wielokrotnie montowali\u015bmy<\/p>\n<\/div>\n<\/div>\n\n\n\n<div class=\"wp-block-column wp-block-columns is-layout-flow wp-block-column-is-layout-flow\">\n<div class=\"wp-block-column item-box is-layout-flow wp-block-column-is-layout-flow\">\n<h4 class=\"wp-block-heading\">Bezpieczna p\u0142atno\u015b\u0107<\/h4>\n\n\n\n<p>100% bezpieczna p\u0142atno\u015b\u0107. Zapewniamy bezpieczne p\u0142atno\u015bci<\/p>\n<\/div>\n<\/div>\n<\/div>\n\n\n\n<p><\/p>\n\n\n\n<p><\/p>\n\n\n\n<p><\/p>\n\n\n\n<p><\/p>\n\n\n\n<p><\/p>\n\n\n\n<p><\/p>\n\n\n\n<p><\/p>\n\n\n\n<p><\/p>\n\n\n\n<p>;<\/p>\n\n\n<style id=\"sp_category_dynamic_css87\">.sp-wcsp-slider-area #sp-wcsp-slider-section-87 .sp-wcsp-cat-item .sp-wcsp-cat-item-thumb-content {border: 1px solid #dddddd;border-radius: 4px;}.sp-wcsp-slider-area #sp-wcsp-slider-section-87 .sp-wcsp-cat-item {box-shadow: none;background: transparent;}.sp-wcsp-slider-area #sp-wcsp-slider-section-87 .sp-wcsp-cat-item:hover{box-shadow: none;background: transparent;}.sp-wcsp-slider-area.sp-wcsp-slider-area-87 .sp-wcsp-section-title {margin: 0px 0px 30px 0px;color: #444444;font-size: 20px;line-height: 20px;letter-spacing: 0;text-transform: none;text-align: left;font-weight: 600;}.sp-wcsp-slider-area #sp-wcsp-slider-section-87 .sp-wcsp-cat-item .sp-wcsp-cat-details .sp-wcsp-cat-desc {margin: 0px 0px 14px 0px;color: #444444;font-size: 14px;line-height: 18px;letter-spacing: 0;text-transform: none;text-align: center;padding: 0;font-weight: 400;font-style: normal;}.sp-wcsp-slider-area #sp-wcsp-slider-section-87 .sp-wcsp-cat-item .sp-wcsp-cat-details .sp-wcsp-cat-details-content .sp-wcsp-cat-name {text-align: center;}.sp-wcsp-slider-area #sp-wcsp-slider-section-87 .sp-wcsp-cat-item .sp-wcsp-cat-details .sp-wcsp-cat-details-content .sp-wcsp-cat-name a {margin: 0px 0px 6px 0px;color: #444444;font-size: 16px;line-height: 18px;letter-spacing: 0;text-transform: none;text-align: center;font-weight: 700;font-style: normal;}.sp-wcsp-slider-area #sp-wcsp-slider-section-87 .sp-wcsp-cat-item .sp-wcsp-cat-details .sp-wcsp-cat-details-content .sp-wcsp-cat-name a:hover{color: #444444;}.sp-wcsp-slider-area #sp-wcsp-slider-section-87 .sp-wcsp-cat-item .sp-wcsp-cat-details .sp-wcsp-cat-details-content {border-top: 0px;border-left: 0px;border-right: 0px;border-bottom: 0px;border-style: solid;border-color: #e2e2e2;}.sp-wcsp-slider-area #sp-wcsp-slider-section-87 .sp-wcsp-cat-item:hover .sp-wcsp-cat-details .sp-wcsp-cat-details-content {border-color: #e2e2e2;}.sp-wcsp-slider-area #sp-wcsp-slider-section-87 .sp-wcsp-cat-item .sp-wcsp-cat-details .sp-wcsp-cat-details-content {padding: 16px 16px 16px 16px;}.sp-wcsp-slider-area #sp-wcsp-slider-section-87 .sp-wcsp-cat-item .sp-wcsp-cat-thumbnail {margin: 0px 0px 0px 0px;}.sp-wcsp-slider-area-87 .sp-wcsp-button-prev, .sp-wcsp-slider-area-87 .sp-wcsp-button-next{border: 1px solid #aaaaaa;color: #aaaaaa;background: transparent;height: 30px;line-height: 28px;font-size: 20px;width: 30px;}.sp-wcsp-slider-area-87 .sp-wcsp-button-prev:hover,.sp-wcsp-slider-area-87 .sp-wcsp-button-next:hover{border-color: #f23e3e;color: #ffffff;background: #ff4343;}#sp-wcsp-slider-section-87 .sp-wcsp-pagination span {margin: 0 3px;width: 12px;height: 12px;background: #aaaaaa;opacity: 1;font-size: 14px;text-indent: -999px;overflow: hidden;}#sp-wcsp-slider-section-87 .sp-wcsp-pagination span.swiper-pagination-bullet-active {background: #ff4343;}.sp-wcsp-slider-area #sp-wcsp-slider-section-87 .sp-wcsp-cat-item .sp-wcsp-shop-now {margin: 0px 0px 5px 0px;border-width: 0px;border-style: solid;border-color: #f43f3f;color: #ffffff;font-size: 15px;line-height: 20px;letter-spacing: 0;text-transform: none;text-align: center;font-weight: 700;font-style: normal;background: #ff4343;z-index: 99;position: relative;}.sp-wcsp-slider-area #sp-wcsp-slider-section-87 .sp-wcsp-cat-item .sp-wcsp-shop-now:hover {border-color: #af2435;color: #ffffff;background: #af2435;}.sp-wcsp-slider-area-87{position: relative;}#sp-wcsp-slider-section-87 {opacity: 0;}#wcsp-preloader-87{position: absolute;left: 0;top: 0;height: 100%;width: 100%;text-align: center;display: flex;align-items: center;justify-content: center;}<\/style><div id=\"sp-wcsp-slider-area-87\" class=\"sp-wcsp-slider-area sp-wcsp-slider-area-87 nav-top-right content-position-thumb-above-cont-below\" data-slider='{\n\t\t\t\t\"auto_play\": 1,\n\t\t\t\t\"auto_play_speed\": 3000,\n\t\t\t\t\"standard_scroll_speed\": 600,\n\t\t\t\t\"pause_on_hover\": 1,\n\t\t\t\t\"auto_height\": 1,\n\t\t\t\t\"infinite_loop\": 1,\n\t\t\t\t\"large_desktop\": 4,\n\t\t\t\t\"space_between_cat\": 20,\n\t\t\t\t\"large_desktop_scroll\": 1,\n\t\t\t\t\"pagination\": \"show\",\n\t\t\t\t\"navigation\": \"show\",\n\t\t\t\t\"touch_swipe\": 1,\n\t\t\t\t\"mouse_wheel\": false,\n\t\t\t\t\"mouse_draggable\": false,\n\t\t\t\t\"freeMode\": false,\n\t\t\t\t\"breakpoints\": {\n\t\t\t\t\t\"desktop\": 3,\n\t\t\t\t\t\"laptop\": 2,\n\t\t\t\t\t\"tablet\": 2,\n\t\t\t\t\t\"mobile\": 1,\n\t\t\t\t\t\"desktop_scroll\": 1,\n\t\t\t\t\t\"laptop_scroll\": 1,\n\t\t\t\t\t\"tablet_scroll\": 1,\n\t\t\t\t\t\"mobile_scroll\": 1\n\t\t\t\t}\n\t\t\t}'><h3 class=\"sp-wcsp-section-title\">Odkryj popularne kategorie<\/h3><div id=\"wcsp-preloader-87\" class=\"sp-wcsp-preloader\"><img decoding=\"async\" src=\" https:\/\/truckpol.eu\/wp-content\/plugins\/woo-category-slider-grid\/admin\/img\/spinner.svg \" attr=\"Loader Image\"\/><\/div><div id=\"sp-wcsp-slider-section-87\" class=\"sp-wcsp-slider-section swiper-container wcsp-preloader\" ><div class=\"sp-wcsp-button\"><div class=\"sp-wcsp-button-prev\"><i class=\"fa fa-angle-left\"><\/i><\/div><div class=\"sp-wcsp-button-next\"><i class=\"fa fa-angle-right\"><\/i><\/div><\/div><div id=\"sp-wcsp-wrapper-87\" class=\" swiper-wrapper\"><div class=\"sp-wcsp-cat-item swiper-slide\"><div class=\"sp-wcsp-cat-item-thumb-content\"><div class=\"sp-wcsp-cat-thumbnail\"><a href=\"https:\/\/truckpol.eu\/?product_cat=system-radarow-dvs\"><img decoding=\"async\" src=\"https:\/\/truckpol.eu\/wp-content\/uploads\/2025\/12\/DVS-PSS-Czujnik-radarowy-BSIS-MOIS-do-monitorowania-obszarow-bocznych-i-p-Marka-Expert-PRO.jpg\" alt=\"System radar\u00f3w DVS\" class=\"sp-wcsp-cat-thumb\"\/><\/a><\/div><div class=\"sp-wcsp-cat-details\"><div class=\"sp-wcsp-cat-details-content\"><div class=\"sp-wcsp-cat-name\"><a href=\"https:\/\/truckpol.eu\/?product_cat=system-radarow-dvs\">System radar\u00f3w DVS (1)<\/a><\/div><div class=\"sp-wcsp-text-center\" ><a href=\"https:\/\/truckpol.eu\/?product_cat=system-radarow-dvs\" class=\"sp-wcsp-shop-now\" target=\"_self\">Kup Teraz<\/a><\/div><\/div><\/div><\/div><\/div><div class=\"sp-wcsp-cat-item swiper-slide\"><div class=\"sp-wcsp-cat-item-thumb-content\"><div class=\"sp-wcsp-cat-thumbnail\"><a href=\"https:\/\/truckpol.eu\/?product_cat=przetwornica-napiecia\"><img decoding=\"async\" src=\"https:\/\/truckpol.eu\/wp-content\/uploads\/2025\/11\/przetwornica-1.webp\" alt=\"Przetwornica napi\u0119cia\" class=\"sp-wcsp-cat-thumb\"\/><\/a><\/div><div class=\"sp-wcsp-cat-details\"><div class=\"sp-wcsp-cat-details-content\"><div class=\"sp-wcsp-cat-name\"><a href=\"https:\/\/truckpol.eu\/?product_cat=przetwornica-napiecia\">Przetwornica napi\u0119cia (3)<\/a><\/div><div class=\"sp-wcsp-text-center\" ><a href=\"https:\/\/truckpol.eu\/?product_cat=przetwornica-napiecia\" class=\"sp-wcsp-shop-now\" target=\"_self\">Kup Teraz<\/a><\/div><\/div><\/div><\/div><\/div><div class=\"sp-wcsp-cat-item swiper-slide\"><div class=\"sp-wcsp-cat-item-thumb-content\"><div class=\"sp-wcsp-cat-thumbnail\"><a href=\"https:\/\/truckpol.eu\/?product_cat=bez-kategorii\"><img decoding=\"async\" src=\"https:\/\/truckpol.eu\/wp-content\/uploads\/2025\/11\/reflektor-drogowy-led-jazda-dzienna-led-12-24v.jpg\" alt=\"O\u015bwietlenie do samochod\u00f3w\" class=\"sp-wcsp-cat-thumb\"\/><\/a><\/div><div class=\"sp-wcsp-cat-details\"><div class=\"sp-wcsp-cat-details-content\"><div class=\"sp-wcsp-cat-name\"><a href=\"https:\/\/truckpol.eu\/?product_cat=bez-kategorii\">O\u015bwietlenie do samochod\u00f3w (9)<\/a><\/div><div class=\"sp-wcsp-text-center\" ><a href=\"https:\/\/truckpol.eu\/?product_cat=bez-kategorii\" class=\"sp-wcsp-shop-now\" target=\"_self\">Kup Teraz<\/a><\/div><\/div><\/div><\/div><\/div><div class=\"sp-wcsp-cat-item swiper-slide\"><div class=\"sp-wcsp-cat-item-thumb-content\"><div class=\"sp-wcsp-cat-thumbnail\"><a href=\"https:\/\/truckpol.eu\/?product_cat=odkurzacz\"><img decoding=\"async\" src=\"https:\/\/truckpol.eu\/wp-content\/uploads\/2025\/11\/navitel-cl100120247221249_5.webp\" alt=\"Odkurzacze\" class=\"sp-wcsp-cat-thumb\"\/><\/a><\/div><div class=\"sp-wcsp-cat-details\"><div class=\"sp-wcsp-cat-details-content\"><div class=\"sp-wcsp-cat-name\"><a href=\"https:\/\/truckpol.eu\/?product_cat=odkurzacz\">Odkurzacze (2)<\/a><\/div><div class=\"sp-wcsp-text-center\" ><a href=\"https:\/\/truckpol.eu\/?product_cat=odkurzacz\" class=\"sp-wcsp-shop-now\" target=\"_self\">Kup Teraz<\/a><\/div><\/div><\/div><\/div><\/div><div class=\"sp-wcsp-cat-item swiper-slide\"><div class=\"sp-wcsp-cat-item-thumb-content\"><div class=\"sp-wcsp-cat-thumbnail\"><a href=\"https:\/\/truckpol.eu\/?product_cat=modul-haka-holowniczego\"><img decoding=\"async\" src=\"https:\/\/truckpol.eu\/wp-content\/uploads\/2025\/12\/WH3Q-CS-G8-LONG-OUT_kompletacjaoznaczenia__FitWzgwMCw4MDBd.jpg\" alt=\"Modu\u0142 haka holowniczego\" class=\"sp-wcsp-cat-thumb\"\/><\/a><\/div><div class=\"sp-wcsp-cat-details\"><div class=\"sp-wcsp-cat-details-content\"><div class=\"sp-wcsp-cat-name\"><a href=\"https:\/\/truckpol.eu\/?product_cat=modul-haka-holowniczego\">Modu\u0142 haka holowniczego (1)<\/a><\/div><div class=\"sp-wcsp-text-center\" ><a href=\"https:\/\/truckpol.eu\/?product_cat=modul-haka-holowniczego\" class=\"sp-wcsp-shop-now\" target=\"_self\">Kup Teraz<\/a><\/div><\/div><\/div><\/div><\/div><div class=\"sp-wcsp-cat-item swiper-slide\"><div class=\"sp-wcsp-cat-item-thumb-content\"><div class=\"sp-wcsp-cat-thumbnail\"><a href=\"https:\/\/truckpol.eu\/?product_cat=ladowanie-dodatkowego-akumulatora\"><img decoding=\"async\" src=\"https:\/\/truckpol.eu\/wp-content\/uploads\/2025\/12\/cyrix-ct-1224v-120a-intelligent-combiner.jpg\" alt=\"\u0141adowanie dodatkowego akumulatora\" class=\"sp-wcsp-cat-thumb\"\/><\/a><\/div><div class=\"sp-wcsp-cat-details\"><div class=\"sp-wcsp-cat-details-content\"><div class=\"sp-wcsp-cat-name\"><a href=\"https:\/\/truckpol.eu\/?product_cat=ladowanie-dodatkowego-akumulatora\">\u0141adowanie dodatkowego akumulatora (6)<\/a><\/div><div class=\"sp-wcsp-text-center\" ><a href=\"https:\/\/truckpol.eu\/?product_cat=ladowanie-dodatkowego-akumulatora\" class=\"sp-wcsp-shop-now\" target=\"_self\">Kup Teraz<\/a><\/div><\/div><\/div><\/div><\/div><div class=\"sp-wcsp-cat-item swiper-slide\"><div class=\"sp-wcsp-cat-item-thumb-content\"><div class=\"sp-wcsp-cat-thumbnail\"><a href=\"https:\/\/truckpol.eu\/?product_cat=klimatyzacja\"><img decoding=\"async\" src=\"https:\/\/truckpol.eu\/wp-content\/uploads\/2025\/11\/1-9d1aa-464x336-cm-inside.jpg\" alt=\"Klimatyzacja i wentylacja do kampera - przyczepy\" class=\"sp-wcsp-cat-thumb\"\/><\/a><\/div><div class=\"sp-wcsp-cat-details\"><div class=\"sp-wcsp-cat-details-content\"><div class=\"sp-wcsp-cat-name\"><a href=\"https:\/\/truckpol.eu\/?product_cat=klimatyzacja\">Klimatyzacja i wentylacja do kampera - przyczepy (7)<\/a><\/div><div class=\"sp-wcsp-text-center\" ><a href=\"https:\/\/truckpol.eu\/?product_cat=klimatyzacja\" class=\"sp-wcsp-shop-now\" target=\"_self\">Kup Teraz<\/a><\/div><\/div><\/div><\/div><\/div><div class=\"sp-wcsp-cat-item swiper-slide\"><div class=\"sp-wcsp-cat-item-thumb-content\"><div class=\"sp-wcsp-cat-thumbnail\"><a href=\"https:\/\/truckpol.eu\/?product_cat=klimatyzacja-do-domu\"><img decoding=\"async\" src=\"https:\/\/truckpol.eu\/wp-content\/uploads\/2025\/11\/pobrany-plik.jpg\" alt=\"Klimatyzacja do domu\" class=\"sp-wcsp-cat-thumb\"\/><\/a><\/div><div class=\"sp-wcsp-cat-details\"><div class=\"sp-wcsp-cat-details-content\"><div class=\"sp-wcsp-cat-name\"><a href=\"https:\/\/truckpol.eu\/?product_cat=klimatyzacja-do-domu\">Klimatyzacja do domu (5)<\/a><\/div><div class=\"sp-wcsp-text-center\" ><a href=\"https:\/\/truckpol.eu\/?product_cat=klimatyzacja-do-domu\" class=\"sp-wcsp-shop-now\" target=\"_self\">Kup Teraz<\/a><\/div><\/div><\/div><\/div><\/div><div class=\"sp-wcsp-cat-item swiper-slide\"><div class=\"sp-wcsp-cat-item-thumb-content\"><div class=\"sp-wcsp-cat-thumbnail\"><a href=\"https:\/\/truckpol.eu\/?product_cat=panele-sloneczne\"><img decoding=\"async\" src=\"https:\/\/truckpol.eu\/wp-content\/uploads\/2025\/11\/solar-panel.webp\" alt=\"Fotowoltaika\" class=\"sp-wcsp-cat-thumb\"\/><\/a><\/div><div class=\"sp-wcsp-cat-details\"><div class=\"sp-wcsp-cat-details-content\"><div class=\"sp-wcsp-cat-name\"><a href=\"https:\/\/truckpol.eu\/?product_cat=panele-sloneczne\">Fotowoltaika (7)<\/a><\/div><div class=\"sp-wcsp-text-center\" ><a href=\"https:\/\/truckpol.eu\/?product_cat=panele-sloneczne\" class=\"sp-wcsp-shop-now\" target=\"_self\">Kup Teraz<\/a><\/div><\/div><\/div><\/div><\/div><div class=\"sp-wcsp-cat-item swiper-slide\"><div class=\"sp-wcsp-cat-item-thumb-content\"><div class=\"sp-wcsp-cat-thumbnail\"><a href=\"https:\/\/truckpol.eu\/?product_cat=cb-radio\"><img decoding=\"async\" src=\"https:\/\/truckpol.eu\/wp-content\/uploads\/2026\/01\/obraz_2026-01-25_133656119.png\" alt=\"CB RADIO\" class=\"sp-wcsp-cat-thumb\"\/><\/a><\/div><div class=\"sp-wcsp-cat-details\"><div class=\"sp-wcsp-cat-details-content\"><div class=\"sp-wcsp-cat-name\"><a href=\"https:\/\/truckpol.eu\/?product_cat=cb-radio\">CB RADIO (4)<\/a><\/div><div class=\"sp-wcsp-text-center\" ><a href=\"https:\/\/truckpol.eu\/?product_cat=cb-radio\" class=\"sp-wcsp-shop-now\" target=\"_self\">Kup Teraz<\/a><\/div><\/div><\/div><\/div><\/div><div class=\"sp-wcsp-cat-item swiper-slide\"><div class=\"sp-wcsp-cat-item-thumb-content\"><div class=\"sp-wcsp-cat-thumbnail\"><a href=\"https:\/\/truckpol.eu\/?product_cat=akcesoria-karawaningowe\"><img decoding=\"async\" src=\"https:\/\/truckpol.eu\/wp-content\/uploads\/2026\/02\/obraz_2025-08-01_093414914-scaled-1.png\" alt=\"Akcesoria karawaningowe\" class=\"sp-wcsp-cat-thumb\"\/><\/a><\/div><div class=\"sp-wcsp-cat-details\"><div class=\"sp-wcsp-cat-details-content\"><div class=\"sp-wcsp-cat-name\"><a href=\"https:\/\/truckpol.eu\/?product_cat=akcesoria-karawaningowe\">Akcesoria karawaningowe (5)<\/a><\/div><div class=\"sp-wcsp-text-center\" ><a href=\"https:\/\/truckpol.eu\/?product_cat=akcesoria-karawaningowe\" class=\"sp-wcsp-shop-now\" target=\"_self\">Kup Teraz<\/a><\/div><\/div><\/div><\/div><\/div><\/div><div class=\"sp-wcsp-pagination\"><\/div><\/div><\/div>\n\n\n\n\n\n<p><\/p>\n","protected":false},"excerpt":{"rendered":"<p>Gotowy na zmiany? Odkryj moc nowych cz\u0119\u015bci! Wybierz komponenty, kt\u00f3re poprawi\u0105 wydajno\u015b\u0107 i bezpiecze\u0144stwo jazdy, bez wzgl\u0119du na model samochodu , kampera lub przyczepy kempingowej Wsparcie techniczne Skontaktuj si\u0119 z nami od poniedzia\u0142ku do soboty godz 8:00 &#8211; 20:00 tel 602120726 Dob\u00f3r cz\u0119\u015bci Pomo\u017cemy Ci wybra\u0107 dobre cz\u0119\u015bci w atrakcyjnych cenach do Twojego kampera lub<\/p>\n<div class=\"more-link\">\n\t\t\t\t <a href=\"https:\/\/truckpol.eu\/\" class=\"link-btn\"><span>Czytaj dalej <\/span> <i class=\"icofont-thin-double-right\"><\/i><\/a>\n\t\t\t<\/div>\n","protected":false},"author":1,"featured_media":0,"parent":0,"menu_order":0,"comment_status":"closed","ping_status":"closed","template":"","meta":{"footnotes":""},"class_list":["post-7","page","type-page","status-publish","hentry"],"aioseo_notices":[],"jetpack_sharing_enabled":true,"_links":{"self":[{"href":"https:\/\/truckpol.eu\/index.php?rest_route=\/wp\/v2\/pages\/7","targetHints":{"allow":["GET"]}}],"collection":[{"href":"https:\/\/truckpol.eu\/index.php?rest_route=\/wp\/v2\/pages"}],"about":[{"href":"https:\/\/truckpol.eu\/index.php?rest_route=\/wp\/v2\/types\/page"}],"author":[{"embeddable":true,"href":"https:\/\/truckpol.eu\/index.php?rest_route=\/wp\/v2\/users\/1"}],"replies":[{"embeddable":true,"href":"https:\/\/truckpol.eu\/index.php?rest_route=%2Fwp%2Fv2%2Fcomments&post=7"}],"version-history":[{"count":18,"href":"https:\/\/truckpol.eu\/index.php?rest_route=\/wp\/v2\/pages\/7\/revisions"}],"predecessor-version":[{"id":11818,"href":"https:\/\/truckpol.eu\/index.php?rest_route=\/wp\/v2\/pages\/7\/revisions\/11818"}],"wp:attachment":[{"href":"https:\/\/truckpol.eu\/index.php?rest_route=%2Fwp%2Fv2%2Fmedia&parent=7"}],"curies":[{"name":"wp","href":"https:\/\/api.w.org\/{rel}","templated":true}]}}