{"id":8,"date":"2025-09-10T11:58:18","date_gmt":"2025-09-10T09:58:18","guid":{"rendered":"http:\/\/localhost\/wordpress\/?page_id=8"},"modified":"2025-09-10T14:20:56","modified_gmt":"2025-09-10T12:20:56","slug":"o-nas","status":"publish","type":"page","link":"https:\/\/truckpol.eu\/?page_id=8","title":{"rendered":"O nas"},"content":{"rendered":"\n<h2 class=\"wp-block-heading\">Nasza misja: pasja do motoryzacji i profesjonalizm<\/h2>\n\n\n\n<p>Jeste\u015bmy zespo\u0142em pasjonat\u00f3w, dla kt\u00f3rych samochody to co\u015b wi\u0119cej ni\u017c tylko \u015brodek transportu. To nasza pasja i styl \u017cycia. Od lat z zaanga\u017cowaniem dostarczamy najwy\u017cszej jako\u015bci cz\u0119\u015bci samochodowe, by Tw\u00f3j pojazd zawsze by\u0142 w doskona\u0142ej kondycji. Wierzymy, \u017ce ka\u017cdy kierowca zas\u0142uguje na niezawodne i bezpieczne cz\u0119\u015bci, dlatego stawiamy na rzetelno\u015b\u0107 i profesjonalizm.<\/p>\n\n\n\n<p>Nasza historia rozpocz\u0119\u0142a si\u0119 od prostego celu: chcieli\u015bmy stworzy\u0107 miejsce, gdzie ka\u017cdy, niezale\u017cnie od swoich potrzeb, znajdzie odpowiednie cz\u0119\u015bci w atrakcyjnej cenie. Dzi\u0119ki wieloletniemu do\u015bwiadczeniu w bran\u017cy, stale poszerzamy nasz\u0105 wiedz\u0119 i asortyment, aby sprosta\u0107 oczekiwaniom nawet najbardziej wymagaj\u0105cych klient\u00f3w.<\/p>\n\n\n\n<p><strong>Dlaczego warto nam zaufa\u0107?<\/strong><\/p>\n\n\n\n<ul class=\"wp-block-list\">\n<li><strong>Jako\u015b\u0107, na kt\u00f3r\u0105 mo\u017cesz liczy\u0107:<\/strong> Oferujemy tylko sprawdzone cz\u0119\u015bci od renomowanych producent\u00f3w. Ka\u017cdy produkt w naszym sklepie jest starannie wyselekcjonowany, by zagwarantowa\u0107 Ci trwa\u0142o\u015b\u0107 i bezpiecze\u0144stwo.<\/li>\n\n\n\n<li><strong>Profesjonalne doradztwo:<\/strong> Nasi eksperci s\u0105 do Twojej dyspozycji. Z ch\u0119ci\u0105 pomo\u017cemy Ci wybra\u0107 odpowiednie cz\u0119\u015bci do Twojego samochodu, udzielimy fachowych porad i odpowiemy na wszystkie pytania.<\/li>\n\n\n\n<li><strong>Szybka realizacja zam\u00f3wie\u0144:<\/strong> Wiemy, jak wa\u017cny jest Tw\u00f3j czas. Zapewniamy sprawn\u0105 i szybk\u0105 wysy\u0142k\u0119, aby\u015b m\u00f3g\u0142 jak najszybciej cieszy\u0107 si\u0119 swoimi nowymi cz\u0119\u015bciami.<\/li>\n<\/ul>\n\n\n\n<p>Naszym celem jest budowanie trwa\u0142ych relacji z klientami, opartych na zaufaniu i wzajemnym szacunku. Dzi\u0119kujemy, \u017ce jeste\u015b z nami! Zbudujmy razem motoryzacyjn\u0105 przysz\u0142o\u015b\u0107, opart\u0105 na najwy\u017cszej jako\u015bci i niezawodno\u015bci.<\/p>\n\n\n","protected":false},"excerpt":{"rendered":"<p>Nasza misja: pasja do motoryzacji i profesjonalizm Jeste\u015bmy zespo\u0142em pasjonat\u00f3w, dla kt\u00f3rych samochody to co\u015b wi\u0119cej ni\u017c tylko \u015brodek transportu. To nasza pasja i styl \u017cycia. Od lat z zaanga\u017cowaniem dostarczamy najwy\u017cszej jako\u015bci cz\u0119\u015bci samochodowe, by Tw\u00f3j pojazd zawsze by\u0142 w doskona\u0142ej kondycji. Wierzymy, \u017ce ka\u017cdy kierowca zas\u0142uguje na niezawodne i bezpieczne cz\u0119\u015bci, dlatego stawiamy<\/p>\n<div class=\"more-link\">\n\t\t\t\t <a href=\"https:\/\/truckpol.eu\/?page_id=8\" class=\"link-btn\"><span>Czytaj dalej <\/span> <i class=\"icofont-thin-double-right\"><\/i><\/a>\n\t\t\t<\/div>\n","protected":false},"author":1,"featured_media":0,"parent":0,"menu_order":0,"comment_status":"closed","ping_status":"closed","template":"","meta":{"footnotes":""},"class_list":["post-8","page","type-page","status-publish","hentry"],"aioseo_notices":[],"jetpack_sharing_enabled":true,"_links":{"self":[{"href":"https:\/\/truckpol.eu\/index.php?rest_route=\/wp\/v2\/pages\/8","targetHints":{"allow":["GET"]}}],"collection":[{"href":"https:\/\/truckpol.eu\/index.php?rest_route=\/wp\/v2\/pages"}],"about":[{"href":"https:\/\/truckpol.eu\/index.php?rest_route=\/wp\/v2\/types\/page"}],"author":[{"embeddable":true,"href":"https:\/\/truckpol.eu\/index.php?rest_route=\/wp\/v2\/users\/1"}],"replies":[{"embeddable":true,"href":"https:\/\/truckpol.eu\/index.php?rest_route=%2Fwp%2Fv2%2Fcomments&post=8"}],"version-history":[{"count":2,"href":"https:\/\/truckpol.eu\/index.php?rest_route=\/wp\/v2\/pages\/8\/revisions"}],"predecessor-version":[{"id":117,"href":"https:\/\/truckpol.eu\/index.php?rest_route=\/wp\/v2\/pages\/8\/revisions\/117"}],"wp:attachment":[{"href":"https:\/\/truckpol.eu\/index.php?rest_route=%2Fwp%2Fv2%2Fmedia&parent=8"}],"curies":[{"name":"wp","href":"https:\/\/api.w.org\/{rel}","templated":true}]}}