{"id":9,"date":"2025-09-10T11:58:18","date_gmt":"2025-09-10T09:58:18","guid":{"rendered":"http:\/\/localhost\/wordpress\/?page_id=9"},"modified":"2025-12-02T16:55:29","modified_gmt":"2025-12-02T15:55:29","slug":"kontakt","status":"publish","type":"page","link":"https:\/\/truckpol.eu\/?page_id=9","title":{"rendered":"Kontakt"},"content":{"rendered":"\n<h2 class=\"wp-block-heading\">Masz pytania? Skontaktuj si\u0119 z nami!<\/h2>\n\n\n\n<p>W <strong>PUH TRUCK-POL Pawe\u0142 Nadbrzeski<\/strong> cenimy sobie bezpo\u015bredni kontakt z klientem. Niezale\u017cnie od tego, czy potrzebujesz fachowej porady, informacji o zam\u00f3wieniu, czy po prostu masz pytania \u2013 jeste\u015bmy do Twojej dyspozycji.<\/p>\n\n\n\n<p>Skontaktuj si\u0119 z nami w najdogodniejszy dla Ciebie spos\u00f3b:<\/p>\n\n\n\n<h3 class=\"wp-block-heading\">\ud83d\udcde Telefon i \ud83d\udce7 E-mail<\/h3>\n\n\n\n<p>Nasi doradcy s\u0105 dost\u0119pni, by Ci pom\u00f3c.<\/p>\n\n\n\n<figure class=\"wp-block-table\"><table class=\"has-fixed-layout\"><thead><tr><td>Kontakt<\/td><td>Dane<\/td><td>Dost\u0119pno\u015b\u0107<\/td><\/tr><\/thead><tbody><tr><td><strong>G\u0142\u00f3wny Numer Telefonu<\/strong><\/td><td><strong>602 120 726<\/strong><\/td><td>Poniedzia\u0142ek &#8211; Sobota <br> 8:00 &#8211; 20:00<\/td><\/tr><tr><td><strong>Adres E-mail<\/strong><\/td><td><strong>pawelnadbrzeski@o2.pl<\/strong><\/td><td><\/td><\/tr><\/tbody><\/table><\/figure>\n\n\n\n<h3 class=\"wp-block-heading\">\ud83d\udccd  Siedziba Firmy<\/h3>\n\n\n\n<p><\/p>\n\n\n\n<p><strong>PUH TRUCK-POL Pawe\u0142 Nadbrzeski<\/strong> ul. Kwiatowa 17\/1 55-011 Siechnice Polska<\/p>\n\n\n\n<p><strong>Dane do faktur\/rejestrowe:<\/strong><\/p>\n\n\n\n<ul class=\"wp-block-list\">\n<li><strong>NIP:<\/strong> 912 135 21 51<\/li>\n<\/ul>\n\n\n\n<div class=\"wp-block-group alignfull is-content-justification-center\" style=\"margin-top:0;margin-bottom:0;padding-top:calc( 0.5 * var(--wp--style--root--padding-right, var(--wp--custom--gap--horizontal)));padding-right:var(--wp--style--root--padding-right, var(--wp--custom--gap--horizontal));padding-bottom:calc( 0.5 * var(--wp--style--root--padding-right, var(--wp--custom--gap--horizontal)));padding-left:var(--wp--style--root--padding-left, var(--wp--custom--gap--horizontal))\"><div class=\"wp-block-group__inner-container is-layout-constrained wp-container-core-group-is-layout-b073b61b wp-block-group-is-layout-constrained\">\n<div style=\"height:calc( 0.25 * var(--wp--style--root--padding-right, var(--wp--custom--gap--horizontal)))\" aria-hidden=\"true\" class=\"wp-block-spacer\"><\/div>\n\n\n\n<h3 class=\"wp-block-heading has-text-align-center\">\n\t\tKupuj nowo\u015bci\t<\/h3>\n\n\n\n<div style=\"height:var(--wp--preset--spacing--20)\" aria-hidden=\"true\" class=\"wp-block-spacer\"><\/div>\n\n\n\n<div class=\"wp-block-group alignwide\"><div class=\"wp-block-group__inner-container is-layout-constrained wp-block-group-is-layout-constrained\">\n<div data-wp-context=\"{&quot;notices&quot;:[],&quot;hideNextPreviousButtons&quot;:false,&quot;isDisabledPrevious&quot;:true,&quot;isDisabledNext&quot;:false,&quot;ariaLabelPrevious&quot;:&quot;Przewi\\u0144 produkty w lewo&quot;,&quot;ariaLabelNext&quot;:&quot;Przewi\\u0144 produkty w prawo&quot;}\" data-wp-init=\"callbacks.onRender\" data-wp-interactive=\"woocommerce\/product-collection\" data-wp-router-region=\"wc-product-collection-3\" data-__private-preview-state=\"{&quot;isPreview&quot;:false,&quot;previewMessage&quot;:&quot;Rzeczywiste produkty b\\u0119d\\u0105 si\\u0119 r\\u00f3\\u017cni\\u0107 w zale\\u017cno\\u015bci od przegl\\u0105danej strony.&quot;}\" data-block-name=\"woocommerce\/product-collection\" data-dimensions=\"{&quot;widthType&quot;:&quot;fill&quot;,&quot;fixedWidth&quot;:&quot;&quot;}\" data-display-layout=\"{&quot;type&quot;:&quot;flex&quot;,&quot;columns&quot;:5}\" data-query-context-includes=\"[&quot;collection&quot;]\" data-query-id=\"3\" data-query=\"{&quot;perPage&quot;:5,&quot;pages&quot;:0,&quot;offset&quot;:0,&quot;postType&quot;:&quot;product&quot;,&quot;order&quot;:&quot;asc&quot;,&quot;orderBy&quot;:&quot;title&quot;,&quot;search&quot;:&quot;&quot;,&quot;exclude&quot;:[],&quot;inherit&quot;:false,&quot;taxQuery&quot;:[],&quot;isProductCollectionBlock&quot;:true,&quot;woocommerceOnSale&quot;:false,&quot;woocommerceStockStatus&quot;:[&quot;instock&quot;,&quot;outofstock&quot;,&quot;onbackorder&quot;],&quot;woocommerceAttributes&quot;:[],&quot;woocommerceHandPickedProducts&quot;:[]}\" data-tag-name=\"div\" class=\"wp-block-woocommerce-product-collection alignwide is-layout-flow wp-block-woocommerce-product-collection-is-layout-flow\">\t\t<div data-wp-interactive=\"woocommerce\/store-notices\" class=\"wc-block-components-notices alignwide\">\n\t\t\t<template data-wp-each--notice=\"state.notices\" data-wp-each-key=\"context.notice.id\">\n\t\t\t\t<div\n\t\t\t\t\tclass=\"wc-block-components-notice-banner\"\n\t\t\t\t\tdata-wp-init=\"callbacks.scrollIntoView\"\n\t\t\t\t\tdata-wp-class--is-error=\"state.isError\"\n\t\t\t\t\tdata-wp-class--is-success =\"state.isSuccess\"\n\t\t\t\t\tdata-wp-class--is-info=\"state.isInfo\"\n\t\t\t\t\tdata-wp-class--is-dismissible=\"context.notice.dismissible\"\n\t\t\t\t\tdata-wp-bind--role=\"state.role\"\n\t\t\t\t>\n\t\t\t\t\t<svg xmlns=\"http:\/\/www.w3.org\/2000\/svg\" viewBox=\"0 0 24 24\" width=\"24\" height=\"24\" aria-hidden=\"true\" focusable=\"false\">\n\t\t\t\t\t\t<path data-wp-bind--d=\"state.iconPath\"><\/path>\n\t\t\t\t\t<\/svg>\n\t\t\t\t\t<div class=\"wc-block-components-notice-banner__content\">\n\t\t\t\t\t\t<span data-wp-init=\"callbacks.renderNoticeContent\" aria-live=\"assertive\" aria-atomic=\"true\"><\/span>\n\t\t\t\t\t<\/div>\n\t\t\t\t\t<button\n\t\t\t\t\t\tdata-wp-bind--hidden=\"!context.notice.dismissible\"\n\t\t\t\t\t\tclass=\"wc-block-components-button wp-element-button wc-block-components-notice-banner__dismiss contained\"\n\t\t\t\t\t\taria-label=\"Odrzu\u0107 to powiadomienie\"\n\t\t\t\t\t\tdata-wp-on--click=\"actions.removeNotice\"\n\t\t\t\t\t>\n\t\t\t\t\t\t<svg xmlns=\"http:\/\/www.w3.org\/2000\/svg\" viewBox=\"0 0 24 24\">\n\t\t\t\t\t\t\t<path d=\"M13 11.8l6.1-6.3-1-1-6.1 6.2-6.1-6.2-1 1 6.1 6.3-6.5 6.7 1 1 6.5-6.6 6.5 6.6 1-1z\" \/>\n\t\t\t\t\t\t<\/svg>\n\t\t\t\t\t<\/button>\n\t\t\t\t<\/div>\n\t\t\t<\/template>\n\t\t<\/div>\n\t\t<ul data-block-name=\"woocommerce\/product-template\" class=\"is-flex-container columns-5 wc-block-product-template wp-block-woocommerce-product-template is-layout-flow wp-block-woocommerce-product-template-is-layout-flow\" data-wp-on--scroll=\"actions.watchScroll\" data-wp-init=\"callbacks.initResizeObserver\"><li class=\"wc-block-product post-11855 product type-product status-publish has-post-thumbnail product_cat-akcesoria-karawaningowe product_cat-klimatyzacja first instock shipping-taxable purchasable product-type-simple\"\n\t\t\t\t\t\n\t\t\t\tdata-wp-interactive=\"woocommerce\/product-collection\"\n\t\t\t\tdata-wp-context='{\"productId\":11855}'\n\t\t\t\tdata-wp-key=\"product-item-11855\"\n\t\t\t\n\t\t\t\t>\n\t\t\t\t\t\n<div data-aspect-ratio=\"1\" data-block-name=\"woocommerce\/product-image\" data-is-descendent-of-query-loop=\"true\" data-show-sale-badge=\"false\" class=\"wc-block-components-product-image wc-block-grid__product-image wc-block-components-product-image--aspect-ratio-1 wp-block-woocommerce-product-image\"><a href=\"https:\/\/truckpol.eu\/?product=adapter-do-montazu-okna-dachowego-lub-wentylatora-fiat-ducato-6-szt\" style=\"\" data-wp-on--click=\"woocommerce\/product-collection::actions.viewProduct\"><img fetchpriority=\"high\" decoding=\"async\" width=\"600\" height=\"338\" src=\"https:\/\/truckpol.eu\/wp-content\/uploads\/2026\/03\/adapter-2-600x338.jpg\" class=\"attachment-woocommerce_single size-woocommerce_single\" alt=\"Adapter do monta\u017cu okna dachowego lub wentylatora Fiat Ducato 6 szt\" data-testid=\"product-image\" data-image-id=\"11856\" style=\"object-fit:cover;aspect-ratio:1;\" srcset=\"https:\/\/truckpol.eu\/wp-content\/uploads\/2026\/03\/adapter-2-600x338.jpg 600w, https:\/\/truckpol.eu\/wp-content\/uploads\/2026\/03\/adapter-2-300x169.jpg 300w, https:\/\/truckpol.eu\/wp-content\/uploads\/2026\/03\/adapter-2-1024x576.jpg 1024w, https:\/\/truckpol.eu\/wp-content\/uploads\/2026\/03\/adapter-2-768x432.jpg 768w, https:\/\/truckpol.eu\/wp-content\/uploads\/2026\/03\/adapter-2-1536x864.jpg 1536w, https:\/\/truckpol.eu\/wp-content\/uploads\/2026\/03\/adapter-2-2048x1152.jpg 2048w\" sizes=\"(max-width: 600px) 100vw, 600px\" \/><div class=\"wc-block-components-product-image__inner-container\">\n\n<\/div><\/a><\/div>\n\n<h2 style=\"line-height:1.4;\" class=\"has-text-align-left wp-block-post-title has-medium-font-size\"><a data-wp-on--click=\"woocommerce\/product-collection::actions.viewProduct\" href=\"https:\/\/truckpol.eu\/?product=adapter-do-montazu-okna-dachowego-lub-wentylatora-fiat-ducato-6-szt\" target=\"_self\" >Adapter do monta\u017cu okna dachowego lub wentylatora Fiat Ducato 6 szt<\/a><\/h2>\n\n<div data-block-name=\"woocommerce\/product-price\" data-font-size=\"small\" data-is-descendent-of-query-loop=\"true\" data-text-align=\"left\" class=\"wp-block-woocommerce-product-price\" ><div class=\"wc-block-components-product-price wc-block-grid__product-price has-text-align-left has-font-size has-small-font-size has-text-align-left\" style=\"\" >\n\t\t\t\t\t<span class=\"woocommerce-Price-amount amount\"><bdi>85,00&nbsp;<span class=\"woocommerce-Price-currencySymbol\">&#122;&#322;<\/span><\/bdi><\/span>\n\t\t\t\t<\/div><\/div>\n\n\t\t\t\t<\/li><li class=\"wc-block-product post-227 product type-product status-publish has-post-thumbnail product_cat-bez-kategorii product_shipping_class-mala  instock shipping-taxable purchasable product-type-simple\"\n\t\t\t\t\t\n\t\t\t\tdata-wp-interactive=\"woocommerce\/product-collection\"\n\t\t\t\tdata-wp-context='{\"productId\":227}'\n\t\t\t\tdata-wp-key=\"product-item-227\"\n\t\t\t\n\t\t\t\t>\n\t\t\t\t\t\n<div data-aspect-ratio=\"1\" data-block-name=\"woocommerce\/product-image\" data-is-descendent-of-query-loop=\"true\" data-show-sale-badge=\"false\" class=\"wc-block-components-product-image wc-block-grid__product-image wc-block-components-product-image--aspect-ratio-1 wp-block-woocommerce-product-image\"><a href=\"https:\/\/truckpol.eu\/?product=belka-ostrzegawcza-lampa-ostrzegawcza-kogut-12v-24v-pomoc-drogowa\" style=\"\" data-wp-on--click=\"woocommerce\/product-collection::actions.viewProduct\"><img decoding=\"async\" width=\"600\" height=\"600\" src=\"https:\/\/truckpol.eu\/wp-content\/uploads\/2025\/11\/obraz_2025-11-24_205514791-600x600.png\" class=\"attachment-woocommerce_single size-woocommerce_single\" alt=\"Belka ostrzegawcza lampa ostrzegawcza kogut 12v\/24v POMOC DROGOWA\" data-testid=\"product-image\" data-image-id=\"228\" style=\"object-fit:cover;aspect-ratio:1;\" srcset=\"https:\/\/truckpol.eu\/wp-content\/uploads\/2025\/11\/obraz_2025-11-24_205514791-600x600.png 600w, https:\/\/truckpol.eu\/wp-content\/uploads\/2025\/11\/obraz_2025-11-24_205514791-300x300.png 300w, https:\/\/truckpol.eu\/wp-content\/uploads\/2025\/11\/obraz_2025-11-24_205514791-150x150.png 150w, https:\/\/truckpol.eu\/wp-content\/uploads\/2025\/11\/obraz_2025-11-24_205514791-100x100.png 100w, https:\/\/truckpol.eu\/wp-content\/uploads\/2025\/11\/obraz_2025-11-24_205514791.png 700w\" sizes=\"(max-width: 600px) 100vw, 600px\" \/><div class=\"wc-block-components-product-image__inner-container\">\n\n<\/div><\/a><\/div>\n\n<h2 style=\"line-height:1.4;\" class=\"has-text-align-left wp-block-post-title has-medium-font-size\"><a data-wp-on--click=\"woocommerce\/product-collection::actions.viewProduct\" href=\"https:\/\/truckpol.eu\/?product=belka-ostrzegawcza-lampa-ostrzegawcza-kogut-12v-24v-pomoc-drogowa\" target=\"_self\" >Belka ostrzegawcza lampa ostrzegawcza kogut 12v\/24v POMOC DROGOWA<\/a><\/h2>\n\n<div data-block-name=\"woocommerce\/product-price\" data-font-size=\"small\" data-is-descendent-of-query-loop=\"true\" data-text-align=\"left\" class=\"wp-block-woocommerce-product-price\" ><div class=\"wc-block-components-product-price wc-block-grid__product-price has-text-align-left has-font-size has-small-font-size has-text-align-left\" style=\"\" >\n\t\t\t\t\t<span class=\"woocommerce-Price-amount amount\"><bdi>810,00&nbsp;<span class=\"woocommerce-Price-currencySymbol\">&#122;&#322;<\/span><\/bdi><\/span>\n\t\t\t\t<\/div><\/div>\n\n\t\t\t\t<\/li><li class=\"wc-block-product post-250 product type-product status-publish has-post-thumbnail product_cat-bez-kategorii product_shipping_class-mala last instock shipping-taxable purchasable product-type-simple\"\n\t\t\t\t\t\n\t\t\t\tdata-wp-interactive=\"woocommerce\/product-collection\"\n\t\t\t\tdata-wp-context='{\"productId\":250}'\n\t\t\t\tdata-wp-key=\"product-item-250\"\n\t\t\t\n\t\t\t\t>\n\t\t\t\t\t\n<div data-aspect-ratio=\"1\" data-block-name=\"woocommerce\/product-image\" data-is-descendent-of-query-loop=\"true\" data-show-sale-badge=\"false\" class=\"wc-block-components-product-image wc-block-grid__product-image wc-block-components-product-image--aspect-ratio-1 wp-block-woocommerce-product-image\"><a href=\"https:\/\/truckpol.eu\/?product=belka-ostrzegawcza-pomaranczowa-led-1223x218mm-r10-r65-z-wlacznikiem\" style=\"\" data-wp-on--click=\"woocommerce\/product-collection::actions.viewProduct\"><img decoding=\"async\" width=\"600\" height=\"600\" src=\"https:\/\/truckpol.eu\/wp-content\/uploads\/2025\/11\/obraz_2025-11-24_211619023-600x600.png\" class=\"attachment-woocommerce_single size-woocommerce_single\" alt=\"Belka ostrzegawcza pomara\u0144czowa LED 1223x218mm R10 R65 z w\u0142\u0105cznikiem\" data-testid=\"product-image\" data-image-id=\"251\" style=\"object-fit:cover;aspect-ratio:1;\" srcset=\"https:\/\/truckpol.eu\/wp-content\/uploads\/2025\/11\/obraz_2025-11-24_211619023-600x600.png 600w, https:\/\/truckpol.eu\/wp-content\/uploads\/2025\/11\/obraz_2025-11-24_211619023-300x300.png 300w, https:\/\/truckpol.eu\/wp-content\/uploads\/2025\/11\/obraz_2025-11-24_211619023-150x150.png 150w, https:\/\/truckpol.eu\/wp-content\/uploads\/2025\/11\/obraz_2025-11-24_211619023-100x100.png 100w, https:\/\/truckpol.eu\/wp-content\/uploads\/2025\/11\/obraz_2025-11-24_211619023.png 700w\" sizes=\"(max-width: 600px) 100vw, 600px\" \/><div class=\"wc-block-components-product-image__inner-container\">\n\n<\/div><\/a><\/div>\n\n<h2 style=\"line-height:1.4;\" class=\"has-text-align-left wp-block-post-title has-medium-font-size\"><a data-wp-on--click=\"woocommerce\/product-collection::actions.viewProduct\" href=\"https:\/\/truckpol.eu\/?product=belka-ostrzegawcza-pomaranczowa-led-1223x218mm-r10-r65-z-wlacznikiem\" target=\"_self\" >Belka ostrzegawcza pomara\u0144czowa LED 1223x218mm R10 R65 z w\u0142\u0105cznikiem<\/a><\/h2>\n\n<div data-block-name=\"woocommerce\/product-price\" data-font-size=\"small\" data-is-descendent-of-query-loop=\"true\" data-text-align=\"left\" class=\"wp-block-woocommerce-product-price\" ><div class=\"wc-block-components-product-price wc-block-grid__product-price has-text-align-left has-font-size has-small-font-size has-text-align-left\" style=\"\" >\n\t\t\t\t\t<span class=\"woocommerce-Price-amount amount\"><bdi>1 230,00&nbsp;<span class=\"woocommerce-Price-currencySymbol\">&#122;&#322;<\/span><\/bdi><\/span>\n\t\t\t\t<\/div><\/div>\n\n\t\t\t\t<\/li><li class=\"wc-block-product post-11821 product type-product status-publish has-post-thumbnail product_brand-president product_cat-cb-radio first instock shipping-taxable purchasable product-type-simple\"\n\t\t\t\t\t\n\t\t\t\tdata-wp-interactive=\"woocommerce\/product-collection\"\n\t\t\t\tdata-wp-context='{\"productId\":11821}'\n\t\t\t\tdata-wp-key=\"product-item-11821\"\n\t\t\t\n\t\t\t\t>\n\t\t\t\t\t\n<div data-aspect-ratio=\"1\" data-block-name=\"woocommerce\/product-image\" data-is-descendent-of-query-loop=\"true\" data-show-sale-badge=\"false\" class=\"wc-block-components-product-image wc-block-grid__product-image wc-block-components-product-image--aspect-ratio-1 wp-block-woocommerce-product-image\"><a href=\"https:\/\/truckpol.eu\/?product=cb-radio-president-bill-asc-am-fm-multikolor\" style=\"\" data-wp-on--click=\"woocommerce\/product-collection::actions.viewProduct\"><img loading=\"lazy\" decoding=\"async\" width=\"600\" height=\"251\" src=\"https:\/\/truckpol.eu\/wp-content\/uploads\/2026\/01\/i-president-bill1-600x251.webp\" class=\"attachment-woocommerce_single size-woocommerce_single\" alt=\"CB Radio President BILL ASC AM\/FM multikolor\" data-testid=\"product-image\" data-image-id=\"11822\" style=\"object-fit:cover;aspect-ratio:1;\" srcset=\"https:\/\/truckpol.eu\/wp-content\/uploads\/2026\/01\/i-president-bill1-600x251.webp 600w, https:\/\/truckpol.eu\/wp-content\/uploads\/2026\/01\/i-president-bill1-300x125.webp 300w, https:\/\/truckpol.eu\/wp-content\/uploads\/2026\/01\/i-president-bill1-1024x428.webp 1024w, https:\/\/truckpol.eu\/wp-content\/uploads\/2026\/01\/i-president-bill1-768x321.webp 768w, https:\/\/truckpol.eu\/wp-content\/uploads\/2026\/01\/i-president-bill1-1536x642.webp 1536w, https:\/\/truckpol.eu\/wp-content\/uploads\/2026\/01\/i-president-bill1.webp 1896w\" sizes=\"(max-width: 600px) 100vw, 600px\" \/><div class=\"wc-block-components-product-image__inner-container\">\n\n<\/div><\/a><\/div>\n\n<h2 style=\"line-height:1.4;\" class=\"has-text-align-left wp-block-post-title has-medium-font-size\"><a data-wp-on--click=\"woocommerce\/product-collection::actions.viewProduct\" href=\"https:\/\/truckpol.eu\/?product=cb-radio-president-bill-asc-am-fm-multikolor\" target=\"_self\" >CB Radio President BILL ASC AM\/FM multikolor<\/a><\/h2>\n\n<div data-block-name=\"woocommerce\/product-price\" data-font-size=\"small\" data-is-descendent-of-query-loop=\"true\" data-text-align=\"left\" class=\"wp-block-woocommerce-product-price\" ><div class=\"wc-block-components-product-price wc-block-grid__product-price has-text-align-left has-font-size has-small-font-size has-text-align-left\" style=\"\" >\n\t\t\t\t\t<span class=\"woocommerce-Price-amount amount\"><bdi>420,00&nbsp;<span class=\"woocommerce-Price-currencySymbol\">&#122;&#322;<\/span><\/bdi><\/span>\n\t\t\t\t<\/div><\/div>\n\n\t\t\t\t<\/li><li class=\"wc-block-product post-11825 product type-product status-publish has-post-thumbnail product_brand-president product_cat-cb-radio  instock shipping-taxable purchasable product-type-simple\"\n\t\t\t\t\t\n\t\t\t\tdata-wp-interactive=\"woocommerce\/product-collection\"\n\t\t\t\tdata-wp-context='{\"productId\":11825}'\n\t\t\t\tdata-wp-key=\"product-item-11825\"\n\t\t\t\n\t\t\t\t>\n\t\t\t\t\t\n<div data-aspect-ratio=\"1\" data-block-name=\"woocommerce\/product-image\" data-is-descendent-of-query-loop=\"true\" data-show-sale-badge=\"false\" class=\"wc-block-components-product-image wc-block-grid__product-image wc-block-components-product-image--aspect-ratio-1 wp-block-woocommerce-product-image\"><a href=\"https:\/\/truckpol.eu\/?product=cb-radio-president-jimmy-3-iii-12v-jimmy-asc-nowy-model\" style=\"\" data-wp-on--click=\"woocommerce\/product-collection::actions.viewProduct\"><img loading=\"lazy\" decoding=\"async\" width=\"600\" height=\"600\" src=\"https:\/\/truckpol.eu\/wp-content\/uploads\/2026\/01\/CB-RADIO-President-Jimmy-3-III-12V-JIMMY-ASC-nowy-model-w-ofercie-PRESIDENT-Marka-President-600x600.jpg\" class=\"attachment-woocommerce_single size-woocommerce_single\" alt=\"CB RADIO President Jimmy 3 III 12V JIMMY ASC nowy model\" data-testid=\"product-image\" data-image-id=\"11831\" style=\"object-fit:cover;aspect-ratio:1;\" srcset=\"https:\/\/truckpol.eu\/wp-content\/uploads\/2026\/01\/CB-RADIO-President-Jimmy-3-III-12V-JIMMY-ASC-nowy-model-w-ofercie-PRESIDENT-Marka-President-600x600.jpg 600w, https:\/\/truckpol.eu\/wp-content\/uploads\/2026\/01\/CB-RADIO-President-Jimmy-3-III-12V-JIMMY-ASC-nowy-model-w-ofercie-PRESIDENT-Marka-President-300x300.jpg 300w, https:\/\/truckpol.eu\/wp-content\/uploads\/2026\/01\/CB-RADIO-President-Jimmy-3-III-12V-JIMMY-ASC-nowy-model-w-ofercie-PRESIDENT-Marka-President-1024x1024.jpg 1024w, https:\/\/truckpol.eu\/wp-content\/uploads\/2026\/01\/CB-RADIO-President-Jimmy-3-III-12V-JIMMY-ASC-nowy-model-w-ofercie-PRESIDENT-Marka-President-150x150.jpg 150w, https:\/\/truckpol.eu\/wp-content\/uploads\/2026\/01\/CB-RADIO-President-Jimmy-3-III-12V-JIMMY-ASC-nowy-model-w-ofercie-PRESIDENT-Marka-President-768x768.jpg 768w, https:\/\/truckpol.eu\/wp-content\/uploads\/2026\/01\/CB-RADIO-President-Jimmy-3-III-12V-JIMMY-ASC-nowy-model-w-ofercie-PRESIDENT-Marka-President-100x100.jpg 100w, https:\/\/truckpol.eu\/wp-content\/uploads\/2026\/01\/CB-RADIO-President-Jimmy-3-III-12V-JIMMY-ASC-nowy-model-w-ofercie-PRESIDENT-Marka-President.jpg 1200w\" sizes=\"(max-width: 600px) 100vw, 600px\" \/><div class=\"wc-block-components-product-image__inner-container\">\n\n<\/div><\/a><\/div>\n\n<h2 style=\"line-height:1.4;\" class=\"has-text-align-left wp-block-post-title has-medium-font-size\"><a data-wp-on--click=\"woocommerce\/product-collection::actions.viewProduct\" href=\"https:\/\/truckpol.eu\/?product=cb-radio-president-jimmy-3-iii-12v-jimmy-asc-nowy-model\" target=\"_self\" >CB RADIO President Jimmy 3 III 12V JIMMY ASC nowy model<\/a><\/h2>\n\n<div data-block-name=\"woocommerce\/product-price\" data-font-size=\"small\" data-is-descendent-of-query-loop=\"true\" data-text-align=\"left\" class=\"wp-block-woocommerce-product-price\" ><div class=\"wc-block-components-product-price wc-block-grid__product-price has-text-align-left has-font-size has-small-font-size has-text-align-left\" style=\"\" >\n\t\t\t\t\t<span class=\"woocommerce-Price-amount amount\"><bdi>199,00&nbsp;<span class=\"woocommerce-Price-currencySymbol\">&#122;&#322;<\/span><\/bdi><\/span>\n\t\t\t\t<\/div><\/div>\n\n\t\t\t\t<\/li><\/ul><\/div>\n\n\n\n<div class=\"wp-block-buttons alignwide is-content-justification-center is-layout-flex wp-container-core-buttons-is-layout-28206b41 wp-block-buttons-is-layout-flex\">\n<div class=\"wp-block-button\"><a class=\"wp-block-button__link has-text-align-center wp-element-button\" href=\"https:\/\/truckpol.eu\/sklep\/\">Sprawd\u017a wszystko<\/a><\/div>\n<\/div>\n<\/div><\/div>\n\n\n\n<div style=\"height:calc( 0.25 * var(--wp--style--root--padding-right, var(--wp--custom--gap--horizontal)))\" aria-hidden=\"true\" class=\"wp-block-spacer\"><\/div>\n<\/div><\/div>\n\n\n\n<p><\/p>\n","protected":false},"excerpt":{"rendered":"<p>Masz pytania? Skontaktuj si\u0119 z nami! W PUH TRUCK-POL Pawe\u0142 Nadbrzeski cenimy sobie bezpo\u015bredni kontakt z klientem. Niezale\u017cnie od tego, czy potrzebujesz fachowej porady, informacji o zam\u00f3wieniu, czy po prostu masz pytania \u2013 jeste\u015bmy do Twojej dyspozycji. Skontaktuj si\u0119 z nami w najdogodniejszy dla Ciebie spos\u00f3b: \ud83d\udcde Telefon i \ud83d\udce7 E-mail Nasi doradcy s\u0105 dost\u0119pni,<\/p>\n<div class=\"more-link\">\n\t\t\t\t <a href=\"https:\/\/truckpol.eu\/?page_id=9\" class=\"link-btn\"><span>Czytaj dalej <\/span> <i class=\"icofont-thin-double-right\"><\/i><\/a>\n\t\t\t<\/div>\n","protected":false},"author":1,"featured_media":0,"parent":0,"menu_order":0,"comment_status":"closed","ping_status":"closed","template":"","meta":{"footnotes":""},"class_list":["post-9","page","type-page","status-publish","hentry"],"aioseo_notices":[],"jetpack_sharing_enabled":true,"_links":{"self":[{"href":"https:\/\/truckpol.eu\/index.php?rest_route=\/wp\/v2\/pages\/9","targetHints":{"allow":["GET"]}}],"collection":[{"href":"https:\/\/truckpol.eu\/index.php?rest_route=\/wp\/v2\/pages"}],"about":[{"href":"https:\/\/truckpol.eu\/index.php?rest_route=\/wp\/v2\/types\/page"}],"author":[{"embeddable":true,"href":"https:\/\/truckpol.eu\/index.php?rest_route=\/wp\/v2\/users\/1"}],"replies":[{"embeddable":true,"href":"https:\/\/truckpol.eu\/index.php?rest_route=%2Fwp%2Fv2%2Fcomments&post=9"}],"version-history":[{"count":11,"href":"https:\/\/truckpol.eu\/index.php?rest_route=\/wp\/v2\/pages\/9\/revisions"}],"predecessor-version":[{"id":384,"href":"https:\/\/truckpol.eu\/index.php?rest_route=\/wp\/v2\/pages\/9\/revisions\/384"}],"wp:attachment":[{"href":"https:\/\/truckpol.eu\/index.php?rest_route=%2Fwp%2Fv2%2Fmedia&parent=9"}],"curies":[{"name":"wp","href":"https:\/\/api.w.org\/{rel}","templated":true}]}}