{"id":11762,"date":"2025-12-17T20:16:43","date_gmt":"2025-12-17T19:16:43","guid":{"rendered":"https:\/\/truckpol.eu\/?post_type=product&#038;p=11762"},"modified":"2025-12-17T20:16:43","modified_gmt":"2025-12-17T19:16:43","slug":"modul-haka-wh3q-cs-g8-long-out","status":"publish","type":"product","link":"https:\/\/truckpol.eu\/?product=modul-haka-wh3q-cs-g8-long-out","title":{"rendered":"Modu\u0142 haka WH3Q-CS-G8-LONG-OUT"},"content":{"rendered":"<p>Najnowsza generacja cyfrowego modu\u0142u WH3Q-CS w zestawie z gniazdem 13-pinowym ale z 8 przewodami (do o\u015bwietlenia przyczepy). Zestaw zawiera komplet akcesori\u00f3w niezb\u0119dnych do monta\u017cu modu\u0142u do instalacji elektrycznej pojazdu.<br \/>\n<strong>Wyr\u00f3\u017cnikiem zestawu jest g\u0142\u00f3wna wi\u0105zka do gniazda przyczepy (od modu\u0142u) o d\u0142ugo\u015bci a\u017c 8 metr\u00f3w.<\/strong>\u00a0 Dzi\u0119ki temu zestaw jest dedykowany pojazdom o wyd\u0142u\u017conej konstrukcji, gdzie modu\u0142 nale\u017cy montowa\u0107 w kabinie pojazdu (gdzie te\u017c powinny by\u0107 dost\u0119pne przewody sygna\u0142owe do tylnych lamp samochodu). Przyk\u0142adowo s\u0105 to samochody typu Pick-up, Kamper czy nawet dostawcze typu &#8222;rama&#8221;.<\/p>\n<p>&nbsp;<\/p>\n<p>Nowo\u015bci\u0105 modu\u0142u serii &#8222;CS&#8221; jest wbudowany uk\u0142ad sterowania obwodem \u0142adowania akumulatora przyczepy &#8211; a co za tym idzie &#8211; nie jest ju\u017c wymagany dodatkowy modu\u0142 ICM. Jest to istotne przy ewentualnej (p\u00f3\u017aniejszej) rozbudowie instalacji do &#8222;pe\u0142nych 13-pin&#8221; za pomoc\u0105\u00a0<a title=\"Przejd\u017a do...\" href=\"https:\/\/www.quasarelectronics.pl\/pl\/wiazki-do-hakow-holowniczych\/akcesoria-do-wiazek-haka\/g13-power-kit\/g13-relay-ext-kit-long-out\/\" target=\"_blank\" rel=\"noopener noreferrer\"><strong>G13-RELAY-EXT-KIT-LONG-OUT<\/strong>.<\/a><\/p>\n<p>&nbsp;<\/p>\n<p>Modu\u0142 posiada standardowe funkcjonalno\u015bci, czyli poza funkcjami podstawowymi zapewnia m.in.:<\/p>\n<ul>\n<li>sygnalizacj\u0119 d\u017awi\u0119kow\u0105 wykrycia pod\u0142\u0105czonej przyczepy;<\/li>\n<li>mo\u017cliwo\u015b\u0107 wy\u0142\u0105czenia centralki czujnik\u00f3w parkowania (PDC);<\/li>\n<li><a title=\"Jak to dzia\u0142a? Zobacz film...\" href=\"https:\/\/www.youtube.com\/watch?v=IcZzRt_tbSI\" target=\"_blank\" rel=\"noopener noreferrer\"><strong>sekwencyjne sterowanie<\/strong><\/a>\u00a0\u015bwiat\u0142em przeciwmg\u0142owym (54G) w samochodzie pozostawiaj\u0105c za\u0142\u0105czone na przyczepie;<\/li>\n<li>sygnalizacj\u0119 niesprawnych \u017car\u00f3wek kierunkowskaz\u00f3w przyczepy (Blink Control) sygna\u0142em d\u017awi\u0119kowym z buzzera;<\/li>\n<li>za\u0142\u0105czanie obwodu \u0142adowania akumulatora przyczepy wy\u0142\u0105cznie podczas pracy silnika samochodu gdy jest pod\u0142\u0105czona przyczepa &#8211; po zastosowaniu\u00a0<a title=\"Przejd\u017a do...\" href=\"https:\/\/www.quasarelectronics.pl\/pl\/wiazki-do-hakow-holowniczych\/akcesoria-do-wiazek-haka\/g13-power-kit\/g13-relay-ext-kit-long-out\/\" target=\"_blank\" rel=\"noopener noreferrer\"><strong>G13-RELAY-EXT-KIT-LONG-OUT<\/strong><\/a>.<\/li>\n<\/ul>\n<p>&nbsp;<\/p>\n<div>Do modu\u0142u mo\u017cna pod\u0142\u0105czy\u0107 (opcjonaln\u0105)\u00a0<a title=\"Przejd\u017a do...\" href=\"https:\/\/www.quasarelectronics.pl\/pl\/wiazki-do-hakow-holowniczych\/wiazki-i-akcesoria-do-autolawet-i-samochodow-dostawczych-typu-rama\/akcesoria-i-moduly-do-autolawet-i-dostawczych\/led-rgy-300\/\" target=\"_blank\" rel=\"noopener noreferrer\"><strong>LED-RGY-300<\/strong><\/a>\u00a0kontrolk\u0119 informacyjn\u0105 (LED 3 kolory), kt\u00f3ra sygnalizuje:<\/div>\n<ul>\n<li>pod\u0142\u0105czenie przyczepy;<\/li>\n<li>przepalenie \u017car\u00f3wek kierunkowskazu przyczepy;<\/li>\n<li>w\u0142\u0105czenie \u015bwiat\u0142a przeciwmg\u0142owego przyczepy;<\/li>\n<li>status \u0142adowania akumulatora przyczepy kempingowej (gdy jest\u00a0<a title=\"Przejd\u017a do...\" href=\"https:\/\/www.quasarelectronics.pl\/pl\/wiazki-do-hakow-holowniczych\/akcesoria-do-wiazek-haka\/g13-power-kit\/g13-relay-ext-kit-long-out\/\" target=\"_blank\" rel=\"noopener noreferrer\"><strong>G13-RELAY-EXT-KIT-LONG-OUT<\/strong><\/a>).<\/li>\n<\/ul>\n","protected":false},"excerpt":{"rendered":"<p>Najnowsza generacja cyfrowego modu\u0142u WH3Q-CS w zestawie z gniazdem 13-pinowym ale z 8 przewodami (do o\u015bwietlenia przyczepy). Zestaw zawiera komplet akcesori\u00f3w niezb\u0119dnych do monta\u017cu modu\u0142u do instalacji elektrycznej pojazdu. Wyr\u00f3\u017cnikiem zestawu jest g\u0142\u00f3wna wi\u0105zka do gniazda przyczepy (od modu\u0142u) o d\u0142ugo\u015bci a\u017c 8 metr\u00f3w.\u00a0 Dzi\u0119ki temu zestaw jest dedykowany pojazdom o wyd\u0142u\u017conej konstrukcji, gdzie modu\u0142<\/p>\n<div class=\"more-link\">\n\t\t\t\t <a href=\"https:\/\/truckpol.eu\/?product=modul-haka-wh3q-cs-g8-long-out\" class=\"link-btn\"><span>Czytaj dalej <\/span> <i class=\"icofont-thin-double-right\"><\/i><\/a>\n\t\t\t<\/div>\n","protected":false},"featured_media":11761,"comment_status":"open","ping_status":"closed","template":"","meta":[],"product_brand":[],"product_cat":[30],"product_tag":[],"class_list":{"0":"post-11762","1":"product","2":"type-product","3":"status-publish","4":"has-post-thumbnail","6":"product_cat-modul-haka-holowniczego","7":"product_shipping_class-mala","9":"first","10":"instock","11":"shipping-taxable","12":"purchasable","13":"product-type-simple"},"aioseo_notices":[],"jetpack_sharing_enabled":true,"_links":{"self":[{"href":"https:\/\/truckpol.eu\/index.php?rest_route=\/wp\/v2\/product\/11762","targetHints":{"allow":["GET"]}}],"collection":[{"href":"https:\/\/truckpol.eu\/index.php?rest_route=\/wp\/v2\/product"}],"about":[{"href":"https:\/\/truckpol.eu\/index.php?rest_route=\/wp\/v2\/types\/product"}],"replies":[{"embeddable":true,"href":"https:\/\/truckpol.eu\/index.php?rest_route=%2Fwp%2Fv2%2Fcomments&post=11762"}],"wp:featuredmedia":[{"embeddable":true,"href":"https:\/\/truckpol.eu\/index.php?rest_route=\/wp\/v2\/media\/11761"}],"wp:attachment":[{"href":"https:\/\/truckpol.eu\/index.php?rest_route=%2Fwp%2Fv2%2Fmedia&parent=11762"}],"wp:term":[{"taxonomy":"product_brand","embeddable":true,"href":"https:\/\/truckpol.eu\/index.php?rest_route=%2Fwp%2Fv2%2Fproduct_brand&post=11762"},{"taxonomy":"product_cat","embeddable":true,"href":"https:\/\/truckpol.eu\/index.php?rest_route=%2Fwp%2Fv2%2Fproduct_cat&post=11762"},{"taxonomy":"product_tag","embeddable":true,"href":"https:\/\/truckpol.eu\/index.php?rest_route=%2Fwp%2Fv2%2Fproduct_tag&post=11762"}],"curies":[{"name":"wp","href":"https:\/\/api.w.org\/{rel}","templated":true}]}}