{"id":11793,"date":"2026-01-07T19:16:19","date_gmt":"2026-01-07T18:16:19","guid":{"rendered":"https:\/\/truckpol.eu\/?post_type=product&#038;p=11793"},"modified":"2026-01-07T19:25:37","modified_gmt":"2026-01-07T18:25:37","slug":"przetwornica-napiecia-12v-230v-2000w-4000w-sinus","status":"publish","type":"product","link":"https:\/\/truckpol.eu\/?product=przetwornica-napiecia-12v-230v-2000w-4000w-sinus","title":{"rendered":"Przetwornica napi\u0119cia 12V\/230V &#8211; 2000W\/4000W  SINUS"},"content":{"rendered":"<h5>Przetwornica FCHAO 12v\/230v o mocy sta\u0142ej 2000W a chwilowej 4000W to idealne rozwi\u0105zanie aby zapewni\u0107 Ci niezale\u017cno\u015b\u0107 energetyczn\u0105 w kamperze lub przyczepie.<br \/>\nCzysta fala sinusoidalna, inteligentne filtrowanie, nie zak\u0142\u00f3ca urz\u0105dze\u0144 elektrycznych i chroni urz\u0105dzenia elektryczne. Wydajno\u015b\u0107 konwersji jest wysoka (do 92%), a zu\u017cycie energii przez sam produkt jest niskie, co mo\u017ce znacznie wyd\u0142u\u017cy\u0107 \u017cywotno\u015b\u0107 baterii.<br \/>\n. Przetwornica dzi\u0119ki czystej SINUSOIDZIE mo\u017ce zasili\u0107 wszystkie urz\u0105dzenia elektryczne \u2013\u00a0 klimatyzacje , ekspres do kawy , telewizor , \u015bwiat\u0142a LED , monitory \u2026<br \/>\nW zestawie znajduje si\u0119 wy\u015bwietlacz parametr\u00f3w akumulatora oraz poboru pr\u0105du.<br \/>\nNa wy\u015bwietlaczu znajduje si\u0119 r\u00f3wnie\u017c w\u0142\u0105cznik , co pozwala nam schowa\u0107 przetwornice np . gdzie\u015b w okolicy akumulatora.<\/h5>\n<h5><strong>Wyj\u015bcie (Output)<\/strong><\/h5>\n<ul>\n<li><strong>Moc znamionowa (Wt):\u00a0<\/strong>2000W<\/li>\n<li><strong>Moc szczytowa (Wt):\u00a0<\/strong>4000W<\/li>\n<li><strong>Napi\u0119cie wyj\u015bciowe (AC):\u00a0<\/strong>AC 220V 230V 240V (Domy\u015blnie: 230V)<\/li>\n<li><strong>Cz\u0119stotliwo\u015b\u0107 wyj\u015bciowa (Hz):\u00a0<\/strong>50Hz\/60Hz\u00b11Hz (Domy\u015blnie: 50Hz)<\/li>\n<li><strong>Przebieg napi\u0119cia wyj\u015bciowego:\u00a0<\/strong>Czysta sinusoida<\/li>\n<li><strong>Wy\u015bwietlacz panelu:\u00a0<\/strong>LCD (ciek\u0142okrystaliczny)<\/li>\n<\/ul>\n<p>&nbsp;<\/p>\n<h5><strong>Wej\u015bcie (Input)<\/strong><\/h5>\n<ul>\n<li><strong>Napi\u0119cie akumulatora (V):\u00a0<\/strong>12V<\/li>\n<li><strong>Zakres napi\u0119cia (V):\u00a0<\/strong>DC10-15V \/<\/li>\n<li><strong>Pr\u0105d sta\u0142y (I):\u00a0<\/strong>200A<\/li>\n<li><strong>Straty bez obci\u0105\u017cenia (W):\u00a0<\/strong>\u22648,8W<\/li>\n<li><strong>Sprawno\u015b\u0107 pracy:\u00a0<\/strong>88%~92%<\/li>\n<li><strong>Rodzaj akumulatora:\u00a0<\/strong>Akumulator kwasowo-o\u0142owiowy lub litowy<\/li>\n<\/ul>\n<p>&nbsp;<\/p>\n<h5><strong>Zabezpieczenie wej\u015bcia akumulatora<\/strong><\/h5>\n<ul>\n<li><strong>Wbudowany bezpiecznik:\u00a0<\/strong>40A \u00d7 6<\/li>\n<li><strong>Wy\u0142\u0105czenie przy niskim napi\u0119ciu akumulatora:\u00a0<\/strong>10V \u00b14%<\/li>\n<li><strong>Odwrotne pod\u0142\u0105czenie akumulatora:\u00a0<\/strong>Spalony bezpiecznik wewn\u0119trzny<\/li>\n<\/ul>\n<p>&nbsp;<\/p>\n<h5><strong>Zabezpieczenia<\/strong><\/h5>\n<ul>\n<li><strong>Zabezpieczenie przed przegrzaniem<\/strong>\n<ul>\n<li>Gdy temperatura przekroczy 85\u00b0C, wyj\u015bcie AC zostanie wy\u0142\u0105czone, a alarm uruchomi si\u0119 na 5 sekund w trybie ci\u0105g\u0142ym.<\/li>\n<li>System automatycznie wznowi prac\u0119, gdy temperatura spadnie poni\u017cej 75\u00b0C.<\/li>\n<\/ul>\n<\/li>\n<li><strong>Zabezpieczenie przed przeci\u0105\u017ceniem<\/strong>\n<ul>\n<li>Obci\u0105\u017cenie &gt; 110%: alarm przez 15 sekund, po czym wyj\u015bcie AC zostanie wy\u0142\u0105czone (reset prze\u0142\u0105cznika wymagany do wznowienia).<\/li>\n<li>Obci\u0105\u017cenie &gt; 150%: wy\u0142\u0105czenie wyj\u015bcia AC w ci\u0105gu 2 sekund (reset prze\u0142\u0105cznika wymagany do wznowienia).<\/li>\n<\/ul>\n<\/li>\n<li><strong>Zabezpieczenie przed wysokim napi\u0119ciem AC<\/strong>\n<ul>\n<li>Je\u015bli napi\u0119cie wyj\u015bciowe &gt; 255V, natychmiastowe wy\u0142\u0105czenie wyj\u015bcia AC (reset prze\u0142\u0105cznika wymagany do wznowienia).<\/li>\n<\/ul>\n<\/li>\n<li><strong>Zabezpieczenie przed zwarciem wyj\u015bcia<\/strong>\n<ul>\n<li>Wy\u0142\u0105czenie w ci\u0105gu 10 sekund (reset prze\u0142\u0105cznika wymagany do wznowienia).<\/li>\n<\/ul>\n<\/li>\n<\/ul>\n<p>&nbsp;<\/p>\n<h5><strong>\u015arodowisko pracy<\/strong><\/h5>\n<ul>\n<li><strong>Temperatura pracy:\u00a0<\/strong>-25\u00b0C ~ +80\u00b0C<\/li>\n<li><strong>Temperatura otoczenia:\u00a0<\/strong>-25\u00b0C ~ +45\u00b0C<\/li>\n<li><strong>Wilgotno\u015b\u0107 pracy:\u00a0<\/strong>30% ~ 90% RH, bez kondensacji<\/li>\n<li><strong>Temperatura przechowywania:\u00a0<\/strong>-25\u00b0C ~ +70\u00b0C (na sucho)<\/li>\n<li><strong>Odporno\u015b\u0107 na wibracje:\u00a0<\/strong>10 ~ 500Hz, 2G, 10 minut\/cykl, osie X, Y, Z po 60 minut ka\u017cda<\/li>\n<li><strong>Rodzaj ch\u0142odzenia:\u00a0<\/strong>Ch\u0142odzenie powietrzem<\/li>\n<\/ul>\n<p>&nbsp;<\/p>\n<h5><strong>Kompatybilno\u015b\u0107 elektromagnetyczna<\/strong><\/h5>\n<ul>\n<li><strong>Norma bezpiecze\u0144stwa:\u00a0<\/strong>CE<\/li>\n<li><strong>Odporno\u015b\u0107 na napi\u0119cie<\/strong>\n<ul>\n<li>Bat-PG: 500VAC<\/li>\n<li>AC-FG: 1.5KVAC<\/li>\n<\/ul>\n<\/li>\n<li><strong>Rezystancja izolacji:\u00a0<\/strong>Bat-PG, AC-FG: 100M Ohm\u00f3w \/ 500VDC \/ 25\u00b0C \/ 70% RH<\/li>\n<\/ul>\n<p>&nbsp;<\/p>\n<h5><strong>Opakowanie\u00a0<\/strong><\/h5>\n<ul>\n<li><strong>Wymiary produktu:\u00a0<\/strong>340mm \u00d7 233mm \u00d7 96mm<\/li>\n<li><strong>Waga netto produktu:\u00a0<\/strong>3,40 kg<\/li>\n<li><strong>Wymiary wewn\u0119trznego opakowania:\u00a0<\/strong>430mm \u00d7 290mm \u00d7 173mm<\/li>\n<\/ul>\n","protected":false},"excerpt":{"rendered":"<p>Przetwornica FCHAO 12v\/230v o mocy sta\u0142ej 2000W a chwilowej 4000W to idealne rozwi\u0105zanie aby zapewni\u0107 Ci niezale\u017cno\u015b\u0107 energetyczn\u0105 w kamperze lub przyczepie. Czysta fala sinusoidalna, inteligentne filtrowanie, nie zak\u0142\u00f3ca urz\u0105dze\u0144 elektrycznych i chroni urz\u0105dzenia elektryczne. Wydajno\u015b\u0107 konwersji jest wysoka (do 92%), a zu\u017cycie energii przez sam produkt jest niskie, co mo\u017ce znacznie wyd\u0142u\u017cy\u0107 \u017cywotno\u015b\u0107 baterii.<\/p>\n<div class=\"more-link\">\n\t\t\t\t <a href=\"https:\/\/truckpol.eu\/?product=przetwornica-napiecia-12v-230v-2000w-4000w-sinus\" class=\"link-btn\"><span>Czytaj dalej <\/span> <i class=\"icofont-thin-double-right\"><\/i><\/a>\n\t\t\t<\/div>\n","protected":false},"featured_media":11794,"comment_status":"open","ping_status":"closed","template":"","meta":[],"product_brand":[32],"product_cat":[26],"product_tag":[],"class_list":{"0":"post-11793","1":"product","2":"type-product","3":"status-publish","4":"has-post-thumbnail","6":"product_brand-fchao","7":"product_cat-przetwornica-napiecia","8":"product_shipping_class-mala","10":"first","11":"instock","12":"shipping-taxable","13":"purchasable","14":"product-type-simple"},"aioseo_notices":[],"jetpack_sharing_enabled":true,"_links":{"self":[{"href":"https:\/\/truckpol.eu\/index.php?rest_route=\/wp\/v2\/product\/11793","targetHints":{"allow":["GET"]}}],"collection":[{"href":"https:\/\/truckpol.eu\/index.php?rest_route=\/wp\/v2\/product"}],"about":[{"href":"https:\/\/truckpol.eu\/index.php?rest_route=\/wp\/v2\/types\/product"}],"replies":[{"embeddable":true,"href":"https:\/\/truckpol.eu\/index.php?rest_route=%2Fwp%2Fv2%2Fcomments&post=11793"}],"wp:featuredmedia":[{"embeddable":true,"href":"https:\/\/truckpol.eu\/index.php?rest_route=\/wp\/v2\/media\/11794"}],"wp:attachment":[{"href":"https:\/\/truckpol.eu\/index.php?rest_route=%2Fwp%2Fv2%2Fmedia&parent=11793"}],"wp:term":[{"taxonomy":"product_brand","embeddable":true,"href":"https:\/\/truckpol.eu\/index.php?rest_route=%2Fwp%2Fv2%2Fproduct_brand&post=11793"},{"taxonomy":"product_cat","embeddable":true,"href":"https:\/\/truckpol.eu\/index.php?rest_route=%2Fwp%2Fv2%2Fproduct_cat&post=11793"},{"taxonomy":"product_tag","embeddable":true,"href":"https:\/\/truckpol.eu\/index.php?rest_route=%2Fwp%2Fv2%2Fproduct_tag&post=11793"}],"curies":[{"name":"wp","href":"https:\/\/api.w.org\/{rel}","templated":true}]}}