{"id":11802,"date":"2026-01-10T10:00:57","date_gmt":"2026-01-10T09:00:57","guid":{"rendered":"https:\/\/truckpol.eu\/?post_type=product&#038;p=11802"},"modified":"2026-01-10T10:00:57","modified_gmt":"2026-01-10T09:00:57","slug":"sledz-do-pasow-sztormowych-i-namiotow-extra-strong-38cm","status":"publish","type":"product","link":"https:\/\/truckpol.eu\/?product=sledz-do-pasow-sztormowych-i-namiotow-extra-strong-38cm","title":{"rendered":"\u015aled\u017a  do pas\u00f3w sztormowych i namiot\u00f3w  EXTRA STRONG &#8211; 38cm"},"content":{"rendered":"<div class=\"Y3BBE\" data-sfc-cp=\"\" data-hveid=\"CAIQAA\" data-complete=\"true\" data-processed=\"true\">\u015aled\u017a\u00a0<strong class=\"Yjhzub\" data-complete=\"true\" data-processed=\"true\">Extra Strong 38 cm<\/strong>\u00a0to\u00a0<mark class=\"HxTRcb\" data-complete=\"true\" data-sae=\"\">profesjonalny element monta\u017cowy, zaprojektowany z my\u015bl\u0105 o ekstremalnych warunkach pogodowych i stabilizacji du\u017cych konstrukcji turystycznych<\/mark>. Jest on powszechnie stosowany do mocowania\u00a0<strong class=\"Yjhzub\" data-complete=\"true\" data-processed=\"true\">pas\u00f3w sztormowych<\/strong>\u00a0w przedsionkach kempingowych, du\u017cych namiotach oraz markizach.<span class=\"uJ19be notranslate\" data-wiz-uids=\"xBpaTb_g,xBpaTb_h\" data-complete=\"true\" data-processed=\"true\"><span class=\"vKEkVd\" data-animation-atomic=\"\" data-wiz-attrbind=\"class=xBpaTb_f\/TKHnVd\" data-sae=\"\">\u00a0<button class=\"rBl3me\" tabindex=\"0\" data-amic=\"true\" data-icl-uuid=\"430b9314-cfd7-4e6f-ab60-e0667e2fc06e\" aria-label=\"Wy\u015bwietl powi\u0105zane materia\u0142y\" data-wiz-attrbind=\"disabled=xBpaTb_f\/C5gNJc;class=xBpaTb_f\/UpSNec\" data-ved=\"2ahUKEwi2zt3NzICSAxUwBxAIHceONwQQye0OegQIAhAC\"><\/button><\/span><\/span><\/div>\n<div class=\"Fsg96\" data-sfc-cp=\"\" data-complete=\"true\" data-processed=\"true\"><\/div>\n<div class=\"otQkpb\" role=\"heading\" aria-level=\"3\" data-animation-nesting=\"\" data-sfc-cp=\"\" data-processed=\"true\" data-sae=\"\" data-complete=\"true\">Kluczowe cechy i specyfikacja:<button class=\"rBl3me\" tabindex=\"0\" data-amic=\"true\" data-icl-uuid=\"37412b31-18d1-4912-9fd0-71c00eae6236\" aria-label=\"Wy\u015bwietl powi\u0105zane materia\u0142y\" data-wiz-attrbind=\"disabled=xBpaTb_m\/C5gNJc;class=xBpaTb_m\/UpSNec\" data-ved=\"2ahUKEwi2zt3NzICSAxUwBxAIHceONwQQye0OegQIAxAA\"><\/button><\/div>\n<ol class=\"IaGLZe VimKh\" data-complete=\"true\" data-processed=\"true\">\n<li style=\"list-style-type: none;\">\n<ol class=\"IaGLZe VimKh\" data-complete=\"true\" data-processed=\"true\">\n<li style=\"list-style-type: none;\">\n<ul class=\"KsbFXc U6u95\" data-complete=\"true\" data-processed=\"true\">\n<li data-hveid=\"CAQQAA\" data-complete=\"true\" data-sae=\"\"><span class=\"T286Pc\" data-sfc-cp=\"\" data-complete=\"true\"><strong class=\"Yjhzub\" data-complete=\"true\">D\u0142ugo\u015b\u0107:<\/strong>\u00a038 cm \u2013 zapewnia g\u0142\u0119bokie zakotwiczenie, co jest kluczowe przy du\u017cych obci\u0105\u017ceniach wiatrem.<\/span><\/li>\n<li data-hveid=\"CAQQAQ\" data-complete=\"true\" data-sae=\"\"><span class=\"T286Pc\" data-sfc-cp=\"\" data-complete=\"true\"><strong class=\"Yjhzub\" data-complete=\"true\">Materia\u0142:<\/strong>\u00a0Wysokiej jako\u015bci\u00a0<strong class=\"Yjhzub\" data-complete=\"true\">stal ocynkowana<\/strong>\u00a0(cz\u0119sto o grubo\u015bci ok. 3 mm), odporna na korozj\u0119 i uszkodzenia mechaniczne.<\/span><\/li>\n<li data-hveid=\"CAQQAg\" data-complete=\"true\" data-sae=\"\"><span class=\"T286Pc\" data-sfc-cp=\"\" data-complete=\"true\"><strong class=\"Yjhzub\" data-complete=\"true\">Konstrukcja:<\/strong>\u00a0Najcz\u0119\u015bciej wyst\u0119puje w formie\u00a0<strong class=\"Yjhzub\" data-complete=\"true\">profilu T<\/strong>\u00a0lub grubego pr\u0119ta zagi\u0119tego na g\u00f3rze, co zapobiega obracaniu si\u0119 w ziemi i u\u0142atwia wbijanie.<\/span><\/li>\n<li data-hveid=\"CAQQAw\" data-complete=\"true\" data-sae=\"\"><span class=\"T286Pc\" data-sfc-cp=\"\" data-complete=\"true\"><strong class=\"Yjhzub\" data-complete=\"true\">Zastosowanie:<\/strong>\u00a0Przeznaczony do twardego, kamienistego lub gliniastego pod\u0142o\u017ca, gdzie standardowe szpilki zawodz\u0105.<\/span><\/li>\n<li data-hveid=\"CAQQBA\" data-complete=\"true\" data-sae=\"\"><span class=\"T286Pc\" data-sfc-cp=\"\" data-complete=\"true\"><strong class=\"Yjhzub\" data-complete=\"true\">Wytrzyma\u0142o\u015b\u0107:<\/strong>\u00a0Oznaczenie &#8222;Extra Strong&#8221; wskazuje na podwy\u017cszon\u0105 odporno\u015b\u0107 na wyginanie, nawet przy u\u017cyciu m\u0142otka do wbijania w trudny teren.<\/span><span class=\"uJ19be notranslate\" data-wiz-uids=\"xBpaTb_18,xBpaTb_19\" data-complete=\"true\"><span class=\"vKEkVd\" data-animation-atomic=\"\" data-wiz-attrbind=\"class=xBpaTb_17\/TKHnVd\" data-sae=\"\">\u00a0<button class=\"rBl3me\" tabindex=\"0\" data-amic=\"true\" data-icl-uuid=\"a66b1ee4-094b-4887-a638-d95abe3426b4\" aria-label=\"Wy\u015bwietl powi\u0105zane materia\u0142y\" data-wiz-attrbind=\"disabled=xBpaTb_17\/C5gNJc;class=xBpaTb_17\/UpSNec\" data-ved=\"2ahUKEwi2zt3NzICSAxUwBxAIHceONwQQye0OegQIBBAF\"><\/button><\/span><\/span><\/li>\n<\/ul>\n<\/li>\n<\/ol>\n<\/li>\n<\/ol>\n<div class=\"Fsg96\" data-sfc-cp=\"\" data-complete=\"true\" data-processed=\"true\"><\/div>\n<div class=\"otQkpb\" role=\"heading\" aria-level=\"3\" data-animation-nesting=\"\" data-sfc-cp=\"\" data-processed=\"true\" data-sae=\"\" data-complete=\"true\">G\u0142\u00f3wne przeznaczenie:<button class=\"rBl3me\" tabindex=\"0\" data-amic=\"true\" data-icl-uuid=\"c007b376-8983-4aa2-827f-7a8a8f08f111\" aria-label=\"Wy\u015bwietl powi\u0105zane materia\u0142y\" data-wiz-attrbind=\"disabled=xBpaTb_1g\/C5gNJc;class=xBpaTb_1g\/UpSNec\" data-ved=\"2ahUKEwi2zt3NzICSAxUwBxAIHceONwQQye0OegQIBRAA\"><\/button><\/div>\n<ol class=\"IaGLZe VimKh\" data-complete=\"true\" data-processed=\"true\">\n<li style=\"list-style-type: none;\">\n<ol class=\"IaGLZe VimKh\" data-complete=\"true\" data-processed=\"true\">\n<li data-hveid=\"CAYQAA\" data-complete=\"true\" data-sae=\"\"><span class=\"T286Pc\" data-sfc-cp=\"\" data-complete=\"true\"><strong class=\"Yjhzub\" data-complete=\"true\">Zabezpieczanie pas\u00f3w sztormowych<\/strong>\u00a0w przyczepach kempingowych.<\/span><\/li>\n<li data-hveid=\"CAYQAQ\" data-complete=\"true\" data-sae=\"\"><span class=\"T286Pc\" data-sfc-cp=\"\" data-complete=\"true\">Mocowanie\u00a0<strong class=\"Yjhzub\" data-complete=\"true\">du\u017cych namiot\u00f3w rodzinnych<\/strong>\u00a0i pawilon\u00f3w ogrodowych.<\/span><\/li>\n<li data-hveid=\"CAYQAQ\" data-complete=\"true\" data-sae=\"\">Kotwiczenie konstrukcji w miejscach nara\u017conych na\u00a0<strong class=\"Yjhzub\" data-complete=\"true\">silne podmuchy wiatru<\/strong><\/li>\n<\/ol>\n<\/li>\n<\/ol>\n<p>Dane:<br \/>\n&#8211; materia\u0142: stal ocynkowana<br \/>\n&#8211; grubo\u015b\u0107 \u015bledzia: 3 mm<br \/>\n&#8211; d\u0142ugo\u015b\u0107 \u015bledzia: 380 mm<br \/>\n&#8211; \u015brednica grzybka: 18 mm<br \/>\n&#8211; d\u0142ugo\u015b\u0107 spr\u0119\u017cyny: 165 mm<br \/>\n&#8211; d\u0142ugo\u015b\u0107 ca\u0142kowita naci\u0105gu: 275 mm<\/p>\n","protected":false},"excerpt":{"rendered":"<p>\u015aled\u017a\u00a0Extra Strong 38 cm\u00a0to\u00a0profesjonalny element monta\u017cowy, zaprojektowany z my\u015bl\u0105 o ekstremalnych warunkach pogodowych i stabilizacji du\u017cych konstrukcji turystycznych. Jest on powszechnie stosowany do mocowania\u00a0pas\u00f3w sztormowych\u00a0w przedsionkach kempingowych, du\u017cych namiotach oraz markizach.\u00a0 Kluczowe cechy i specyfikacja: D\u0142ugo\u015b\u0107:\u00a038 cm \u2013 zapewnia g\u0142\u0119bokie zakotwiczenie, co jest kluczowe przy du\u017cych obci\u0105\u017ceniach wiatrem. Materia\u0142:\u00a0Wysokiej jako\u015bci\u00a0stal ocynkowana\u00a0(cz\u0119sto o grubo\u015bci ok. 3<\/p>\n<div class=\"more-link\">\n\t\t\t\t <a href=\"https:\/\/truckpol.eu\/?product=sledz-do-pasow-sztormowych-i-namiotow-extra-strong-38cm\" class=\"link-btn\"><span>Czytaj dalej <\/span> <i class=\"icofont-thin-double-right\"><\/i><\/a>\n\t\t\t<\/div>\n","protected":false},"featured_media":11803,"comment_status":"open","ping_status":"closed","template":"","meta":[],"product_brand":[],"product_cat":[33],"product_tag":[],"class_list":{"0":"post-11802","1":"product","2":"type-product","3":"status-publish","4":"has-post-thumbnail","6":"product_cat-akcesoria-karawaningowe","7":"product_shipping_class-mala","9":"first","10":"instock","11":"shipping-taxable","12":"purchasable","13":"product-type-simple"},"aioseo_notices":[],"jetpack_sharing_enabled":true,"_links":{"self":[{"href":"https:\/\/truckpol.eu\/index.php?rest_route=\/wp\/v2\/product\/11802","targetHints":{"allow":["GET"]}}],"collection":[{"href":"https:\/\/truckpol.eu\/index.php?rest_route=\/wp\/v2\/product"}],"about":[{"href":"https:\/\/truckpol.eu\/index.php?rest_route=\/wp\/v2\/types\/product"}],"replies":[{"embeddable":true,"href":"https:\/\/truckpol.eu\/index.php?rest_route=%2Fwp%2Fv2%2Fcomments&post=11802"}],"wp:featuredmedia":[{"embeddable":true,"href":"https:\/\/truckpol.eu\/index.php?rest_route=\/wp\/v2\/media\/11803"}],"wp:attachment":[{"href":"https:\/\/truckpol.eu\/index.php?rest_route=%2Fwp%2Fv2%2Fmedia&parent=11802"}],"wp:term":[{"taxonomy":"product_brand","embeddable":true,"href":"https:\/\/truckpol.eu\/index.php?rest_route=%2Fwp%2Fv2%2Fproduct_brand&post=11802"},{"taxonomy":"product_cat","embeddable":true,"href":"https:\/\/truckpol.eu\/index.php?rest_route=%2Fwp%2Fv2%2Fproduct_cat&post=11802"},{"taxonomy":"product_tag","embeddable":true,"href":"https:\/\/truckpol.eu\/index.php?rest_route=%2Fwp%2Fv2%2Fproduct_tag&post=11802"}],"curies":[{"name":"wp","href":"https:\/\/api.w.org\/{rel}","templated":true}]}}