{"id":11812,"date":"2026-01-25T19:42:48","date_gmt":"2026-01-25T18:42:48","guid":{"rendered":"https:\/\/truckpol.eu\/?post_type=product&#038;p=11812"},"modified":"2026-01-25T19:47:05","modified_gmt":"2026-01-25T18:47:05","slug":"cb-radio-president-teddy-ii-plus-2-asc-12v-24v","status":"publish","type":"product","link":"https:\/\/truckpol.eu\/?product=cb-radio-president-teddy-ii-plus-2-asc-12v-24v","title":{"rendered":"CB RADIO PRESIDENT TEDDY II PLUS 2 ASC 12V 24V"},"content":{"rendered":"<div class=\"mpof_ki myre_zn myre_8v_l m389_6m_l\">\n<div class=\"mp4t_16_s mryx_16_s mr3m_1 mli2_1 mh85_56 mh85_0_l\">\n<div class=\"mgn2_16 _0d3bd_am0a-\">\n<h2>Najnowszy model drugiej generacji z PLUSEM legendarnej marki President!<\/h2>\n<p><b>President Teddy II 2 Plus z ASC<\/b>\u00a0to radiotelefon CB z najnowszej linii produktowej marki President. Teddy II Plus to radiotelefon przeznaczony do wszystkich u\u017cytkownik\u00f3w, kt\u00f3rzy ceni\u0105 sobie przede wszystkim maksymalny komfort u\u017cytkowania. Radio zapewnia\u00a0<b>najwy\u017csz\u0105 jako\u015b\u0107 ods\u0142uchu i nadawania w ka\u017cdych warunkach<\/b>, a przy tym charakteryzuje si\u0119\u00a0<b>bardzo niewielkimi wymiarami zamkni\u0119tymi w jednej kompaktowej obudowie<\/b>, kt\u00f3re pozwol\u0105 na \u0142atwy monta\u017c w ka\u017cdym samochodzie. Polecany zar\u00f3wno zawodowym kierowcom jak i pocz\u0105tkuj\u0105cym u\u017cytkownikom CB.<\/p>\n<\/div>\n<\/div>\n<\/div>\n<div class=\"mpof_ki myre_zn myre_8v_l m389_6m_l\">\n<div class=\"mp4t_16_s mryx_16_s mr3m_1 mli2_1 mh85_56 mh85_0_l\">\n<div class=\"mgn2_16 _0d3bd_am0a-\">\n<h2>\u015awietny odbi\u00f3r dzi\u0119ki funkcji ASC &#8211; automatycznej blokadzie szum\u00f3w oraz filtrom przeciwzak\u0142\u00f3ceniowym!<\/h2>\n<p><b>CB Radio President Teddy II+ 2 Plus<\/b>\u00a0zapewnia bardzo komfortow\u0105 prac\u0119 w ka\u017cdych warunkach. Dzi\u0119ki automatycznej redukcji szum\u00f3w\u00a0<b>ASC<\/b>\u00a0&#8211; radio automatycznie dobiera optymalne ustawienia wyciszenia szum\u00f3w &#8211; bez konieczno\u015bci r\u0119cznej regulacji. Takie rozwi\u0105zanie pozwala na maksymaln\u0105 prostot\u0119 i intuicyjno\u015b\u0107 u\u017cytkowania &#8211; ca\u0142a obs\u0142uga sprawdza si\u0119 do wyboru kana\u0142u i ustawienia g\u0142o\u015bno\u015bci. Wbudowany\u00a0<b>filtr przeciwzak\u0142\u00f3ceniowy ANL<\/b>\u00a0jest w\u0142\u0105czony na sta\u0142e\u00a0natomiast\u00a0<b>filtr NB Noise Blocker<\/b>\u00a0eliminuj\u0105cy zak\u0142\u00f3cenia impulsowe mo\u017ce zosta\u0107 w\u0142\u0105czony lub wy\u0142\u0105czony w dowolnym momencie.<\/p>\n<\/div>\n<\/div>\n<div class=\"mp4t_16_s mryx_16_s mr3m_1 mli2_1 mh85_56 mh85_0_l\">\n<div class=\"mg9e_8 mj7a_8 mg9e_0_s mvrt_0_s mj7a_0_s mh36_0_s mzmg_6m munh_16_l m3h2_16_l\">\n<div class=\"mp4t_0 mryx_0 munh_56 m3h2_56\">\n<div class=\"mp7g_oh\"><button class=\"mg9e_0 mvrt_0 mj7a_0 mh36_0 mp4t_0 m3h2_0 mryx_0 munh_0 mqen_m6 mpof_z0 mx7m_0 m7er_k4 mse2_k4 msts_pt\" data-analytics-interaction=\"true\" data-analytics-interaction-label=\"zoomable-image-open\" aria-disabled=\"true\"><img decoding=\"async\" class=\"msub_k4 mupj_5k mjru_k4 mse2_k4 mp7g_f6 mq1m_0 mj7u_0 m7er_k4 mqen_m6 m31c_d8 m0ux_fp lazyloaded\" src=\"https:\/\/a.allegroimg.com\/original\/115d71\/7201a0cc4cde8d1346de5e61f7b9\" sizes=\"(min-width: 1200px) 560px, (min-width: 992px) 50vw, 100vw\" srcset=\"https:\/\/a.allegroimg.com\/s360\/115d71\/7201a0cc4cde8d1346de5e61f7b9 360w,https:\/\/a.allegroimg.com\/s720\/115d71\/7201a0cc4cde8d1346de5e61f7b9 619w,https:\/\/a.allegroimg.com\/original\/115d71\/7201a0cc4cde8d1346de5e61f7b9 619w\" alt=\"\" width=\"619px\" data-srcset=\"\" \/><\/button><\/div>\n<\/div>\n<\/div>\n<\/div>\n<\/div>\n<div class=\"mpof_ki myre_zn myre_8v_l m389_6m_l\">\n<div class=\"mp4t_16_s mryx_16_s mr3m_1 mli2_1 mh85_56 mh85_0_l\">\n<div class=\"mgn2_16 _0d3bd_am0a-\">\n<h2>7 kolor\u00f3w pod\u015bwietlenia wy\u015bwietlacza do wyboru!<\/h2>\n<p>President Teddy II+ posiada mo\u017cliwo\u015b\u0107\u00a0<b>wyboru a\u017c 7 kolor\u00f3w pod\u015bwietlenia.\u00a0<\/b>Wybrany kolor pod\u015bwietlenia ekranu mo\u017cesz w ka\u017cdej chwili samodzielnie ustawi\u0107 w urz\u0105dzeniu i dostosowa\u0107 go do pod\u015bwietlenia przycisk\u00f3w fabrycznych w samochodzie.<\/p>\n<\/div>\n<\/div>\n<\/div>\n<div class=\"mpof_ki myre_zn myre_8v_l m389_6m_l\">\n<div class=\"mp4t_16_s mryx_16_s mr3m_1 mli2_1 mh85_56 mh85_0_l\">\n<div class=\"mg9e_8 mj7a_8 mg9e_0_s mvrt_0_s mj7a_0_s mh36_0_s mzmg_6m munh_16_l m3h2_16_l\">\n<div class=\"mp4t_0 mryx_0 munh_56 m3h2_56\">\n<div class=\"mp7g_oh\"><button class=\"mg9e_0 mvrt_0 mj7a_0 mh36_0 mp4t_0 m3h2_0 mryx_0 munh_0 mqen_m6 mpof_z0 mx7m_0 m7er_k4 mse2_k4 msts_pt\" data-analytics-interaction=\"true\" data-analytics-interaction-label=\"zoomable-image-open\" aria-disabled=\"true\"><img decoding=\"async\" class=\"msub_k4 mupj_5k mjru_k4 mse2_k4 mp7g_f6 mq1m_0 mj7u_0 m7er_k4 mqen_m6 m31c_d8 m0ux_fp lazyloaded\" src=\"https:\/\/a.allegroimg.com\/original\/110fbd\/fe8d07484023909b55a8a2f85c3f\" sizes=\"(min-width: 1200px) 560px, (min-width: 992px) 50vw, 100vw\" srcset=\"https:\/\/a.allegroimg.com\/s360\/110fbd\/fe8d07484023909b55a8a2f85c3f 359w,https:\/\/a.allegroimg.com\/s720\/110fbd\/fe8d07484023909b55a8a2f85c3f 617w,https:\/\/a.allegroimg.com\/original\/110fbd\/fe8d07484023909b55a8a2f85c3f 617w\" alt=\"\" width=\"617px\" data-srcset=\"\" \/><\/button><\/div>\n<\/div>\n<\/div>\n<\/div>\n<div class=\"mp4t_16_s mryx_16_s mr3m_1 mli2_1 mh85_56 mh85_0_l\">\n<div class=\"mg9e_8 mj7a_8 mg9e_0_s mvrt_0_s mj7a_0_s mh36_0_s mzmg_6m munh_16_l m3h2_16_l\">\n<div class=\"mp4t_0 mryx_0 munh_56 m3h2_56\">\n<div class=\"mp7g_oh\"><button class=\"mg9e_0 mvrt_0 mj7a_0 mh36_0 mp4t_0 m3h2_0 mryx_0 munh_0 mqen_m6 mpof_z0 mx7m_0 m7er_k4 mse2_k4 msts_pt\" data-analytics-interaction=\"true\" data-analytics-interaction-label=\"zoomable-image-open\" aria-disabled=\"true\"><img decoding=\"async\" class=\"msub_k4 mupj_5k mjru_k4 mse2_k4 mp7g_f6 mq1m_0 mj7u_0 m7er_k4 mqen_m6 m31c_d8 m0ux_fp lazyloaded\" src=\"https:\/\/a.allegroimg.com\/original\/111328\/e93fdabd43fca3f8f06f34ac02b9\" sizes=\"(min-width: 1200px) 560px, (min-width: 992px) 50vw, 100vw\" srcset=\"https:\/\/a.allegroimg.com\/s360\/111328\/e93fdabd43fca3f8f06f34ac02b9 360w,https:\/\/a.allegroimg.com\/s720\/111328\/e93fdabd43fca3f8f06f34ac02b9 631w,https:\/\/a.allegroimg.com\/original\/111328\/e93fdabd43fca3f8f06f34ac02b9 631w\" alt=\"\" width=\"631px\" data-srcset=\"\" \/><\/button><\/div>\n<\/div>\n<\/div>\n<\/div>\n<\/div>\n<div class=\"mpof_ki myre_zn myre_8v_l m389_6m_l\">\n<div class=\"mp4t_16_s mryx_16_s mr3m_1 mli2_1 mh85_56 mh85_0_l\">\n<div class=\"mg9e_8 mj7a_8 mg9e_0_s mvrt_0_s mj7a_0_s mh36_0_s mzmg_6m munh_16_l m3h2_16_l\">\n<div class=\"mp4t_0 mryx_0 munh_56 m3h2_56\">\n<div class=\"mp7g_oh\"><button class=\"mg9e_0 mvrt_0 mj7a_0 mh36_0 mp4t_0 m3h2_0 mryx_0 munh_0 mqen_m6 mpof_z0 mx7m_0 m7er_k4 mse2_k4 msts_pt\" data-analytics-interaction=\"true\" data-analytics-interaction-label=\"zoomable-image-open\" aria-disabled=\"true\"><img decoding=\"async\" class=\"msub_k4 mupj_5k mjru_k4 mse2_k4 mp7g_f6 mq1m_0 mj7u_0 m7er_k4 mqen_m6 m31c_d8 m0ux_fp lazyloaded\" src=\"https:\/\/a.allegroimg.com\/original\/118be8\/5ea63a4a45d9bf6248fe2e8bf2dc\/ZESTAW-CB-RADIO-PRESIDENT-TEDDY-II-PLUS-2-ASC-12V-24V-ANTENA-FLORIDA-WTYK-Marka-President\" sizes=\"(min-width: 1200px) 560px, (min-width: 992px) 50vw, 100vw\" srcset=\"https:\/\/a.allegroimg.com\/s360\/118be8\/5ea63a4a45d9bf6248fe2e8bf2dc\/ZESTAW-CB-RADIO-PRESIDENT-TEDDY-II-PLUS-2-ASC-12V-24V-ANTENA-FLORIDA-WTYK-Marka-President 360w,https:\/\/a.allegroimg.com\/s720\/118be8\/5ea63a4a45d9bf6248fe2e8bf2dc\/ZESTAW-CB-RADIO-PRESIDENT-TEDDY-II-PLUS-2-ASC-12V-24V-ANTENA-FLORIDA-WTYK-Marka-President 465w,https:\/\/a.allegroimg.com\/original\/118be8\/5ea63a4a45d9bf6248fe2e8bf2dc\/ZESTAW-CB-RADIO-PRESIDENT-TEDDY-II-PLUS-2-ASC-12V-24V-ANTENA-FLORIDA-WTYK-Marka-President 465w\" alt=\"ZESTAW CB RADIO PRESIDENT TEDDY II PLUS 2 ASC 12V 24V ANTENA FLORIDA +WTYK Marka President\" width=\"465px\" data-srcset=\"\" \/><\/button><\/div>\n<\/div>\n<\/div>\n<\/div>\n<div class=\"mp4t_16_s mryx_16_s mr3m_1 mli2_1 mh85_56 mh85_0_l\">\n<div class=\"mg9e_8 mj7a_8 mg9e_0_s mvrt_0_s mj7a_0_s mh36_0_s mzmg_6m munh_16_l m3h2_16_l\">\n<div class=\"mp4t_0 mryx_0 munh_56 m3h2_56\">\n<div class=\"mp7g_oh\"><button class=\"mg9e_0 mvrt_0 mj7a_0 mh36_0 mp4t_0 m3h2_0 mryx_0 munh_0 mqen_m6 mpof_z0 mx7m_0 m7er_k4 mse2_k4 msts_pt\" data-analytics-interaction=\"true\" data-analytics-interaction-label=\"zoomable-image-open\" aria-disabled=\"true\"><img decoding=\"async\" class=\"msub_k4 mupj_5k mjru_k4 mse2_k4 mp7g_f6 mq1m_0 mj7u_0 m7er_k4 mqen_m6 m31c_d8 m0ux_fp lazyloaded\" src=\"https:\/\/a.allegroimg.com\/original\/11c0c7\/bdc8255c459a8ea28398157d1ebb\" sizes=\"(min-width: 1200px) 560px, (min-width: 992px) 50vw, 100vw\" srcset=\"https:\/\/a.allegroimg.com\/s360\/11c0c7\/bdc8255c459a8ea28398157d1ebb 360w,https:\/\/a.allegroimg.com\/s720\/11c0c7\/bdc8255c459a8ea28398157d1ebb 631w,https:\/\/a.allegroimg.com\/original\/11c0c7\/bdc8255c459a8ea28398157d1ebb 631w\" alt=\"\" width=\"631px\" data-srcset=\"\" \/><\/button><\/div>\n<\/div>\n<\/div>\n<\/div>\n<\/div>\n<div class=\"mpof_ki myre_zn myre_8v_l m389_6m_l\">\n<div class=\"mp4t_16_s mryx_16_s mr3m_1 mli2_1 mh85_56 mh85_0_l\">\n<div class=\"mg9e_8 mj7a_8 mg9e_0_s mvrt_0_s mj7a_0_s mh36_0_s mzmg_6m munh_16_l m3h2_16_l\">\n<div class=\"mp4t_0 mryx_0 munh_56 m3h2_56\">\n<div class=\"mp7g_oh\"><button class=\"mg9e_0 mvrt_0 mj7a_0 mh36_0 mp4t_0 m3h2_0 mryx_0 munh_0 mqen_m6 mpof_z0 mx7m_0 m7er_k4 mse2_k4 msts_pt\" data-analytics-interaction=\"true\" data-analytics-interaction-label=\"zoomable-image-open\" aria-disabled=\"true\"><img decoding=\"async\" class=\"msub_k4 mupj_5k mjru_k4 mse2_k4 mp7g_f6 mq1m_0 mj7u_0 m7er_k4 mqen_m6 m31c_d8 m0ux_fp lazyloaded\" src=\"https:\/\/a.allegroimg.com\/original\/111328\/e93fdabd43fca3f8f06f34ac02b9\" sizes=\"(min-width: 1200px) 560px, (min-width: 992px) 50vw, 100vw\" srcset=\"https:\/\/a.allegroimg.com\/s360\/111328\/e93fdabd43fca3f8f06f34ac02b9 360w,https:\/\/a.allegroimg.com\/s720\/111328\/e93fdabd43fca3f8f06f34ac02b9 631w,https:\/\/a.allegroimg.com\/original\/111328\/e93fdabd43fca3f8f06f34ac02b9 631w\" alt=\"\" width=\"631px\" data-srcset=\"\" \/><\/button><\/div>\n<\/div>\n<\/div>\n<\/div>\n<div class=\"mp4t_16_s mryx_16_s mr3m_1 mli2_1 mh85_56 mh85_0_l\">\n<div class=\"mgn2_16 _0d3bd_am0a-\">\n<h2>Mo\u017cliwo\u015b\u0107 pracy w dowolnym europejskim kraju &#8211; Multistandard modulacja AM i FM<\/h2>\n<p>Radio CB umo\u017cliwia prac\u0119 w modulacji\u00a0<b>AM oraz FM,<\/b>\u00a0z dost\u0119pem do standardowych\u00a0<b>40 kana\u0142\u00f3w<\/b>\u00a0(26,960 MHz &#8211; 27,405 MHz).\u00a0<b>Wbudowany multistandard<\/b>\u00a0pozwala \u0142atwo ustawi\u0107 i zapewni\u0107 bezproblemowy odbi\u00f3r komunikat\u00f3w nadawanych przez CB radio w miejscu w kt\u00f3rym aktualnie si\u0119 znajdujemy. CB Radio President Teddy 2 Plus spe\u0142nia wszystkie wymagane wymagane normy i\u00a0<b>jest dopuszczone do u\u017cytku m.in. w polskim jak i europejskim\u00a0eterze<\/b>.\u00a0\u00a0Do produkcji radia wykorzystano tylko najwy\u017cszej jako\u015bci podzespo\u0142y gwarantuj\u0105ce d\u0142ug\u0105 \u017cywotno\u015b\u0107 oraz rewelacyjn\u0105 jako\u015b\u0107 u\u017cytkowania. Radio nie potrzebuje \u017cadnych modyfikacji ani &#8222;tuningu&#8221; &#8211; w stanie fabrycznym jest gotowe do bardzo komfortowej pracy w ka\u017cdych warunkach.<\/p>\n<\/div>\n<\/div>\n<\/div>\n<div class=\"mpof_ki myre_zn myre_8v_l m389_6m_l\">\n<div class=\"mp4t_16_s mryx_16_s mr3m_1 mli2_1 mh85_56 mh85_0_l\">\n<div class=\"mg9e_8 mj7a_8 mg9e_0_s mvrt_0_s mj7a_0_s mh36_0_s mzmg_6m munh_16_l m3h2_16_l\">\n<div class=\"mp4t_0 mryx_0 munh_56 m3h2_56\">\n<div class=\"mp7g_oh\"><button class=\"mg9e_0 mvrt_0 mj7a_0 mh36_0 mp4t_0 m3h2_0 mryx_0 munh_0 mqen_m6 mpof_z0 mx7m_0 m7er_k4 mse2_k4 msts_pt\" data-analytics-interaction=\"true\" data-analytics-interaction-label=\"zoomable-image-open\" aria-disabled=\"true\"><img decoding=\"async\" class=\"msub_k4 mupj_5k mjru_k4 mse2_k4 mp7g_f6 mq1m_0 mj7u_0 m7er_k4 mqen_m6 m31c_d8 m0ux_fp lazyloaded\" src=\"https:\/\/a.allegroimg.com\/original\/110fbd\/fe8d07484023909b55a8a2f85c3f\" sizes=\"100vw\" srcset=\"https:\/\/a.allegroimg.com\/s360\/110fbd\/fe8d07484023909b55a8a2f85c3f 359w,https:\/\/a.allegroimg.com\/s720\/110fbd\/fe8d07484023909b55a8a2f85c3f 617w,https:\/\/a.allegroimg.com\/original\/110fbd\/fe8d07484023909b55a8a2f85c3f 617w\" alt=\"\" width=\"617px\" data-srcset=\"\" \/><\/button><\/div>\n<\/div>\n<\/div>\n<\/div>\n<\/div>\n<div class=\"mpof_ki myre_zn myre_8v_l m389_6m_l\">\n<div class=\"mp7g_oh\">\n<h2>Specyfikacja produktu:<\/h2>\n<ul>\n<li>Ilo\u015b\u0107 kana\u0142\u00f3w: 40<\/li>\n<li>modulacja: AM , FM<\/li>\n<li>Selektywno\u015b\u0107: 60 dB<\/li>\n<li>Moc wyj\u015bciowa: 4 W<\/li>\n<li>Cz\u0119stotliwo\u015b\u0107: 26,965 MHz &#8211; 27,405 MHz<\/li>\n<li>Impedancja anteny: 50 Om<\/li>\n<li>Szeroko\u015b\u0107: 125 mm<\/li>\n<li>Wysoko\u015b\u0107: 45 mm<\/li>\n<li>G\u0142\u0119boko\u015b\u0107: 151 mm<\/li>\n<li>Zasilanie: 13,2 V (<b>12V<\/b>) (dzia\u0142a r\u00f3wnie\u017c w\u00a0<b>instalacji 24V<\/b>\u00a0dzi\u0119ki wbudowanej przetwornicy napi\u0119cia)<\/li>\n<li>Masa: 0,6 kg<\/li>\n<li>Czu\u0142o\u015b\u0107 przy 20 dB Sinad: 0,5 uV &#8211; 113 dBm<\/li>\n<li>ASC (automatyczna blokada szum\u00f3w): tak<\/li>\n<li>VOX: tak<\/li>\n<\/ul>\n<\/div>\n<\/div>\n","protected":false},"excerpt":{"rendered":"<p>Najnowszy model drugiej generacji z PLUSEM legendarnej marki President! President Teddy II 2 Plus z ASC\u00a0to radiotelefon CB z najnowszej linii produktowej marki President. Teddy II Plus to radiotelefon przeznaczony do wszystkich u\u017cytkownik\u00f3w, kt\u00f3rzy ceni\u0105 sobie przede wszystkim maksymalny komfort u\u017cytkowania. Radio zapewnia\u00a0najwy\u017csz\u0105 jako\u015b\u0107 ods\u0142uchu i nadawania w ka\u017cdych warunkach, a przy tym charakteryzuje si\u0119\u00a0bardzo<\/p>\n<div class=\"more-link\">\n\t\t\t\t <a href=\"https:\/\/truckpol.eu\/?product=cb-radio-president-teddy-ii-plus-2-asc-12v-24v\" class=\"link-btn\"><span>Czytaj dalej <\/span> <i class=\"icofont-thin-double-right\"><\/i><\/a>\n\t\t\t<\/div>\n","protected":false},"featured_media":11819,"comment_status":"open","ping_status":"closed","template":"","meta":[],"product_brand":[35],"product_cat":[34],"product_tag":[],"class_list":{"0":"post-11812","1":"product","2":"type-product","3":"status-publish","4":"has-post-thumbnail","6":"product_brand-president","7":"product_cat-cb-radio","9":"first","10":"instock","11":"shipping-taxable","12":"purchasable","13":"product-type-simple"},"aioseo_notices":[],"jetpack_sharing_enabled":true,"_links":{"self":[{"href":"https:\/\/truckpol.eu\/index.php?rest_route=\/wp\/v2\/product\/11812","targetHints":{"allow":["GET"]}}],"collection":[{"href":"https:\/\/truckpol.eu\/index.php?rest_route=\/wp\/v2\/product"}],"about":[{"href":"https:\/\/truckpol.eu\/index.php?rest_route=\/wp\/v2\/types\/product"}],"replies":[{"embeddable":true,"href":"https:\/\/truckpol.eu\/index.php?rest_route=%2Fwp%2Fv2%2Fcomments&post=11812"}],"wp:featuredmedia":[{"embeddable":true,"href":"https:\/\/truckpol.eu\/index.php?rest_route=\/wp\/v2\/media\/11819"}],"wp:attachment":[{"href":"https:\/\/truckpol.eu\/index.php?rest_route=%2Fwp%2Fv2%2Fmedia&parent=11812"}],"wp:term":[{"taxonomy":"product_brand","embeddable":true,"href":"https:\/\/truckpol.eu\/index.php?rest_route=%2Fwp%2Fv2%2Fproduct_brand&post=11812"},{"taxonomy":"product_cat","embeddable":true,"href":"https:\/\/truckpol.eu\/index.php?rest_route=%2Fwp%2Fv2%2Fproduct_cat&post=11812"},{"taxonomy":"product_tag","embeddable":true,"href":"https:\/\/truckpol.eu\/index.php?rest_route=%2Fwp%2Fv2%2Fproduct_tag&post=11812"}],"curies":[{"name":"wp","href":"https:\/\/api.w.org\/{rel}","templated":true}]}}