{"id":11821,"date":"2026-01-25T20:23:27","date_gmt":"2026-01-25T19:23:27","guid":{"rendered":"https:\/\/truckpol.eu\/?post_type=product&#038;p=11821"},"modified":"2026-01-25T20:23:27","modified_gmt":"2026-01-25T19:23:27","slug":"cb-radio-president-bill-asc-am-fm-multikolor","status":"publish","type":"product","link":"https:\/\/truckpol.eu\/?product=cb-radio-president-bill-asc-am-fm-multikolor","title":{"rendered":"CB Radio President BILL ASC AM\/FM multikolor"},"content":{"rendered":"<p><b>President Bill ASC &#8211;\u00a0<\/b>ultra kompaktowe CB radio<\/p>\n<ul>\n<li><b>mikro CB radio idealne do dyskretnego monta\u017cu<\/b><\/li>\n<li>automatyczna blokada szum\u00f3w ASC<\/li>\n<li>gniazdo \u0142adowania USB (5V 2.1A) z przodu radia<\/li>\n<li>filtry przeciwzak\u0142\u00f3ceniowe NB, ANL, Hi Cut<\/li>\n<li>wy\u015bwietlacz kana\u0142\u00f3w oraz cz\u0119stotliwo\u015bci<\/li>\n<li><b>7 kolor\u00f3w pod\u015bwietlenia do wyboru: czerwony, zielony, niebieski, cyjan, \u017c\u00f3\u0142ty, fioletowy, jasny cyjan<\/b><\/li>\n<li>skuteczny g\u0142o\u015bnik wbudowany w korpus radia<\/li>\n<li>skaner cz\u0119stotliwo\u015bci<\/li>\n<li>mikrofon z przyciskami zmiany kana\u0142\u00f3w, bardzo elastyczny przew\u00f3d mikrofonowy<\/li>\n<li>multistandard cz\u0119stotliwo\u015bci (PL, EU, D, EC, U, I)<\/li>\n<li>prze\u0142\u0105cznik modulacji AM\/FM<\/li>\n<li>d\u017awi\u0119k klawiszy (key beep &#8211; mo\u017cna wy\u0142\u0105czy\u0107)<\/li>\n<li>roger beep (mo\u017cna wy\u0142\u0105czy\u0107)<\/li>\n<\/ul>\n<p><b>President Bill<\/b>\u00a0to ultrakompaktowe CB radio najbardziej renomowanego producenta radiotelefon\u00f3w na pasmo obywatelskie CB.<\/p>\n<p>Najmniejsze CB radio tej marki &#8211;\u00a0<b>wymiary 102 x 100 x 25 mm<\/b>. To nie jest b\u0142\u0105d w opisie &#8211; to rzeczywiste wymiary tego ultra kompaktowego CB radia.<\/p>\n<p>Skuteczna i dobrze dzia\u0142aj\u0105ca automatyczna (ASC)\u00a0i r\u0119czna blokada szum\u00f3w squelch.<\/p>\n<p>Cyfrowy wska\u017anik sygna\u0142u przychodz\u0105cego oraz wychodz\u0105cego (<b>S\/RF-metr<\/b>), wy\u015bwietlacz kana\u0142u oraz cz\u0119stotliwo\u015bci.<\/p>\n<p><b>7 kolor\u00f3w pod\u015bwietlenia do wyboru:<\/b><\/p>\n<ul>\n<li>czerwony<\/li>\n<li>zielony<\/li>\n<li>niebieski<\/li>\n<li>cyjan<\/li>\n<li>\u017c\u00f3\u0142ty<\/li>\n<li>fioletowy<\/li>\n<li>jasny cyjan.<\/li>\n<\/ul>\n<p>Filtry przeciwzak\u0142\u00f3ceniowe NB oraz ANL. Dodatkowy filtr Hi Cut\u00a0zmniejszaj\u0105cy ilo\u015b\u0107 sopran\u00f3w.<\/p>\n<p>&nbsp;<\/p>\n<p><b>Specyfikacja:<\/b><\/p>\n<ul>\n<li>cz\u0119stotliwo\u015b\u0107 pracy: 26.960-27.405 MHz<\/li>\n<li>modulacja: AM\/FM<\/li>\n<li>zasilanie: 12V<\/li>\n<li>moc nadajnika:\u00a04W AM\/FM<\/li>\n<li>impedancja wyj\u015bciowa: 50 Ohm<\/li>\n<\/ul>\n<ul>\n<li>blokada szum\u00f3w: r\u0119czna, automatyczna (ASC)<\/li>\n<li>selektywno\u015b\u0107: 60dB<\/li>\n<li>czu\u0142o\u015b\u0107: 0,5 uV &#8211; 113 dBm (AM),\u00a00,35 uV &#8211; 116 dBm (FM)<\/li>\n<\/ul>\n<ul>\n<li>wymiary zewn\u0119trzne:\u00a0<b>102 szeroko\u015b\u0107 x 100 d\u0142ugo\u015b\u0107 x 25 wysoko\u015b\u0107 mm<\/b><\/li>\n<li>waga: ok. 0,4kg<\/li>\n<li>gniazdo mikrofonowe: 6-pin<\/li>\n<li><\/li>\n<li>ZAWARTO\u015a\u0106 PRZESY\u0141KI ;<\/li>\n<li><\/li>\n<li>CB radio President\u00a0Bill ASC<\/li>\n<li>mikrofon ze zmian\u0105 kana\u0142\u00f3w<\/li>\n<li>ramka monta\u017cowa tradycyjna<\/li>\n<li>ramka monta\u017cowa do szybkiego demonta\u017cu<\/li>\n<li>\u015bruby boczne<\/li>\n<li>wieszak mikrofonowy<\/li>\n<li>zamontowany wtyk do gniazda zapalniczki<\/li>\n<li>polska instrukcja obs\u0142ugi<\/li>\n<li>deklaracja zgodno\u015bci<\/li>\n<\/ul>\n","protected":false},"excerpt":{"rendered":"<p>President Bill ASC &#8211;\u00a0ultra kompaktowe CB radio mikro CB radio idealne do dyskretnego monta\u017cu automatyczna blokada szum\u00f3w ASC gniazdo \u0142adowania USB (5V 2.1A) z przodu radia filtry przeciwzak\u0142\u00f3ceniowe NB, ANL, Hi Cut wy\u015bwietlacz kana\u0142\u00f3w oraz cz\u0119stotliwo\u015bci 7 kolor\u00f3w pod\u015bwietlenia do wyboru: czerwony, zielony, niebieski, cyjan, \u017c\u00f3\u0142ty, fioletowy, jasny cyjan skuteczny g\u0142o\u015bnik wbudowany w korpus radia<\/p>\n<div class=\"more-link\">\n\t\t\t\t <a href=\"https:\/\/truckpol.eu\/?product=cb-radio-president-bill-asc-am-fm-multikolor\" class=\"link-btn\"><span>Czytaj dalej <\/span> <i class=\"icofont-thin-double-right\"><\/i><\/a>\n\t\t\t<\/div>\n","protected":false},"featured_media":11822,"comment_status":"open","ping_status":"closed","template":"","meta":[],"product_brand":[35],"product_cat":[34],"product_tag":[],"class_list":{"0":"post-11821","1":"product","2":"type-product","3":"status-publish","4":"has-post-thumbnail","6":"product_brand-president","7":"product_cat-cb-radio","9":"first","10":"instock","11":"shipping-taxable","12":"purchasable","13":"product-type-simple"},"aioseo_notices":[],"jetpack_sharing_enabled":true,"_links":{"self":[{"href":"https:\/\/truckpol.eu\/index.php?rest_route=\/wp\/v2\/product\/11821","targetHints":{"allow":["GET"]}}],"collection":[{"href":"https:\/\/truckpol.eu\/index.php?rest_route=\/wp\/v2\/product"}],"about":[{"href":"https:\/\/truckpol.eu\/index.php?rest_route=\/wp\/v2\/types\/product"}],"replies":[{"embeddable":true,"href":"https:\/\/truckpol.eu\/index.php?rest_route=%2Fwp%2Fv2%2Fcomments&post=11821"}],"wp:featuredmedia":[{"embeddable":true,"href":"https:\/\/truckpol.eu\/index.php?rest_route=\/wp\/v2\/media\/11822"}],"wp:attachment":[{"href":"https:\/\/truckpol.eu\/index.php?rest_route=%2Fwp%2Fv2%2Fmedia&parent=11821"}],"wp:term":[{"taxonomy":"product_brand","embeddable":true,"href":"https:\/\/truckpol.eu\/index.php?rest_route=%2Fwp%2Fv2%2Fproduct_brand&post=11821"},{"taxonomy":"product_cat","embeddable":true,"href":"https:\/\/truckpol.eu\/index.php?rest_route=%2Fwp%2Fv2%2Fproduct_cat&post=11821"},{"taxonomy":"product_tag","embeddable":true,"href":"https:\/\/truckpol.eu\/index.php?rest_route=%2Fwp%2Fv2%2Fproduct_tag&post=11821"}],"curies":[{"name":"wp","href":"https:\/\/api.w.org\/{rel}","templated":true}]}}