{"id":11833,"date":"2026-02-02T20:04:22","date_gmt":"2026-02-02T19:04:22","guid":{"rendered":"https:\/\/truckpol.eu\/?post_type=product&#038;p=11833"},"modified":"2026-02-02T20:04:24","modified_gmt":"2026-02-02T19:04:24","slug":"president-harry-iii-asc-12-24v","status":"publish","type":"product","link":"https:\/\/truckpol.eu\/?product=president-harry-iii-asc-12-24v","title":{"rendered":"President Harry III ASC 12\/24V"},"content":{"rendered":"<table class=\"table_bb_font\" border=\"0\" width=\"100%\" cellspacing=\"0\" cellpadding=\"5\">\n<tbody>\n<tr>\n<td align=\"left\" valign=\"middle\" bgcolor=\"#eeeeee\" width=\"30%\">\u00a0Parametr<\/td>\n<td align=\"left\" valign=\"middle\" bgcolor=\"#eeeeee\" width=\"20%\">Warto\u015b\u0107<\/td>\n<td align=\"left\" valign=\"middle\" bgcolor=\"#eeeeee\" width=\"30%\">\u00a0Parametr<\/td>\n<td align=\"left\" valign=\"middle\" bgcolor=\"#eeeeee\" width=\"20%\">\u00a0Warto\u015b\u0107<\/td>\n<\/tr>\n<tr>\n<td>Ilo\u015b\u0107 kana\u0142\u00f3w modulacja<\/td>\n<td colspan=\"1\">40 AM\/FM<\/td>\n<td colspan=\"1\">Selektywno\u015b\u0107<\/td>\n<td colspan=\"1\">60 dB<\/td>\n<\/tr>\n<tr>\n<td>Moc wyj\u015bciowa<\/td>\n<td colspan=\"1\">4 W<\/td>\n<td colspan=\"1\">Szeroko\u015b\u0107<\/td>\n<td colspan=\"1\">125 mm<\/td>\n<\/tr>\n<tr>\n<td>Cz\u0119stotliwo\u015b\u0107<\/td>\n<td colspan=\"1\">26,960 MHz &#8211; 27,405 MHz<\/td>\n<td colspan=\"1\">Wysoko\u015b\u0107<\/td>\n<td colspan=\"1\">45 mm<\/td>\n<\/tr>\n<tr>\n<td>Impedancja anteny<\/td>\n<td colspan=\"1\">50 Om<\/td>\n<td colspan=\"1\">G\u0142\u0119boko\u015b\u0107<\/td>\n<td colspan=\"1\">150 mm<\/td>\n<\/tr>\n<tr>\n<td>Zasilanie<\/td>\n<td colspan=\"1\">12\/24 V<\/td>\n<td colspan=\"1\">Masa<\/td>\n<td colspan=\"1\">0,7 kg<\/td>\n<\/tr>\n<tr>\n<td>Czu\u0142o\u015b\u0107 przy 20 dB Sinad<\/td>\n<td colspan=\"1\">0,5 uV &#8211; 113 dBm (AM\/FM)<\/td>\n<td colspan=\"1\">ASC (automatyczna blokada szum\u00f3w)<\/td>\n<td colspan=\"1\">tak<\/td>\n<\/tr>\n<\/tbody>\n<\/table>\n<p>&nbsp;<\/p>\n<div><img decoding=\"async\" src=\"https:\/\/president.com.pl\/wysiwyg\/uploads\/images\/pro\/harry_3_asc_front.gif\" alt=\"\" border=\"0\" \/><\/p>\n<div>\n1. ON\/OFF VOLUME &#8211; w\u0142\u0105czenie radia i regulacja g\u0142o\u015bno\u015bci<br \/>\n2. ASC &#8211; automatyczna lub r\u0119czna blokada szum\u00f3w<br \/>\n3. DISPLAY &#8211; wy\u015bwietlacz<br \/>\n4. RF GAIN- regulacja czu\u0142o\u015bci odbiornika<br \/>\n5. CHANNEL SELECTOR UP\/DN &#8211; pokr\u0119t\u0142o zmiany kana\u0142\u00f3w \/ przycisk zmiany kana\u0142\u00f3w w mikrofonie<br \/>\n6. F~KEY BP &#8211; przycisk wyboru zakresu pracy \/ &#8222;BEEP&#8221; klawiatury<br \/>\n7. VOX ~ VOX SET &#8211; mo\u017cliwo\u015b\u0107 uruchomienia radia g\u0142osem bez u\u017cycia przycisku PTT \/ ustawienie parametr\u00f3w funkcji VOX<br \/>\n8. HI-CUT ~ NB &#8211; redukcja wysokich ton\u00f3w \/ filtr przeciw zak\u0142\u00f3ceniom<br \/>\n9. ROGER ~ SCAN &#8211; sygna\u0142 zako\u0144czenia nadawania \/ przeszukiwanie NB<br \/>\n10. STORE ~ MEM &#8211; pami\u0119\u0107 kana\u0142u priorytetowego \/ pami\u0119\u0107<br \/>\n11. AM\/FM ~ LOCK &#8211; prze\u0142\u0105cznik rodzaju modulacji \/ blokada klawiatury<br \/>\n12. 6 PIN MICROPHONE PLUG &#8211; 6 pinowe gniazdo mikrofonowe<br \/>\n13. PTT &#8211; przycisk nadawania<\/p>\n<div><img decoding=\"async\" src=\"https:\/\/president.com.pl\/wysiwyg\/uploads\/images\/pro\/harry_3_asc_back.gif\" alt=\"\" border=\"0\" \/><\/div>\n<p>A. Kabel zasilaj\u0105cy<br \/>\nB. Gniazdo antenowe<br \/>\nC. Gniazdo dodatkowego mikrofonu VOX<br \/>\nD. Gniazdo na dodatkowy g\u0142o\u015bnik<\/p><\/div>\n<\/div>\n<div><img decoding=\"async\" src=\"https:\/\/president.com.pl\/wysiwyg\/uploads\/images\/pro\/harry_3_asc_front.gif\" alt=\"\" border=\"0\" \/><\/p>\n<div>\n1. ON\/OFF VOLUME &#8211; w\u0142\u0105czenie radia i regulacja g\u0142o\u015bno\u015bci<br \/>\n2. ASC &#8211; automatyczna lub r\u0119czna blokada szum\u00f3w<br \/>\n3. DISPLAY &#8211; wy\u015bwietlacz<br \/>\n4. RF GAIN- regulacja czu\u0142o\u015bci odbiornika<br \/>\n5. CHANNEL SELECTOR UP\/DN &#8211; pokr\u0119t\u0142o zmiany kana\u0142\u00f3w \/ przycisk zmiany kana\u0142\u00f3w w mikrofonie<br \/>\n6. F~KEY BP &#8211; przycisk wyboru zakresu pracy \/ &#8222;BEEP&#8221; klawiatury<br \/>\n7. VOX ~ VOX SET &#8211; mo\u017cliwo\u015b\u0107 uruchomienia radia g\u0142osem bez u\u017cycia przycisku PTT \/ ustawienie parametr\u00f3w funkcji VOX<br \/>\n8. HI-CUT ~ NB &#8211; redukcja wysokich ton\u00f3w \/ filtr przeciw zak\u0142\u00f3ceniom<br \/>\n9. ROGER ~ SCAN &#8211; sygna\u0142 zako\u0144czenia nadawania \/ przeszukiwanie NB<br \/>\n10. STORE ~ MEM &#8211; pami\u0119\u0107 kana\u0142u priorytetowego \/ pami\u0119\u0107<br \/>\n11. AM\/FM ~ LOCK &#8211; prze\u0142\u0105cznik rodzaju modulacji \/ blokada klawiatury<br \/>\n12. 6 PIN MICROPHONE PLUG &#8211; 6 pinowe gniazdo mikrofonowe<br \/>\n13. PTT &#8211; przycisk nadawania<\/p>\n<div><img decoding=\"async\" src=\"https:\/\/president.com.pl\/wysiwyg\/uploads\/images\/pro\/harry_3_asc_back.gif\" alt=\"\" border=\"0\" \/><\/div>\n<p>A. Kabel zasilaj\u0105cy<br \/>\nB. Gniazdo antenowe<br \/>\nC. Gniazdo dodatkowego mikrofonu VOX<br \/>\nD. Gniazdo na dodatkowy g\u0142o\u015bnik<\/p><\/div>\n<\/div>\n","protected":false},"excerpt":{"rendered":"<p>\u00a0Parametr Warto\u015b\u0107 \u00a0Parametr \u00a0Warto\u015b\u0107 Ilo\u015b\u0107 kana\u0142\u00f3w modulacja 40 AM\/FM Selektywno\u015b\u0107 60 dB Moc wyj\u015bciowa 4 W Szeroko\u015b\u0107 125 mm Cz\u0119stotliwo\u015b\u0107 26,960 MHz &#8211; 27,405 MHz Wysoko\u015b\u0107 45 mm Impedancja anteny 50 Om G\u0142\u0119boko\u015b\u0107 150 mm Zasilanie 12\/24 V Masa 0,7 kg Czu\u0142o\u015b\u0107 przy 20 dB Sinad 0,5 uV &#8211; 113 dBm (AM\/FM) ASC (automatyczna blokada<\/p>\n<div class=\"more-link\">\n\t\t\t\t <a href=\"https:\/\/truckpol.eu\/?product=president-harry-iii-asc-12-24v\" class=\"link-btn\"><span>Czytaj dalej <\/span> <i class=\"icofont-thin-double-right\"><\/i><\/a>\n\t\t\t<\/div>\n","protected":false},"featured_media":11834,"comment_status":"open","ping_status":"closed","template":"","meta":[],"product_brand":[35],"product_cat":[34],"product_tag":[],"class_list":{"0":"post-11833","1":"product","2":"type-product","3":"status-publish","4":"has-post-thumbnail","6":"product_brand-president","7":"product_cat-cb-radio","9":"first","10":"instock","11":"shipping-taxable","12":"purchasable","13":"product-type-simple"},"aioseo_notices":[],"jetpack_sharing_enabled":true,"_links":{"self":[{"href":"https:\/\/truckpol.eu\/index.php?rest_route=\/wp\/v2\/product\/11833","targetHints":{"allow":["GET"]}}],"collection":[{"href":"https:\/\/truckpol.eu\/index.php?rest_route=\/wp\/v2\/product"}],"about":[{"href":"https:\/\/truckpol.eu\/index.php?rest_route=\/wp\/v2\/types\/product"}],"replies":[{"embeddable":true,"href":"https:\/\/truckpol.eu\/index.php?rest_route=%2Fwp%2Fv2%2Fcomments&post=11833"}],"wp:featuredmedia":[{"embeddable":true,"href":"https:\/\/truckpol.eu\/index.php?rest_route=\/wp\/v2\/media\/11834"}],"wp:attachment":[{"href":"https:\/\/truckpol.eu\/index.php?rest_route=%2Fwp%2Fv2%2Fmedia&parent=11833"}],"wp:term":[{"taxonomy":"product_brand","embeddable":true,"href":"https:\/\/truckpol.eu\/index.php?rest_route=%2Fwp%2Fv2%2Fproduct_brand&post=11833"},{"taxonomy":"product_cat","embeddable":true,"href":"https:\/\/truckpol.eu\/index.php?rest_route=%2Fwp%2Fv2%2Fproduct_cat&post=11833"},{"taxonomy":"product_tag","embeddable":true,"href":"https:\/\/truckpol.eu\/index.php?rest_route=%2Fwp%2Fv2%2Fproduct_tag&post=11833"}],"curies":[{"name":"wp","href":"https:\/\/api.w.org\/{rel}","templated":true}]}}