{"id":11858,"date":"2026-03-07T08:05:36","date_gmt":"2026-03-07T07:05:36","guid":{"rendered":"https:\/\/truckpol.eu\/?post_type=product&#038;p=11858"},"modified":"2026-03-07T08:05:40","modified_gmt":"2026-03-07T07:05:40","slug":"wylacznik-odlacznik-pradu-akumulatora-hebel-12v-24v-amio-03023","status":"publish","type":"product","link":"https:\/\/truckpol.eu\/?product=wylacznik-odlacznik-pradu-akumulatora-hebel-12v-24v-amio-03023","title":{"rendered":"Wy\u0142\u0105cznik od\u0142\u0105cznik pr\u0105du akumulatora hebel 12V 24V AMIO-03023"},"content":{"rendered":"<h2>Opis towaru<\/h2>\n<div>\n<p>Zastosowanie w instalacji elektrycznej pojazd\u00f3w osobowych, ci\u0119\u017carowych, maszynach rolniczych i budowlanych, przyczepach kempingowych, \u0142odziach motorowych itp. gdzie potrzebna jest mo\u017cliwo\u015b\u0107 odci\u0119cia dop\u0142ywu pr\u0105du.<\/p>\n<ul>\n<li>12\/24V<\/li>\n<li>PR\u0104D ROBOCZY 150A<\/li>\n<li>PR\u0104D SZCZYTOWY 300A<\/li>\n<li>PRZY\u0141\u0104CZE M10<\/li>\n<\/ul>\n<p>Wy\u0142\u0105cznik s\u0142u\u017cy do szybkiego od\u0142\u0105czenia zasilania w pojazdach. Mo\u017ce pe\u0142ni\u0107 funkcj\u0119 zabezpieczenia antykradzie\u017cowego lub szybkiego awaryjnego od\u0142\u0105czenia pr\u0105du. Produkt przydatny r\u00f3wnie\u017c w r\u00f3\u017cnego rodzaju rajdach samochodowych<\/p>\n<p>&nbsp;<\/p>\n<\/div>\n","protected":false},"excerpt":{"rendered":"<p>Opis towaru Zastosowanie w instalacji elektrycznej pojazd\u00f3w osobowych, ci\u0119\u017carowych, maszynach rolniczych i budowlanych, przyczepach kempingowych, \u0142odziach motorowych itp. gdzie potrzebna jest mo\u017cliwo\u015b\u0107 odci\u0119cia dop\u0142ywu pr\u0105du. 12\/24V PR\u0104D ROBOCZY 150A PR\u0104D SZCZYTOWY 300A PRZY\u0141\u0104CZE M10 Wy\u0142\u0105cznik s\u0142u\u017cy do szybkiego od\u0142\u0105czenia zasilania w pojazdach. Mo\u017ce pe\u0142ni\u0107 funkcj\u0119 zabezpieczenia antykradzie\u017cowego lub szybkiego awaryjnego od\u0142\u0105czenia pr\u0105du. Produkt przydatny r\u00f3wnie\u017c<\/p>\n<div class=\"more-link\">\n\t\t\t\t <a href=\"https:\/\/truckpol.eu\/?product=wylacznik-odlacznik-pradu-akumulatora-hebel-12v-24v-amio-03023\" class=\"link-btn\"><span>Czytaj dalej <\/span> <i class=\"icofont-thin-double-right\"><\/i><\/a>\n\t\t\t<\/div>\n","protected":false},"featured_media":11859,"comment_status":"open","ping_status":"closed","template":"","meta":[],"product_brand":[],"product_cat":[33],"product_tag":[],"class_list":{"0":"post-11858","1":"product","2":"type-product","3":"status-publish","4":"has-post-thumbnail","6":"product_cat-akcesoria-karawaningowe","7":"product_shipping_class-mala","9":"first","10":"instock","11":"shipping-taxable","12":"purchasable","13":"product-type-simple"},"aioseo_notices":[],"jetpack_sharing_enabled":true,"_links":{"self":[{"href":"https:\/\/truckpol.eu\/index.php?rest_route=\/wp\/v2\/product\/11858","targetHints":{"allow":["GET"]}}],"collection":[{"href":"https:\/\/truckpol.eu\/index.php?rest_route=\/wp\/v2\/product"}],"about":[{"href":"https:\/\/truckpol.eu\/index.php?rest_route=\/wp\/v2\/types\/product"}],"replies":[{"embeddable":true,"href":"https:\/\/truckpol.eu\/index.php?rest_route=%2Fwp%2Fv2%2Fcomments&post=11858"}],"wp:featuredmedia":[{"embeddable":true,"href":"https:\/\/truckpol.eu\/index.php?rest_route=\/wp\/v2\/media\/11859"}],"wp:attachment":[{"href":"https:\/\/truckpol.eu\/index.php?rest_route=%2Fwp%2Fv2%2Fmedia&parent=11858"}],"wp:term":[{"taxonomy":"product_brand","embeddable":true,"href":"https:\/\/truckpol.eu\/index.php?rest_route=%2Fwp%2Fv2%2Fproduct_brand&post=11858"},{"taxonomy":"product_cat","embeddable":true,"href":"https:\/\/truckpol.eu\/index.php?rest_route=%2Fwp%2Fv2%2Fproduct_cat&post=11858"},{"taxonomy":"product_tag","embeddable":true,"href":"https:\/\/truckpol.eu\/index.php?rest_route=%2Fwp%2Fv2%2Fproduct_tag&post=11858"}],"curies":[{"name":"wp","href":"https:\/\/api.w.org\/{rel}","templated":true}]}}