{"id":210,"date":"2025-11-24T20:31:19","date_gmt":"2025-11-24T19:31:19","guid":{"rendered":"https:\/\/truckpol.eu\/?post_type=product&#038;p=210"},"modified":"2025-12-17T20:35:49","modified_gmt":"2025-12-17T19:35:49","slug":"klimatyzacja-dachowa-sinclair-asv-25bis-inwerter-kamper-przyczepa","status":"publish","type":"product","link":"https:\/\/truckpol.eu\/?product=klimatyzacja-dachowa-sinclair-asv-25bis-inwerter-kamper-przyczepa","title":{"rendered":"Klimatyzacja dachowa SINCLAIR ASV-25BiS inwerter KAMPER-PRZYCZEPA"},"content":{"rendered":"<p>&nbsp;<\/p>\n<p>Klimatyzatory dachowe ASV-25 BiS oraz ASV-35 BiS to najnowsze modele renomowanej firmy SINCLAIR . Zapewni\u0105 Ci komfort termiczny nawet w najbardziej upalny dzie\u0144 w Twoim kamperze lub przyczepie kempingowej. Klimatyzacja posiada funkcj\u0119 ch\u0142odzenia , grzania oraz osuszania (usuwania wilgotnego powietrza)<br \/>\nNowa technologia spr\u0119\u017carki INWERTER DC charakteryzuje si\u0119 wi\u0119ksz\u0105 wydajno\u015bci\u0105 , mniejszym poborem pr\u0105du oraz cichsz\u0105 prac\u0105 w odr\u00f3\u017cnieniu od spr\u0119\u017carek typu ON\/OFF .<br \/>\nFunkcja &#8221; mi\u0119kkiego startu &#8221; zapewnia nam mniejszy pob\u00f3r pr\u0105du przy rozruchu klimatyzacji.<br \/>\nMo\u017cliwo\u015b\u0107 sterowania klimatyzacji za pomoc\u0105 pilota lub dotykowe sensory na wewn\u0119trznym panelu , kt\u00f3ry posiada klimatyczne o\u015bwietlenie LED.<br \/>\nUrz\u0105dzenie wyposa\u017cone jest r\u00f3wnie\u017c w modu\u0142 Wifi, dzi\u0119ki kt\u00f3remu mo\u017cesz sterowa\u0107 klimatyzacj\u0105 z dowolnego miejsca .<br \/>\nZestaw posiada Adapter dachowy potrzebny do instalacji .<br \/>\nMniejsza waga od poprzednich modeli o ponad 5 kg.<br \/>\nPracuj\u0105 w oparciu o ekologiczny i wydajny czynnik ch\u0142odniczy R32.<br \/>\nGwarancja na klimatyzacj\u0119 24 mc<\/p>\n<p>* DARMOWA WYSY\u0141KA KLIMATYZACJI *<\/p>\n<p>Parametry ASV-25BiS<br \/>\nWydajno\u015b\u0107 ch\u0142odzenie \/ grzanie 2,65 \/ 2,50 kW<br \/>\nNapi\u0119cie \/ cz\u0119stotliwo\u015b\u0107 230 V \/ 50 \/ Hz<br \/>\nNominalny pob\u00f3r mocy ch\u0142odzenie \/ grzanie 950 \/ 780 W<br \/>\nNominalny pob\u00f3r pr\u0105du ch\u0142odzenie \/ grzanie 4,1 \/ 3,4 A<br \/>\nMaksymalny pob\u00f3r pr\u0105du 6,2 A<br \/>\nD\u0142ugo\u015b\u0107 x wysoko\u015b\u0107 x szeroko\u015b\u0107 cz\u0119\u015b\u0107 wewn. 485 x 49 x 610 mm<br \/>\nD\u0142ugo\u015b\u0107 x wysoko\u015b\u0107 x szeroko\u015b\u0107 cz\u0119\u015b\u0107 zewn. 1077 x 283 x 720 mm<br \/>\nWaga netto cz\u0119\u015b\u0107 wewn. \/ zewn. 2,7 \/ 29,5 kg.<\/p>\n<p>Mo\u017cliwo\u015b\u0107 bezp\u0142atnego wynajmu wykrywacza przewod\u00f3w pod napi\u0119ciem, metalu i wzmocnie\u0144 drewnianych , kt\u00f3ry u\u0142atwi monta\u017c .<br \/>\nZapraszamy do przetestowania klimatyzatora na naszej przyczepie.<\/p>\n<p>W sprzeda\u017cy posiadamy r\u00f3wnie\u017c przetwornic\u0119 napi\u0119cia<br \/>\n12V\/230V-2500W pe\u0142en SINUS , kt\u00f3ra bez problemu zasili klimatyzacj\u0119 , expres do kawy i inne urz\u0105dzenia elektryczne z akumulatora 12V.<\/p>\n","protected":false},"excerpt":{"rendered":"<p>&nbsp; Klimatyzatory dachowe ASV-25 BiS oraz ASV-35 BiS to najnowsze modele renomowanej firmy SINCLAIR . Zapewni\u0105 Ci komfort termiczny nawet w najbardziej upalny dzie\u0144 w Twoim kamperze lub przyczepie kempingowej. Klimatyzacja posiada funkcj\u0119 ch\u0142odzenia , grzania oraz osuszania (usuwania wilgotnego powietrza) Nowa technologia spr\u0119\u017carki INWERTER DC charakteryzuje si\u0119 wi\u0119ksz\u0105 wydajno\u015bci\u0105 , mniejszym poborem pr\u0105du oraz<\/p>\n<div class=\"more-link\">\n\t\t\t\t <a href=\"https:\/\/truckpol.eu\/?product=klimatyzacja-dachowa-sinclair-asv-25bis-inwerter-kamper-przyczepa\" class=\"link-btn\"><span>Czytaj dalej <\/span> <i class=\"icofont-thin-double-right\"><\/i><\/a>\n\t\t\t<\/div>\n","protected":false},"featured_media":211,"comment_status":"open","ping_status":"closed","template":"","meta":[],"product_brand":[25],"product_cat":[22],"product_tag":[],"class_list":{"0":"post-210","1":"product","2":"type-product","3":"status-publish","4":"has-post-thumbnail","6":"product_brand-klimatyzacja","7":"product_cat-klimatyzacja","9":"first","10":"instock","11":"sale","12":"shipping-taxable","13":"purchasable","14":"product-type-simple"},"aioseo_notices":[],"jetpack_sharing_enabled":true,"_links":{"self":[{"href":"https:\/\/truckpol.eu\/index.php?rest_route=\/wp\/v2\/product\/210","targetHints":{"allow":["GET"]}}],"collection":[{"href":"https:\/\/truckpol.eu\/index.php?rest_route=\/wp\/v2\/product"}],"about":[{"href":"https:\/\/truckpol.eu\/index.php?rest_route=\/wp\/v2\/types\/product"}],"replies":[{"embeddable":true,"href":"https:\/\/truckpol.eu\/index.php?rest_route=%2Fwp%2Fv2%2Fcomments&post=210"}],"wp:featuredmedia":[{"embeddable":true,"href":"https:\/\/truckpol.eu\/index.php?rest_route=\/wp\/v2\/media\/211"}],"wp:attachment":[{"href":"https:\/\/truckpol.eu\/index.php?rest_route=%2Fwp%2Fv2%2Fmedia&parent=210"}],"wp:term":[{"taxonomy":"product_brand","embeddable":true,"href":"https:\/\/truckpol.eu\/index.php?rest_route=%2Fwp%2Fv2%2Fproduct_brand&post=210"},{"taxonomy":"product_cat","embeddable":true,"href":"https:\/\/truckpol.eu\/index.php?rest_route=%2Fwp%2Fv2%2Fproduct_cat&post=210"},{"taxonomy":"product_tag","embeddable":true,"href":"https:\/\/truckpol.eu\/index.php?rest_route=%2Fwp%2Fv2%2Fproduct_tag&post=210"}],"curies":[{"name":"wp","href":"https:\/\/api.w.org\/{rel}","templated":true}]}}