{"id":221,"date":"2025-11-24T20:43:13","date_gmt":"2025-11-24T19:43:13","guid":{"rendered":"https:\/\/truckpol.eu\/?post_type=product&#038;p=221"},"modified":"2025-11-24T20:44:54","modified_gmt":"2025-11-24T19:44:54","slug":"klimatyzacja-dachowa-sinclair-asv35bis-inwerter-do-kampera-przyczepy","status":"publish","type":"product","link":"https:\/\/truckpol.eu\/?product=klimatyzacja-dachowa-sinclair-asv35bis-inwerter-do-kampera-przyczepy","title":{"rendered":"Klimatyzacja dachowa SINCLAIR ASV35BiS Inwerter do Kampera-Przyczepy"},"content":{"rendered":"<p>Klimatyzacja dachowa ASV35-BiS to najnowszy model renomowanej firmy SINCLAIR , kt\u00f3ra zapewni Ci komfort w kamperze lub przyczepie kempingowej nawet w najbardziej upalny dzie\u0144.<br \/>\nNowa technologia pompy INEWERTEROWEJ sprawia \u017ce klimatyzacja jest cichsza i wydajniejsza przy mniejszym poborze pr\u0105du<br \/>\nFunkcja &#8222;MI\u0118KKIEGO STARTU&#8221; jest bardzo przydatna gdy chcemy zasili\u0107 klimatyzacj\u0119 z przetwornicy napi\u0119cia. ,<\/p>\n<p>ZESTAW NOWY POSIADA 24MC GWARANCJI<br \/>\n<em><strong>DARMOWA WYSY\u0141KA KLIMATYZACJI<\/strong><\/em><\/p>\n<p>Nape\u0142niona jest ekologicznym i wydajnym czynnikiem R32.<br \/>\nDwu stronny wylot powietrza sch\u0142odzi lub ogrzeje Twoj\u0105 przyczep\u0119 lub kampera w bardzo kr\u00f3tkim czasie.<br \/>\nUrz\u0105dzenie wyposa\u017cone jest w klimatyczne o\u015bwietlenie led , pilot oraz modu\u0142 WiFi<\/p>\n<p>Parametry ASV 35-BiS<br \/>\nWydajno\u015b\u0107 ch\u0142odzenie \/ grzanie 3,60 \/ 3,40 kW<br \/>\nNapi\u0119cie \/ cz\u0119stotliwo\u015b\u0107 230 V\/ 50 \/ Hz<br \/>\nNominalny pob\u00f3r mocy ch\u0142odzenie \/ grzanie 1100 \/ 950 W<br \/>\nNominalny pob\u00f3r pr\u0105du ch\u0142odzenie \/ grzanie 4,8 \/ 4,1 A<br \/>\nMaksymalny pob\u00f3r pr\u0105du 6,2 A<br \/>\nD\u0142ugo\u015b\u0107 x wysoko\u015b\u0107 x szeroko\u015b\u0107 cz\u0119\u015b\u0107 wewn. 485 x 49 x 610 mm<br \/>\nD\u0142ugo\u015b\u0107 x wysoko\u015b\u0107 x szeroko\u015b\u0107 cz\u0119\u015b\u0107 zewn. 1077 x 283 x 720 mm<br \/>\nWaga netto cz\u0119\u015b\u0107 wewn. \/ zewn. 2,7 \/ 29,5 kg<\/p>\n<p><strong>PRZY ZAKUPIE GRATIS<\/strong> :<br \/>\n&#8211; Voucher o warto\u015bci 50 z\u0142 do wykorzystania na KAMPER PARK AMBI<br \/>\n\u015aci\u0119gny obok Karpacza<br \/>\n-Odt\u0142uszczacz powierzchni Forsch-600ml<br \/>\n-Masa uszczelniaj\u0105ca butylowa CAMPER RANNAL.<\/p>\n<p>Mo\u017cliwo\u015b\u0107 bezp\u0142atnego wynajmu wykrywacza przewod\u00f3w pod napi\u0119ciem, metalu i wzmocnie\u0144 drewnianych , kt\u00f3ry u\u0142atwi monta\u017c .<br \/>\nZestaw fabrycznie zapakowany na europalecie<\/p>\n<p>Zapraszamy do przetestowanie klimatyzacji zamontowanej na naszej przyczepie<br \/>\nW sprzeda\u017cy posiadamy r\u00f3wnie\u017c przetwornic\u0119 napi\u0119cia<br \/>\n12V\/230V-2500W pe\u0142en SINUS , kt\u00f3ra bez problemu zasili klimatyzacj\u0119 , expres do kawy i inne urz\u0105dzenia elektryczne z akumulatora 12V.<\/p>\n","protected":false},"excerpt":{"rendered":"<p>Klimatyzacja dachowa ASV35-BiS to najnowszy model renomowanej firmy SINCLAIR , kt\u00f3ra zapewni Ci komfort w kamperze lub przyczepie kempingowej nawet w najbardziej upalny dzie\u0144. Nowa technologia pompy INEWERTEROWEJ sprawia \u017ce klimatyzacja jest cichsza i wydajniejsza przy mniejszym poborze pr\u0105du Funkcja &#8222;MI\u0118KKIEGO STARTU&#8221; jest bardzo przydatna gdy chcemy zasili\u0107 klimatyzacj\u0119 z przetwornicy napi\u0119cia. , ZESTAW NOWY<\/p>\n<div class=\"more-link\">\n\t\t\t\t <a href=\"https:\/\/truckpol.eu\/?product=klimatyzacja-dachowa-sinclair-asv35bis-inwerter-do-kampera-przyczepy\" class=\"link-btn\"><span>Czytaj dalej <\/span> <i class=\"icofont-thin-double-right\"><\/i><\/a>\n\t\t\t<\/div>\n","protected":false},"featured_media":211,"comment_status":"open","ping_status":"closed","template":"","meta":[],"product_brand":[25],"product_cat":[22],"product_tag":[],"class_list":{"0":"post-221","1":"product","2":"type-product","3":"status-publish","4":"has-post-thumbnail","6":"product_brand-klimatyzacja","7":"product_cat-klimatyzacja","9":"first","10":"instock","11":"shipping-taxable","12":"purchasable","13":"product-type-simple"},"aioseo_notices":[],"jetpack_sharing_enabled":true,"_links":{"self":[{"href":"https:\/\/truckpol.eu\/index.php?rest_route=\/wp\/v2\/product\/221","targetHints":{"allow":["GET"]}}],"collection":[{"href":"https:\/\/truckpol.eu\/index.php?rest_route=\/wp\/v2\/product"}],"about":[{"href":"https:\/\/truckpol.eu\/index.php?rest_route=\/wp\/v2\/types\/product"}],"replies":[{"embeddable":true,"href":"https:\/\/truckpol.eu\/index.php?rest_route=%2Fwp%2Fv2%2Fcomments&post=221"}],"wp:featuredmedia":[{"embeddable":true,"href":"https:\/\/truckpol.eu\/index.php?rest_route=\/wp\/v2\/media\/211"}],"wp:attachment":[{"href":"https:\/\/truckpol.eu\/index.php?rest_route=%2Fwp%2Fv2%2Fmedia&parent=221"}],"wp:term":[{"taxonomy":"product_brand","embeddable":true,"href":"https:\/\/truckpol.eu\/index.php?rest_route=%2Fwp%2Fv2%2Fproduct_brand&post=221"},{"taxonomy":"product_cat","embeddable":true,"href":"https:\/\/truckpol.eu\/index.php?rest_route=%2Fwp%2Fv2%2Fproduct_cat&post=221"},{"taxonomy":"product_tag","embeddable":true,"href":"https:\/\/truckpol.eu\/index.php?rest_route=%2Fwp%2Fv2%2Fproduct_tag&post=221"}],"curies":[{"name":"wp","href":"https:\/\/api.w.org\/{rel}","templated":true}]}}