{"id":224,"date":"2025-11-24T20:50:43","date_gmt":"2025-11-24T19:50:43","guid":{"rendered":"https:\/\/truckpol.eu\/?post_type=product&#038;p=224"},"modified":"2025-11-24T20:51:08","modified_gmt":"2025-11-24T19:51:08","slug":"reflektor-dalekosiezny-halogen-led-pozycja-led-srodek-tl","status":"publish","type":"product","link":"https:\/\/truckpol.eu\/?product=reflektor-dalekosiezny-halogen-led-pozycja-led-srodek-tl","title":{"rendered":"Reflektor dalekosi\u0119\u017cny , halogen LED + pozycja LED \u015brodek TL"},"content":{"rendered":"<p>Reflektor drogowy LED + pozycja \u015brodek LED TL 12\/24V o numerze L3412.<\/p>\n<p>Ilo\u015b\u0107 LED: 18<br \/>\nStrumie\u0144 \u015bwietlny: 4925 lm<br \/>\nMateria\u0142: Klosz &#8211; PC; Obudowa &#8211; AL<br \/>\nMocowanie: 1x \u015bruba<br \/>\nD\u0142ugo\u015b\u0107 przewodu: 350 mm<br \/>\nFunkcje: \u015bwiat\u0142o drogowe, pozycja<br \/>\nPob\u00f3r mocy: 8W , 55W<br \/>\nNapi\u0119cie: 12V\/24V<br \/>\nCertyfikaty: ECE R10, ECE R112, ECE R7<br \/>\nWaga lampy: 1210 g<\/p>\n","protected":false},"excerpt":{"rendered":"<p>Reflektor drogowy LED + pozycja \u015brodek LED TL 12\/24V o numerze L3412. Ilo\u015b\u0107 LED: 18 Strumie\u0144 \u015bwietlny: 4925 lm Materia\u0142: Klosz &#8211; PC; Obudowa &#8211; AL Mocowanie: 1x \u015bruba D\u0142ugo\u015b\u0107 przewodu: 350 mm Funkcje: \u015bwiat\u0142o drogowe, pozycja Pob\u00f3r mocy: 8W , 55W Napi\u0119cie: 12V\/24V Certyfikaty: ECE R10, ECE R112, ECE R7 Waga lampy: 1210 g<\/p>\n","protected":false},"featured_media":225,"comment_status":"open","ping_status":"closed","template":"","meta":[],"product_brand":[],"product_cat":[16],"product_tag":[],"class_list":{"0":"post-224","1":"product","2":"type-product","3":"status-publish","4":"has-post-thumbnail","6":"product_cat-bez-kategorii","7":"product_shipping_class-mala","9":"first","10":"instock","11":"shipping-taxable","12":"purchasable","13":"product-type-simple"},"aioseo_notices":[],"jetpack_sharing_enabled":true,"_links":{"self":[{"href":"https:\/\/truckpol.eu\/index.php?rest_route=\/wp\/v2\/product\/224","targetHints":{"allow":["GET"]}}],"collection":[{"href":"https:\/\/truckpol.eu\/index.php?rest_route=\/wp\/v2\/product"}],"about":[{"href":"https:\/\/truckpol.eu\/index.php?rest_route=\/wp\/v2\/types\/product"}],"replies":[{"embeddable":true,"href":"https:\/\/truckpol.eu\/index.php?rest_route=%2Fwp%2Fv2%2Fcomments&post=224"}],"wp:featuredmedia":[{"embeddable":true,"href":"https:\/\/truckpol.eu\/index.php?rest_route=\/wp\/v2\/media\/225"}],"wp:attachment":[{"href":"https:\/\/truckpol.eu\/index.php?rest_route=%2Fwp%2Fv2%2Fmedia&parent=224"}],"wp:term":[{"taxonomy":"product_brand","embeddable":true,"href":"https:\/\/truckpol.eu\/index.php?rest_route=%2Fwp%2Fv2%2Fproduct_brand&post=224"},{"taxonomy":"product_cat","embeddable":true,"href":"https:\/\/truckpol.eu\/index.php?rest_route=%2Fwp%2Fv2%2Fproduct_cat&post=224"},{"taxonomy":"product_tag","embeddable":true,"href":"https:\/\/truckpol.eu\/index.php?rest_route=%2Fwp%2Fv2%2Fproduct_tag&post=224"}],"curies":[{"name":"wp","href":"https:\/\/api.w.org\/{rel}","templated":true}]}}