{"id":227,"date":"2025-11-24T21:09:25","date_gmt":"2025-11-24T20:09:25","guid":{"rendered":"https:\/\/truckpol.eu\/?post_type=product&#038;p=227"},"modified":"2025-11-24T21:14:49","modified_gmt":"2025-11-24T20:14:49","slug":"belka-ostrzegawcza-lampa-ostrzegawcza-kogut-12v-24v-pomoc-drogowa","status":"publish","type":"product","link":"https:\/\/truckpol.eu\/?product=belka-ostrzegawcza-lampa-ostrzegawcza-kogut-12v-24v-pomoc-drogowa","title":{"rendered":"Belka ostrzegawcza lampa ostrzegawcza kogut 12v\/24v POMOC DROGOWA"},"content":{"rendered":"<p>Belka ostrzegawcza LED 1240&#215;286 R10 R65 o numerze BLK0035 posiada funkcje: 4 b\u0142yski ostrzegawcze, dwa poziomy intensywno\u015bci, dzie\u0144 i noc. Posiada ona 48 LED\u00f3w. BLK0035 charakteryzuje si\u0119 poborem mocy w wysoko\u015bci 60 W. BLK0035 jest produktem certyfikowanym. Zgodnie z normami takimi jak ECE R65, ECE R10. Ponadto jest ona zbudowana z materia\u0142\u00f3w: Klosz: PC, Obudowa: PC. Belka ostrzegawcza LED 1240&#215;286 R10 R65 jest mocowana na \u015bruby. Napi\u0119cie wynosi 12 V\/24 V. Produkt jest zapakowany w nast\u0119puj\u0105cej konfiguracji wym. kart: 1270x345x185 mm, waga lampy: 7000 g,<\/p>\n<p>Specyfikacja produktu<\/p>\n<p>\u017ar\u00f3d\u0142o \u015bwiat\u0142a: LED &#8211; 48 szt &#8211; 60W &#8211; bardzo mocne \u015bwiat\u0142o<br \/>\nnapi\u0119cie pracy: 12V &#8211; 24 V<br \/>\nilo\u015b\u0107 tryb\u00f3w \u015bwiat\u0142a: 4 tryby ostrzegawcze !!<br \/>\nfunkcja: \u015bwiat\u0142o ostrzegawcze pomara\u0144czowe<br \/>\nstrona monta\u017cu: L \/ P ( uniwersalna)<br \/>\nd\u0142ugo\u015b\u0107 przewodu: ~350 cm zako\u0144czony wtyczk\u0105 z w\u0142\u0105cznikiem do gniazda zapalniczki<br \/>\nW zestawie znajduje si\u0119 napis POMOC DROGOWA.<br \/>\nMo\u017cliwo\u015b\u0107 zmiany napisu na bia\u0142ym pod\u015bwietlanym polu.<\/p>\n","protected":false},"excerpt":{"rendered":"<p>Belka ostrzegawcza LED 1240&#215;286 R10 R65 o numerze BLK0035 posiada funkcje: 4 b\u0142yski ostrzegawcze, dwa poziomy intensywno\u015bci, dzie\u0144 i noc. Posiada ona 48 LED\u00f3w. BLK0035 charakteryzuje si\u0119 poborem mocy w wysoko\u015bci 60 W. BLK0035 jest produktem certyfikowanym. Zgodnie z normami takimi jak ECE R65, ECE R10. Ponadto jest ona zbudowana z materia\u0142\u00f3w: Klosz: PC, Obudowa:<\/p>\n<div class=\"more-link\">\n\t\t\t\t <a href=\"https:\/\/truckpol.eu\/?product=belka-ostrzegawcza-lampa-ostrzegawcza-kogut-12v-24v-pomoc-drogowa\" class=\"link-btn\"><span>Czytaj dalej <\/span> <i class=\"icofont-thin-double-right\"><\/i><\/a>\n\t\t\t<\/div>\n","protected":false},"featured_media":228,"comment_status":"open","ping_status":"closed","template":"","meta":[],"product_brand":[],"product_cat":[16],"product_tag":[],"class_list":{"0":"post-227","1":"product","2":"type-product","3":"status-publish","4":"has-post-thumbnail","6":"product_cat-bez-kategorii","7":"product_shipping_class-mala","9":"first","10":"instock","11":"shipping-taxable","12":"purchasable","13":"product-type-simple"},"aioseo_notices":[],"jetpack_sharing_enabled":true,"_links":{"self":[{"href":"https:\/\/truckpol.eu\/index.php?rest_route=\/wp\/v2\/product\/227","targetHints":{"allow":["GET"]}}],"collection":[{"href":"https:\/\/truckpol.eu\/index.php?rest_route=\/wp\/v2\/product"}],"about":[{"href":"https:\/\/truckpol.eu\/index.php?rest_route=\/wp\/v2\/types\/product"}],"replies":[{"embeddable":true,"href":"https:\/\/truckpol.eu\/index.php?rest_route=%2Fwp%2Fv2%2Fcomments&post=227"}],"wp:featuredmedia":[{"embeddable":true,"href":"https:\/\/truckpol.eu\/index.php?rest_route=\/wp\/v2\/media\/228"}],"wp:attachment":[{"href":"https:\/\/truckpol.eu\/index.php?rest_route=%2Fwp%2Fv2%2Fmedia&parent=227"}],"wp:term":[{"taxonomy":"product_brand","embeddable":true,"href":"https:\/\/truckpol.eu\/index.php?rest_route=%2Fwp%2Fv2%2Fproduct_brand&post=227"},{"taxonomy":"product_cat","embeddable":true,"href":"https:\/\/truckpol.eu\/index.php?rest_route=%2Fwp%2Fv2%2Fproduct_cat&post=227"},{"taxonomy":"product_tag","embeddable":true,"href":"https:\/\/truckpol.eu\/index.php?rest_route=%2Fwp%2Fv2%2Fproduct_tag&post=227"}],"curies":[{"name":"wp","href":"https:\/\/api.w.org\/{rel}","templated":true}]}}