{"id":243,"date":"2025-11-24T21:13:14","date_gmt":"2025-11-24T20:13:14","guid":{"rendered":"https:\/\/truckpol.eu\/?post_type=product&#038;p=243"},"modified":"2025-11-24T21:13:14","modified_gmt":"2025-11-24T20:13:14","slug":"odkurzacz-akumulatorowy-do-samochodu-i-kampera-navitel-cl-100","status":"publish","type":"product","link":"https:\/\/truckpol.eu\/?product=odkurzacz-akumulatorowy-do-samochodu-i-kampera-navitel-cl-100","title":{"rendered":"Odkurzacz akumulatorowy do samochodu i kampera NAVITEL CL 100"},"content":{"rendered":"<p>Odkurzacz akumulatorowy NAVITEL CL 100 idealny do czyszczenia samochodu i kampera. Praktyczne narz\u0119dzie, kt\u00f3re zapewnia skuteczne odkurzanie bez konieczno\u015bci pod\u0142\u0105czenia do pr\u0105du. \u0141atwy w obs\u0142udze i przechowywaniu dzi\u0119ki kompaktowym rozmiarom. Sprawdza si\u0119 doskonale podczas podr\u00f3\u017cy oraz szybkiego sprz\u0105tania pojazdu. Filtr odkurzacza jest wyjmowany i nadaje si\u0119 do mycia, dzi\u0119ki czemu mo\u017cna go ponownie u\u017cywa\u0107 podczas kolejnego odkurzania. Nale\u017cy pami\u0119ta\u0107, aby po ka\u017cdym korzystaniu wyczy\u015bci\u0107 i osuszy\u0107 filtr, zachowuj\u0105c tym samym najwy\u017csz\u0105 moc ssania przy nast\u0119pnym sprz\u0105taniu.<\/p>\n<p>NAVITEL CL100 zosta\u0142 wyposa\u017cony w technologi\u0119 filtracji HEPA i przezroczysty pojemnik na odpady, kt\u00f3re zapobiegaj\u0105 uwalnianiu drobnych cz\u0105steczek kurzu do powietrza podczas pracy. Ca\u0142y kurz pozostaje w przezroczystym pojemniku.<\/p>\n<p>W obudowie odkurzacza znajduje si\u0119 lampka bia\u0142a , migaj\u0105ca czerwona oraz podstawa magnetyczna , kt\u00f3ra przyda si\u0119 w sytuacji awaryjnej .<\/p>\n<p>Parametry<\/p>\n<p>Bateria Li-ion, 11.1V, 2200 m\u0410\u2219h<\/p>\n<p>Moc elektryczna 100W<\/p>\n<p>Czas pracy niska pr\u0119dko\u015b\u0107 &#8211; do 20 min, wysoka pr\u0119dko\u015b\u0107 &#8211; do 13 min<\/p>\n<p>Port \u0142adowania USB-C<\/p>\n<p>Czas \u0142adowania \u2248 3 h<br \/>\n\u2248 3 h<br \/>\nMoc lampki awaryjnej 0.7 W<\/p>\n<p>Masa 570 g<\/p>\n<p>Do odkurzacza dok\u0142adamy \u0142adowark\u0119 USB 230V<\/p>\n","protected":false},"excerpt":{"rendered":"<p>Odkurzacz akumulatorowy NAVITEL CL 100 idealny do czyszczenia samochodu i kampera. Praktyczne narz\u0119dzie, kt\u00f3re zapewnia skuteczne odkurzanie bez konieczno\u015bci pod\u0142\u0105czenia do pr\u0105du. \u0141atwy w obs\u0142udze i przechowywaniu dzi\u0119ki kompaktowym rozmiarom. Sprawdza si\u0119 doskonale podczas podr\u00f3\u017cy oraz szybkiego sprz\u0105tania pojazdu. Filtr odkurzacza jest wyjmowany i nadaje si\u0119 do mycia, dzi\u0119ki czemu mo\u017cna go ponownie u\u017cywa\u0107 podczas<\/p>\n<div class=\"more-link\">\n\t\t\t\t <a href=\"https:\/\/truckpol.eu\/?product=odkurzacz-akumulatorowy-do-samochodu-i-kampera-navitel-cl-100\" class=\"link-btn\"><span>Czytaj dalej <\/span> <i class=\"icofont-thin-double-right\"><\/i><\/a>\n\t\t\t<\/div>\n","protected":false},"featured_media":244,"comment_status":"open","ping_status":"closed","template":"","meta":[],"product_brand":[],"product_cat":[23],"product_tag":[],"class_list":{"0":"post-243","1":"product","2":"type-product","3":"status-publish","4":"has-post-thumbnail","6":"product_cat-odkurzacz","7":"product_shipping_class-mala","9":"first","10":"instock","11":"shipping-taxable","12":"purchasable","13":"product-type-simple"},"aioseo_notices":[],"jetpack_sharing_enabled":true,"_links":{"self":[{"href":"https:\/\/truckpol.eu\/index.php?rest_route=\/wp\/v2\/product\/243","targetHints":{"allow":["GET"]}}],"collection":[{"href":"https:\/\/truckpol.eu\/index.php?rest_route=\/wp\/v2\/product"}],"about":[{"href":"https:\/\/truckpol.eu\/index.php?rest_route=\/wp\/v2\/types\/product"}],"replies":[{"embeddable":true,"href":"https:\/\/truckpol.eu\/index.php?rest_route=%2Fwp%2Fv2%2Fcomments&post=243"}],"wp:featuredmedia":[{"embeddable":true,"href":"https:\/\/truckpol.eu\/index.php?rest_route=\/wp\/v2\/media\/244"}],"wp:attachment":[{"href":"https:\/\/truckpol.eu\/index.php?rest_route=%2Fwp%2Fv2%2Fmedia&parent=243"}],"wp:term":[{"taxonomy":"product_brand","embeddable":true,"href":"https:\/\/truckpol.eu\/index.php?rest_route=%2Fwp%2Fv2%2Fproduct_brand&post=243"},{"taxonomy":"product_cat","embeddable":true,"href":"https:\/\/truckpol.eu\/index.php?rest_route=%2Fwp%2Fv2%2Fproduct_cat&post=243"},{"taxonomy":"product_tag","embeddable":true,"href":"https:\/\/truckpol.eu\/index.php?rest_route=%2Fwp%2Fv2%2Fproduct_tag&post=243"}],"curies":[{"name":"wp","href":"https:\/\/api.w.org\/{rel}","templated":true}]}}