{"id":275,"date":"2025-11-24T23:05:29","date_gmt":"2025-11-24T22:05:29","guid":{"rendered":"https:\/\/truckpol.eu\/?post_type=product&#038;p=275"},"modified":"2025-12-07T21:31:31","modified_gmt":"2025-12-07T20:31:31","slug":"klimatyzacja-klimatyzator-sinclair-amc-11-p-3-kw-promocja","status":"publish","type":"product","link":"https:\/\/truckpol.eu\/?product=klimatyzacja-klimatyzator-sinclair-amc-11-p-3-kw-promocja","title":{"rendered":"Klimatyzacja Klimatyzator SINCLAIR AMC-11 P 3 kW &#8211; PROMOCJA"},"content":{"rendered":"<p>Klimatyzator SINCLAIR AMC- 11 P zapewni Ci komfort cieplny przez ca\u0142y rok \u2013 zar\u00f3wno w trakcie letnich upa\u0142\u00f3w, jak i ch\u0142odniejszych dni. Dzi\u0119ki wysokiej mocy ch\u0142odniczej i grzewczej 3,0 kW AMC-11 P skutecznie reguluje temperatur\u0119 i wilgotno\u015b\u0107, pomagaj\u0105c rozwi\u0105zywa\u0107 problemy z przegrzewaniem, wych\u0142odzeniem oraz nadmiarem wilgoci w pomieszczeniu.<br \/>\nW urz\u0105dzeniu znajduje si\u0119 ekologiczny czynnik R290 a przep\u0142yw powietrza to a\u017c 450 m3\/h<\/p>\n<p>Sinclair AMC-11 P umo\u017cliwia u\u017cytkownikowi pe\u0142n\u0105 kontrol\u0119 nad parametrami pracy dzi\u0119ki wbudowanemu 24-godzinnemu timerowi oraz bezprzewodowemu pilotowi. Zmiana tryb\u00f3w, regulacja temperatury czy ustawienie czasu pracy odbywa si\u0119 szybko i wygodnie z dowolnego miejsca w pomieszczeniu. Wymienny filtr powietrza poprawia jako\u015b\u0107 powietrza, zatrzymuj\u0105c kurz, py\u0142ki i inne zanieczyszczenia, co jest istotne zw\u0142aszcza dla alergik\u00f3w.<\/p>\n<p>Klimatyzator posiada funkcj\u0119 automatycznego odparowania skroplin, kt\u00f3ra umo\u017cliwia naturalne odparowanie wilgoci do powietrza wylotowego. Urz\u0105dzeniem mo\u017cna \u0142atwo sterowa\u0107 za pomoc\u0105 wy\u015bwietlacza cyfrowego lub pilota zdalnego sterowania. Instalacja i uruchomienie urz\u0105dzenia s\u0105 bardzo proste.<\/p>\n<p>Funkcja ogrzewania (w tym trybie wentylator pracuje tylko z najwy\u017csz\u0105 pr\u0119dko\u015bci\u0105)<br \/>\nPraca wewn\u0105trz i na zewn\u0105trz<br \/>\nCyfrowy termometr i zegar na przednim wy\u015bwietlaczu<br \/>\nProgramowalna funkcja czasu w\u0142\u0105czenia\/wy\u0142\u0105czenia<br \/>\nWyjmowany filtr powietrza<br \/>\nTryb osuszania<br \/>\nAutomatyczny parownik kondensatu<br \/>\nWska\u017anik LED stanu pracy<\/p>\n<p>Dane techniczne:<\/p>\n<p>Marka: Sinclair<br \/>\nModel: AMC-11 P<br \/>\nTyp: Klimatyzator przeno\u015bny z funkcj\u0105 ch\u0142odzenia, osuszania i grzania<br \/>\nMoc ch\u0142odnicza: 3,0 kW<br \/>\nMoc grzewcza: 3,0 kW<br \/>\nPrzep\u0142yw powietrza: 450 m\u00b3\/h<br \/>\nZalecana powierzchnia: do 25 m\u00b2<br \/>\nCzynnik ch\u0142odniczy: R290<br \/>\nPoziom g\u0142o\u015bno\u015bci: 42\u201346 dB(A)<br \/>\nTimer: 24-godzinny<br \/>\nFiltr powietrza: wymienny<br \/>\nWymiary: 300 x 760 x 532 mm<\/p>\n","protected":false},"excerpt":{"rendered":"<p>Klimatyzator SINCLAIR AMC- 11 P zapewni Ci komfort cieplny przez ca\u0142y rok \u2013 zar\u00f3wno w trakcie letnich upa\u0142\u00f3w, jak i ch\u0142odniejszych dni. Dzi\u0119ki wysokiej mocy ch\u0142odniczej i grzewczej 3,0 kW AMC-11 P skutecznie reguluje temperatur\u0119 i wilgotno\u015b\u0107, pomagaj\u0105c rozwi\u0105zywa\u0107 problemy z przegrzewaniem, wych\u0142odzeniem oraz nadmiarem wilgoci w pomieszczeniu. W urz\u0105dzeniu znajduje si\u0119 ekologiczny czynnik R290<\/p>\n<div class=\"more-link\">\n\t\t\t\t <a href=\"https:\/\/truckpol.eu\/?product=klimatyzacja-klimatyzator-sinclair-amc-11-p-3-kw-promocja\" class=\"link-btn\"><span>Czytaj dalej <\/span> <i class=\"icofont-thin-double-right\"><\/i><\/a>\n\t\t\t<\/div>\n","protected":false},"featured_media":269,"comment_status":"open","ping_status":"closed","template":"","meta":[],"product_brand":[],"product_cat":[29,22],"product_tag":[],"class_list":{"0":"post-275","1":"product","2":"type-product","3":"status-publish","4":"has-post-thumbnail","6":"product_cat-klimatyzacja-do-domu","7":"product_cat-klimatyzacja","8":"product_shipping_class-duza","10":"first","11":"instock","12":"sale","13":"shipping-taxable","14":"purchasable","15":"product-type-simple"},"aioseo_notices":[],"jetpack_sharing_enabled":true,"_links":{"self":[{"href":"https:\/\/truckpol.eu\/index.php?rest_route=\/wp\/v2\/product\/275","targetHints":{"allow":["GET"]}}],"collection":[{"href":"https:\/\/truckpol.eu\/index.php?rest_route=\/wp\/v2\/product"}],"about":[{"href":"https:\/\/truckpol.eu\/index.php?rest_route=\/wp\/v2\/types\/product"}],"replies":[{"embeddable":true,"href":"https:\/\/truckpol.eu\/index.php?rest_route=%2Fwp%2Fv2%2Fcomments&post=275"}],"wp:featuredmedia":[{"embeddable":true,"href":"https:\/\/truckpol.eu\/index.php?rest_route=\/wp\/v2\/media\/269"}],"wp:attachment":[{"href":"https:\/\/truckpol.eu\/index.php?rest_route=%2Fwp%2Fv2%2Fmedia&parent=275"}],"wp:term":[{"taxonomy":"product_brand","embeddable":true,"href":"https:\/\/truckpol.eu\/index.php?rest_route=%2Fwp%2Fv2%2Fproduct_brand&post=275"},{"taxonomy":"product_cat","embeddable":true,"href":"https:\/\/truckpol.eu\/index.php?rest_route=%2Fwp%2Fv2%2Fproduct_cat&post=275"},{"taxonomy":"product_tag","embeddable":true,"href":"https:\/\/truckpol.eu\/index.php?rest_route=%2Fwp%2Fv2%2Fproduct_tag&post=275"}],"curies":[{"name":"wp","href":"https:\/\/api.w.org\/{rel}","templated":true}]}}