{"id":279,"date":"2025-11-25T18:25:29","date_gmt":"2025-11-25T17:25:29","guid":{"rendered":"https:\/\/truckpol.eu\/?post_type=product&#038;p=279"},"modified":"2025-11-25T18:25:30","modified_gmt":"2025-11-25T17:25:30","slug":"odkurzacz-navitel-cl80","status":"publish","type":"product","link":"https:\/\/truckpol.eu\/?product=odkurzacz-navitel-cl80","title":{"rendered":"Odkurzacz NAVITEL CL80"},"content":{"rendered":"<h5>Por\u0119czny pomocnik przy sprz\u0105taniu<\/h5>\n<p>NAVITEL CL80 to \u015bwietne rozwi\u0105zanie do szybkiego i \u0142atwego odkurzania w domu, biurze lub samochodzie. Kompaktowy rozmiar i lekko\u015b\u0107 (wa\u017cy zaledwie 345 g) sprawiaj\u0105, \u017ce odkurzacz zmie\u015bci si\u0119 w samochodowym schowku, szafce, czy na biurku.<\/p>\n<h5>Dok\u0142adne i \u0142atwe odkurzanie ka\u017cdej powierzchni<\/h5>\n<p>Nawet bez dodatkowych nak\u0142adek, NAVITEL CL80 \u015bwietnie radzi sobie z wi\u0119kszymi \u015bmieciami, a jego ergonomiczny kszta\u0142t sprawia, \u017ce odkurzanie w trudno dost\u0119pnych miejscach jest \u0142atwe i wygodne. W zestawie mo\u017cna znale\u017a\u0107 ko\u0144c\u00f3wk\u0119 szczelinow\u0105, dzi\u0119ki kt\u00f3rej bez problemu odkurzysz kana\u0142y wentylacyjne oraz inne w\u0105skie i ciasne przestrzenie. W zestawie jest r\u00f3wnie\u017c ko\u0144c\u00f3wka ze szczotk\u0105, kt\u00f3ra mo\u017ce by\u0107 pomocna przy usuwaniu trudniejszych zabrudze\u0144.<\/p>\n<section id=\"specs\" class=\"section cpt\">\n<div class=\"container\">\n<div class=\"row\">\n<div class=\"col-xs-12\">\n<div class=\"main__title reveal\" data-sr-id=\"4\">\n<h2>Specyfikacja<\/h2>\n<\/div>\n<\/div>\n<\/div>\n<div class=\"sbm_spc\">\n<div class=\"specs\">\n<div class=\"row\">\n<div class=\"col-xs-6\">Bateria<\/div>\n<div class=\"col-xs-6\"><span class=\"specs2\">Li-ion, 7.4 V, 37 W\u2219h<\/span><\/div>\n<\/div>\n<div class=\"row\">\n<div class=\"col-xs-6\">Moc elektryczna<\/div>\n<div class=\"col-xs-6\"><span class=\"specs2\">80 W<\/span><\/div>\n<\/div>\n<div class=\"row\">\n<div class=\"col-xs-6\">Moc ssania<\/div>\n<div class=\"col-xs-6\"><span class=\"specs2\">niska pr\u0119dko\u015b\u0107 &#8211; do 8 kPa, wysoka pr\u0119dko\u015b\u0107 &#8211; do 11 kPa<\/span><\/div>\n<\/div>\n<div class=\"row\">\n<div class=\"col-xs-6\">Zasilanie<\/div>\n<div class=\"col-xs-6\"><span class=\"specs2\">5 V, 2 \u0410<\/span><\/div>\n<\/div>\n<div class=\"row\">\n<div class=\"col-xs-6\">Port \u0142adowania<\/div>\n<div class=\"col-xs-6\"><span class=\"specs2\">USB &#8211; USB-C<\/span><\/div>\n<\/div>\n<div class=\"row\">\n<div class=\"col-xs-6\">Czas \u0142adowania<\/div>\n<div class=\"col-xs-6\"><span class=\"specs2\">\u2248 2 h<\/span><\/div>\n<\/div>\n<div class=\"row\">\n<div class=\"col-xs-6\">Szybkie \u0142adowanie<\/div>\n<div class=\"col-xs-6\"><span class=\"specs2\">F\u0421 3.0<\/span><\/div>\n<\/div>\n<div class=\"row\">\n<div class=\"col-xs-6\">Masa<\/div>\n<div class=\"col-xs-6\"><span class=\"specs2\">345 g<\/span><\/div>\n<\/div>\n<\/div>\n<\/div>\n<\/div>\n<\/section>\n","protected":false},"excerpt":{"rendered":"<p>Por\u0119czny pomocnik przy sprz\u0105taniu NAVITEL CL80 to \u015bwietne rozwi\u0105zanie do szybkiego i \u0142atwego odkurzania w domu, biurze lub samochodzie. Kompaktowy rozmiar i lekko\u015b\u0107 (wa\u017cy zaledwie 345 g) sprawiaj\u0105, \u017ce odkurzacz zmie\u015bci si\u0119 w samochodowym schowku, szafce, czy na biurku. Dok\u0142adne i \u0142atwe odkurzanie ka\u017cdej powierzchni Nawet bez dodatkowych nak\u0142adek, NAVITEL CL80 \u015bwietnie radzi sobie z<\/p>\n<div class=\"more-link\">\n\t\t\t\t <a href=\"https:\/\/truckpol.eu\/?product=odkurzacz-navitel-cl80\" class=\"link-btn\"><span>Czytaj dalej <\/span> <i class=\"icofont-thin-double-right\"><\/i><\/a>\n\t\t\t<\/div>\n","protected":false},"featured_media":284,"comment_status":"open","ping_status":"closed","template":"","meta":[],"product_brand":[],"product_cat":[23],"product_tag":[],"class_list":{"0":"post-279","1":"product","2":"type-product","3":"status-publish","4":"has-post-thumbnail","6":"product_cat-odkurzacz","7":"product_shipping_class-mala","9":"first","10":"instock","11":"shipping-taxable","12":"purchasable","13":"product-type-simple"},"aioseo_notices":[],"jetpack_sharing_enabled":true,"_links":{"self":[{"href":"https:\/\/truckpol.eu\/index.php?rest_route=\/wp\/v2\/product\/279","targetHints":{"allow":["GET"]}}],"collection":[{"href":"https:\/\/truckpol.eu\/index.php?rest_route=\/wp\/v2\/product"}],"about":[{"href":"https:\/\/truckpol.eu\/index.php?rest_route=\/wp\/v2\/types\/product"}],"replies":[{"embeddable":true,"href":"https:\/\/truckpol.eu\/index.php?rest_route=%2Fwp%2Fv2%2Fcomments&post=279"}],"wp:featuredmedia":[{"embeddable":true,"href":"https:\/\/truckpol.eu\/index.php?rest_route=\/wp\/v2\/media\/284"}],"wp:attachment":[{"href":"https:\/\/truckpol.eu\/index.php?rest_route=%2Fwp%2Fv2%2Fmedia&parent=279"}],"wp:term":[{"taxonomy":"product_brand","embeddable":true,"href":"https:\/\/truckpol.eu\/index.php?rest_route=%2Fwp%2Fv2%2Fproduct_brand&post=279"},{"taxonomy":"product_cat","embeddable":true,"href":"https:\/\/truckpol.eu\/index.php?rest_route=%2Fwp%2Fv2%2Fproduct_cat&post=279"},{"taxonomy":"product_tag","embeddable":true,"href":"https:\/\/truckpol.eu\/index.php?rest_route=%2Fwp%2Fv2%2Fproduct_tag&post=279"}],"curies":[{"name":"wp","href":"https:\/\/api.w.org\/{rel}","templated":true}]}}