{"id":311,"date":"2025-11-29T20:14:19","date_gmt":"2025-11-29T19:14:19","guid":{"rendered":"https:\/\/truckpol.eu\/?post_type=product&#038;p=311"},"modified":"2026-03-23T19:55:51","modified_gmt":"2026-03-23T18:55:51","slug":"lampa-robocza-led-9x-led-kwadratowa-12-24v","status":"publish","type":"product","link":"https:\/\/truckpol.eu\/?product=lampa-robocza-led-9x-led-kwadratowa-12-24v","title":{"rendered":"Lampa robocza LED 9x LED kwadratowa 12\/24v"},"content":{"rendered":"<h2>Lampa robocza LED 9x LED kwadratowa L0077<\/h2>\n<p>Lampa robocza flood 9 LED kwadratowa L0077 to wydajne urz\u0105dzenie, dzi\u0119ki kt\u00f3remu u\u017cytkownik mo\u017ce porusza\u0107 si\u0119 bezpieczniej po drodze w ka\u017cdym warunkach pogodowych. Dzi\u0119ki 9 diodom LED obszar jest dobrze o\u015bwietlony. Reflektor zosta\u0142 zaprojektowany w taki spos\u00f3b, aby emitowa\u0142 \u015bwiat\u0142o robocze w technologii flood \u2013 takie rozwi\u0105zanie sprawia, \u017ce emitowana wi\u0105zka \u015bwiat\u0142a jest rozproszona, przez co o\u015bwietla znacznie wi\u0119kszy obszar, zapewniaj\u0105c szerszy k\u0105t widzenia.<\/p>\n<p>Dzi\u0119ki zastosowaniu przewodu o odpowiedniej d\u0142ugo\u015bci u\u017cytkownik mo\u017ce swobodnie pod\u0142\u0105czy\u0107 lamp\u0119 robocz\u0105 flood 9 LED kwadratow\u0105 L0077 na swoim poje\u017adzie, co bezpo\u015brednio przek\u0142ada si\u0119 na komfort u\u017cytkowania. Klosz reflektora zosta\u0142 wykonany z poliw\u0119glanu, a obudowa z aluminium, co chroni najwa\u017cniejsze elementy przed uszkodzeniami mechanicznymi. Klasa szczelno\u015bci IP67 zapewnia lampie odporno\u015b\u0107 na py\u0142y i wilgo\u0107.<\/p>\n<h2>Charakterystyka lampy roboczej flood 9 LED kwadratowej L0077:<\/h2>\n<ul>\n<li>9 wydajnych diod LED zapewnia u\u017cytkownikowi dobr\u0105 widoczno\u015b\u0107 i bezpiecze\u0144stwo<\/li>\n<li>Dzi\u0119ki funkcji flood emitowana wi\u0105zka \u015bwiat\u0142a jest szeroka i o\u015bwietla wi\u0119kszy obszar<\/li>\n<li>D\u0142ugi przew\u00f3d eliminuje problemy z mocowaniem, zwi\u0119kszaj\u0105c komfort u\u017cytkowania<\/li>\n<li>Mocny klosz i obudowa z aluminium chroni\u0105 lamp\u0119 przed uszkodzeniami mechanicznymi<\/li>\n<li>Wysoka klasa szczelno\u015bci zapewnia odporno\u015b\u0107 na py\u0142y i wilgo\u0107<\/li>\n<\/ul>\n<h2>Dane techniczne lampy roboczej flood 9 LED kwadratowej L0077:<\/h2>\n<ul>\n<li>Moc: 27 W<\/li>\n<li>Napi\u0119cie: 12\/24 V<\/li>\n<li>Diody: LED<\/li>\n<li>Ilo\u015b\u0107 diod: 9<\/li>\n<li>Strumie\u0144 \u015bwietlny: 1774 lm<\/li>\n<li>Przew\u00f3d: 300 mm<\/li>\n<li>Homologacje: ECE R10<\/li>\n<li>Klasa szczelno\u015bci: IP67<\/li>\n<li>Mocowanie: \u015bruba<\/li>\n<li>Materia\u0142 klosza: poliw\u0119glan<\/li>\n<li>Materia\u0142 obudowy: aluminium<\/li>\n<li>Wymiary opakowania: 119 x 65 x 148 mm<\/li>\n<li>Waga opakowania: 0,317 kg<\/li>\n<li>Ilo\u015b\u0107 sztuk w opakowaniu zbiorczym: 20<\/li>\n<li><strong>Produkt posiada wszystkie elementy niezb\u0119dne do monta\u017cu<\/strong><\/li>\n<\/ul>\n","protected":false},"excerpt":{"rendered":"<p>Lampa robocza LED 9x LED kwadratowa L0077 Lampa robocza flood 9 LED kwadratowa L0077 to wydajne urz\u0105dzenie, dzi\u0119ki kt\u00f3remu u\u017cytkownik mo\u017ce porusza\u0107 si\u0119 bezpieczniej po drodze w ka\u017cdym warunkach pogodowych. Dzi\u0119ki 9 diodom LED obszar jest dobrze o\u015bwietlony. Reflektor zosta\u0142 zaprojektowany w taki spos\u00f3b, aby emitowa\u0142 \u015bwiat\u0142o robocze w technologii flood \u2013 takie rozwi\u0105zanie sprawia,<\/p>\n<div class=\"more-link\">\n\t\t\t\t <a href=\"https:\/\/truckpol.eu\/?product=lampa-robocza-led-9x-led-kwadratowa-12-24v\" class=\"link-btn\"><span>Czytaj dalej <\/span> <i class=\"icofont-thin-double-right\"><\/i><\/a>\n\t\t\t<\/div>\n","protected":false},"featured_media":312,"comment_status":"open","ping_status":"closed","template":"","meta":[],"product_brand":[],"product_cat":[16],"product_tag":[],"class_list":{"0":"post-311","1":"product","2":"type-product","3":"status-publish","4":"has-post-thumbnail","6":"product_cat-bez-kategorii","7":"product_shipping_class-mala","9":"first","10":"instock","11":"shipping-taxable","12":"purchasable","13":"product-type-simple"},"aioseo_notices":[],"jetpack_sharing_enabled":true,"_links":{"self":[{"href":"https:\/\/truckpol.eu\/index.php?rest_route=\/wp\/v2\/product\/311","targetHints":{"allow":["GET"]}}],"collection":[{"href":"https:\/\/truckpol.eu\/index.php?rest_route=\/wp\/v2\/product"}],"about":[{"href":"https:\/\/truckpol.eu\/index.php?rest_route=\/wp\/v2\/types\/product"}],"replies":[{"embeddable":true,"href":"https:\/\/truckpol.eu\/index.php?rest_route=%2Fwp%2Fv2%2Fcomments&post=311"}],"wp:featuredmedia":[{"embeddable":true,"href":"https:\/\/truckpol.eu\/index.php?rest_route=\/wp\/v2\/media\/312"}],"wp:attachment":[{"href":"https:\/\/truckpol.eu\/index.php?rest_route=%2Fwp%2Fv2%2Fmedia&parent=311"}],"wp:term":[{"taxonomy":"product_brand","embeddable":true,"href":"https:\/\/truckpol.eu\/index.php?rest_route=%2Fwp%2Fv2%2Fproduct_brand&post=311"},{"taxonomy":"product_cat","embeddable":true,"href":"https:\/\/truckpol.eu\/index.php?rest_route=%2Fwp%2Fv2%2Fproduct_cat&post=311"},{"taxonomy":"product_tag","embeddable":true,"href":"https:\/\/truckpol.eu\/index.php?rest_route=%2Fwp%2Fv2%2Fproduct_tag&post=311"}],"curies":[{"name":"wp","href":"https:\/\/api.w.org\/{rel}","templated":true}]}}