{"id":327,"date":"2025-11-29T20:55:13","date_gmt":"2025-11-29T19:55:13","guid":{"rendered":"https:\/\/truckpol.eu\/?post_type=product&#038;p=327"},"modified":"2025-11-29T21:10:37","modified_gmt":"2025-11-29T20:10:37","slug":"panel-elastyczny-sun-flex-etfe-m-160w-24v-prestige","status":"publish","type":"product","link":"https:\/\/truckpol.eu\/?product=panel-elastyczny-sun-flex-etfe-m-160w-24v-prestige","title":{"rendered":"PANEL ELASTYCZNY SUN-FLEX-ETFE-M 160W 24V PRESTIGE"},"content":{"rendered":"<p><strong>PANEL ELASTYCZNY SUN-FLEX-ETFE-M 160W 24V PRESTIGE<\/strong>\u00a0o mocy szczytowej dochodz\u0105cej do 160 wat\u00f3w wykonany zosta\u0142 tak, aby m\u00f3g\u0142 dostarczy\u0107 wi\u0119cej mocy, co odr\u00f3\u017cnia go od innych ogniw monokrystalicznych. Dostarcza nawet o 35% wi\u0119cej energii, zachowuj\u0105c swoje w\u0142asno\u015bci konstrukcyjne, czyli optymalne wymiary i elastyczno\u015b\u0107. Z powodzeniem mo\u017ce zosta\u0107 po\u0142\u0105czony w baterie o du\u017cej mocy i wydajno\u015bci.<\/p>\n<p>W panelach s\u0142onecznych SUN-FLEX-M PRESTIGE jako pow\u0142oka zewn\u0119trzna u\u017cyty zosta\u0142 materia\u0142 ETFE (etyleno-tetrafluoroetylen), kt\u00f3ry w odniesieniu do powszechnie dost\u0119pnego PET (poli tereftalanu etylenu) zapewnia wi\u0119ksz\u0105 absorpcj\u0119 \u015bwiat\u0142a s\u0142onecznego dzi\u0119ki ograniczeniu odblasku.<\/p>\n<p>Dane produktu:<\/p>\n<table>\n<tbody>\n<tr>\n<td>Symbol produktu<\/td>\n<td>SUN-FLEX-ETFE-M 160W 24V Prestige<\/td>\n<\/tr>\n<tr>\n<td>Ogniwa<\/td>\n<td>SunPower, Monokrystaliczne<\/td>\n<\/tr>\n<tr>\n<td>Moc szczytowa [W]<\/td>\n<td>160W<\/td>\n<\/tr>\n<tr>\n<td>Tolerancja mocy [%]<\/td>\n<td>+ 3%<\/td>\n<\/tr>\n<tr>\n<td>Wydajno\u015b\u0107 ogniw (%)<\/td>\n<td>23,70%<\/td>\n<\/tr>\n<tr>\n<td>Ilo\u015b\u0107 ogniw<\/td>\n<td>44(4X11)<\/td>\n<\/tr>\n<tr>\n<td>Napi\u0119cie mocy Vmp [V]<\/td>\n<td>26,80<\/td>\n<\/tr>\n<tr>\n<td>Pr\u0105d Max: Imp [A]<\/td>\n<td>5,97<\/td>\n<\/tr>\n<tr>\n<td>Napi\u0119cie ja\u0142owe Voc [V]<\/td>\n<td>32,16<\/td>\n<\/tr>\n<tr>\n<td>Pr\u0105d zwarciowy: Isc [A]<\/td>\n<td>6,57<\/td>\n<\/tr>\n<tr>\n<td>Maksymalne napi\u0119cie systemu<\/td>\n<td>600VDC (IEC)<\/td>\n<\/tr>\n<tr>\n<td>Wymiar<\/td>\n<td>1445x540x3,2mm<\/td>\n<\/tr>\n<tr>\n<td>Waga [kg]<\/td>\n<td>2,86 KG<\/td>\n<\/tr>\n<tr>\n<td>Terminal<\/td>\n<td>MC4<\/td>\n<\/tr>\n<\/tbody>\n<\/table>\n<ul>\n<li>*Parametry okre\u015blone s\u0105 w warunkach STC: 1000 W\/m2; 25 stopni C; AM 1,5.<\/li>\n<\/ul>\n<p>Cechy charakterystyczne paneli z serii SUN-FLEX Prestige-<\/p>\n<ul>\n<li>\n<ul>\n<li>\n<ul>\n<li>Nieprzywieraj\u0105ca &#8211; samoczyszcz\u0105ca wierzchnia warstwa ETFE sk\u0142ada si\u0119 z silnych polimer\u00f3w fluoru, jest odporna na korozj\u0119, zabrudzenia, zachowuje przejrzysto\u015b\u0107, a zatem i przepuszczalno\u015b\u0107 promieni s\u0142onecznych. Deszcz zapewnia efekt samoczyszczenia<\/li>\n<li>Wysoka sprawno\u015b\u0107 &#8211; w panelach elastycznych SUN-FLEXM PRESTIGE u\u017cyto ogniw SunPower Back contact (sprawno\u015b\u0107 23%). Sprawno\u015b\u0107 modu\u0142\u00f3w jest o 30% wy\u017csza od sprawno\u015bci modu\u0142\u00f3w konwencjonalnych.<\/li>\n<li>Warunki morskie- wodoodporno\u015b\u0107 i wysoka odporno\u015b\u0107 na s\u0142on\u0105 wod\u0119, sprawiaj\u0105, \u017ce s\u0105 one idealne do monta\u017cu na \u0142odziach i jachtach.<\/li>\n<li>Niewielka waga &#8211; modu\u0142y s\u0105 p\u0142askie, lekkie i nie posiadaj\u0105 element\u00f3w szklanych oraz metalowych.<\/li>\n<\/ul>\n<\/li>\n<\/ul>\n<\/li>\n<\/ul>\n<p>Zastosowanie paneli elastycznych Flex-<\/p>\n<ul>\n<li>\n<ul>\n<li>Monokrystaliczny elastyczny panel s\u0142oneczny SUN-FLEX-ETFE-M 160W dedykowany jest do \u0142adowania akumulator\u00f3w 12V. Panel znajdzie zastosowanie w przyczepach kempingowych, kamperach, \u0142odziach czy w domowych systemach solarnych<\/li>\n<li>Sugerowany regulator do tego modu\u0142u MPPT.<\/li>\n<\/ul>\n<\/li>\n<\/ul>\n","protected":false},"excerpt":{"rendered":"<p>PANEL ELASTYCZNY SUN-FLEX-ETFE-M 160W 24V PRESTIGE\u00a0o mocy szczytowej dochodz\u0105cej do 160 wat\u00f3w wykonany zosta\u0142 tak, aby m\u00f3g\u0142 dostarczy\u0107 wi\u0119cej mocy, co odr\u00f3\u017cnia go od innych ogniw monokrystalicznych. Dostarcza nawet o 35% wi\u0119cej energii, zachowuj\u0105c swoje w\u0142asno\u015bci konstrukcyjne, czyli optymalne wymiary i elastyczno\u015b\u0107. Z powodzeniem mo\u017ce zosta\u0107 po\u0142\u0105czony w baterie o du\u017cej mocy i wydajno\u015bci. W<\/p>\n<div class=\"more-link\">\n\t\t\t\t <a href=\"https:\/\/truckpol.eu\/?product=panel-elastyczny-sun-flex-etfe-m-160w-24v-prestige\" class=\"link-btn\"><span>Czytaj dalej <\/span> <i class=\"icofont-thin-double-right\"><\/i><\/a>\n\t\t\t<\/div>\n","protected":false},"featured_media":328,"comment_status":"open","ping_status":"closed","template":"","meta":[],"product_brand":[],"product_cat":[24],"product_tag":[],"class_list":{"0":"post-327","1":"product","2":"type-product","3":"status-publish","4":"has-post-thumbnail","6":"product_cat-panele-sloneczne","7":"product_shipping_class-duza","9":"first","10":"instock","11":"shipping-taxable","12":"purchasable","13":"product-type-simple"},"aioseo_notices":[],"jetpack_sharing_enabled":true,"_links":{"self":[{"href":"https:\/\/truckpol.eu\/index.php?rest_route=\/wp\/v2\/product\/327","targetHints":{"allow":["GET"]}}],"collection":[{"href":"https:\/\/truckpol.eu\/index.php?rest_route=\/wp\/v2\/product"}],"about":[{"href":"https:\/\/truckpol.eu\/index.php?rest_route=\/wp\/v2\/types\/product"}],"replies":[{"embeddable":true,"href":"https:\/\/truckpol.eu\/index.php?rest_route=%2Fwp%2Fv2%2Fcomments&post=327"}],"wp:featuredmedia":[{"embeddable":true,"href":"https:\/\/truckpol.eu\/index.php?rest_route=\/wp\/v2\/media\/328"}],"wp:attachment":[{"href":"https:\/\/truckpol.eu\/index.php?rest_route=%2Fwp%2Fv2%2Fmedia&parent=327"}],"wp:term":[{"taxonomy":"product_brand","embeddable":true,"href":"https:\/\/truckpol.eu\/index.php?rest_route=%2Fwp%2Fv2%2Fproduct_brand&post=327"},{"taxonomy":"product_cat","embeddable":true,"href":"https:\/\/truckpol.eu\/index.php?rest_route=%2Fwp%2Fv2%2Fproduct_cat&post=327"},{"taxonomy":"product_tag","embeddable":true,"href":"https:\/\/truckpol.eu\/index.php?rest_route=%2Fwp%2Fv2%2Fproduct_tag&post=327"}],"curies":[{"name":"wp","href":"https:\/\/api.w.org\/{rel}","templated":true}]}}