{"id":347,"date":"2025-11-30T15:34:39","date_gmt":"2025-11-30T14:34:39","guid":{"rendered":"https:\/\/truckpol.eu\/?post_type=product&#038;p=347"},"modified":"2025-11-30T15:34:40","modified_gmt":"2025-11-30T14:34:40","slug":"panel-sloneczny-victron-175w-12v-poly-1485x668x30mm-4a","status":"publish","type":"product","link":"https:\/\/truckpol.eu\/?product=panel-sloneczny-victron-175w-12v-poly-1485x668x30mm-4a","title":{"rendered":"Panel s\u0142oneczny  VICTRON 175W-12V Poly 1485x668x30mm 4a"},"content":{"rendered":"<div>\n<div class=\"d-flex mb-0 fw-semibold h5 bg-white\">\n<div class=\"p-3 px-2 flex-fill text-left border-bottom border-secondary\">\n<h2>Panel s\u0142oneczny VICTRON<\/h2>\n<p>&#8211; Wysokotemperaturowe dzia\u0142anie panelu s\u0142onecznego 175W-12V Po\u0142y x668x30mm serii 4a jest wzmocnione przez jego niski wsp\u00f3\u0142czynnik napi\u0119cie-temperatura. -W ca\u0142ym spektrum promieniowania s\u0142onecznego panel s\u0142oneczny 175W-12V Poly 1485x668x30mm serii 4a wykazuje wyj\u0105tkow\u0105 wydajno\u015b\u0107 przy s\u0142abym o\u015bwietleniu i wysok\u0105 wra\u017cliwo\u015b\u0107 na \u015bwiat\u0142o. &#8211; Panel s\u0142oneczny 175W-12V Poly 1485x668x30mm serii 4a jest obj\u0119ty 25-letni\u0105 ograniczon\u0105 gwarancj\u0105 na moc wyj\u015bciow\u0105 i wydajno\u015b\u0107. -W przypadku materia\u0142\u00f3w i wykonania panel s\u0142oneczny 175W-12V Poly 1485x668x30mm serii 4a jest obj\u0119ty 5-letni\u0105 ograniczon\u0105 gwarancj\u0105. &#8211; Dzi\u0119ki uszczelnionej, wodoodpornej, wielofunkcyjnej skrzynce przy\u0142\u0105czeniowej, panel s\u0142oneczny 175W-12V Poly 1485x668x30mm serii 4a zapewnia wysoki poziom bezpiecze\u0144stwa. &#8211; Spadek mocy spowodowany zacienieniem jest zminimalizowany dzi\u0119ki wysokowydajnym diodom obej\u015bciowym panelu s\u0142onecznego 175W-12V Poly 1485x668x30mm serii 4a. &#8211; Zaawansowany system hermetyzacji EVA (etylen-octan winylu) z tr\u00f3jwarstwow\u0105 foli\u0105 tyln\u0105 panelu s\u0142onecznego 175W-12V Poly 1485x668x30mm spe\u0142nia najbardziej rygorystyczne wymagania bezpiecze\u0144stwa dla pracy pod wysokim napi\u0119ciem.<\/p>\n<div class=\"h3\">Kluczowe cechy<\/div>\n<div class=\"bot-1\"><\/div>\n<div class=\"bot-2 mb-4\"><\/div>\n<div class=\"row gap-0 gap-lg-5\">\n<div class=\"col-12 col-lg px-0\"><img decoding=\"async\" class=\"icon-h-2 my-3\" src=\"https:\/\/images.suntrack.pl\/ikony\/ikona_sloneczny_dom.svg\" alt=\"\" \/><\/p>\n<h4 class=\"mb-3\">Wysoka efektywno\u015b\u0107<\/h4>\n<p class=\"text-desc\">Je\u015bli szukasz paneli s\u0142onecznych, kt\u00f3re zapewni\u0105 Ci maksymaln\u0105 wydajno\u015b\u0107, panele fotowoltaiczne Victron Energy s\u0105 w\u0142a\u015bnie dla Ciebie. Dzi\u0119ki polikrystalicznej konstrukcji, te panele s\u0142oneczne oferuj\u0105 niezr\u00f3wnan\u0105 efektywno\u015b\u0107 energetyczn\u0105. Polikrystaliczne kom\u00f3rki s\u0105 bardziej efektywne w przetwarzaniu energii s\u0142onecznej na energi\u0119 elektryczn\u0105, co oznacza, \u017ce zyskujesz wi\u0119cej mocy z mniejszej powierzchni. To kluczowe, zw\u0142aszcza gdy przestrze\u0144 jest na wag\u0119 z\u0142ota. Wybieraj\u0105c panele fotowoltaiczne Victron Energy, inwestujesz w technologi\u0119, kt\u00f3ra zapewni Ci najwy\u017cszy zwrot z inwestycji.<\/p>\n<\/div>\n<div class=\"col-12 col-lg px-0 py-0\"><img decoding=\"async\" class=\"icon-h-2 my-3\" src=\"https:\/\/images.suntrack.pl\/ikony\/ikona_gwarancja_jakosci.svg\" alt=\"\" \/><\/p>\n<h4 class=\"mb-3\">Trwa\u0142o\u015b\u0107 i gwarancja 25 lat<\/h4>\n<p class=\"text-desc\">Panele s\u0142oneczne Victron Energy s\u0105 symbolem trwa\u0142o\u015bci i jako\u015bci. Wykonane z najwy\u017cszej jako\u015bci materia\u0142\u00f3w, te panele fotowoltaiczne s\u0105 zbudowane, aby wytrzyma\u0107 pr\u00f3b\u0119 czasu. Co wi\u0119cej, Victron Energy oferuje imponuj\u0105c\u0105 25-letni\u0105 gwarancj\u0119 na moc wyj\u015bciow\u0105 i 5-letni\u0105 gwarancj\u0119 na materia\u0142y i jako\u015b\u0107 wykonania. To nie tylko obietnica jako\u015bci, ale r\u00f3wnie\u017c pewno\u015b\u0107, \u017ce Tw\u00f3j system fotowoltaiczny b\u0119dzie dzia\u0142a\u0142 efektywnie przez wiele lat.<\/p>\n<\/div>\n<\/div>\n<div class=\"row gap-0 gap-lg-5\">\n<div class=\"col-12 col-lg px-0\"><img decoding=\"async\" class=\"icon-h-2 my-3\" src=\"https:\/\/images.suntrack.pl\/ikony\/ikona_sloneczny_dom.svg\" alt=\"\" \/><\/p>\n<h4 class=\"mb-3\">Odporno\u015b\u0107 na warunki atmosferyczne<\/h4>\n<p class=\"text-desc\">Je\u015bli martwisz si\u0119 o to, jak panele s\u0142oneczne poradz\u0105 sobie w trudnych warunkach atmosferycznych, panele fotowoltaiczne Victron Energy s\u0105 odpowiedzi\u0105 na Twoje obawy. S\u0105 one wytrzyma\u0142e na r\u00f3\u017cne warunki pogodowe, od ekstremalnych temperatur po silne wiatry i opady deszczu. Dzi\u0119ki temu s\u0105 one idealnym wyborem dla ka\u017cdego klimatu i zapewniaj\u0105 nieprzerwan\u0105 produkcj\u0119 energii przez ca\u0142y rok.<\/p>\n<\/div>\n<div class=\"col-12 col-lg px-0\"><img decoding=\"async\" class=\"icon-h-2 my-3\" src=\"https:\/\/images.suntrack.pl\/ikony\/ikona_zarowka.svg\" alt=\"\" \/><\/p>\n<h4 class=\"mb-3\">Niski wsp\u00f3\u0142czynnik napi\u0119cie-temperatura<\/h4>\n<p class=\"text-desc\">Wysokie temperatury mog\u0105 wp\u0142ywa\u0107 na wydajno\u015b\u0107 paneli s\u0142onecznych, ale nie w przypadku paneli fotowoltaicznych Victron Energy. Dzi\u0119ki niskiemu wsp\u00f3\u0142czynnika napi\u0119cie-temperatura, te panele s\u0142oneczne utrzymuj\u0105 wysok\u0105 efektywno\u015b\u0107 nawet w gor\u0105cych warunkach. To oznacza, \u017ce nie musisz si\u0119 martwi\u0107 o spadek wydajno\u015bci w upalne dni. Wybieraj\u0105c panele Victron Energy, inwestujesz w produkt, kt\u00f3ry zapewni ci\u0105g\u0142\u0105 i efektywn\u0105 produkcj\u0119 energii, niezale\u017cnie od warunk\u00f3w atmosferycznych.<\/p>\n<\/div>\n<\/div>\n<\/div>\n<\/div>\n<div class=\"d-flex flex-column flex-md-row bg-light border-bottom fw-semibold\">\n<div class=\"p-2 w-100\">Parametry \/ Model<\/div>\n<div class=\"p-2 w-100\"><strong>175 W Poli<\/strong><\/div>\n<\/div>\n<div class=\"d-flex bg-white c-table border-bottom fw-normal\">\n<div class=\"p-1 col-6 px-lg-3\">Moc max. [W]<\/div>\n<div class=\"p-1 col-6 px-lg-3\">175<\/div>\n<\/div>\n<div class=\"d-flex bg-white c-table border-bottom fw-normal\">\n<div class=\"p-1 col-6 px-lg-3\">Napi\u0119cie max. Vmp [V]<\/div>\n<div class=\"p-1 col-6 px-lg-3\">18.3<\/div>\n<\/div>\n<div class=\"d-flex bg-white c-table border-bottom fw-normal\">\n<div class=\"p-1 col-6 px-lg-3\">Pr\u0105d max. Imp [A]<\/div>\n<div class=\"p-1 col-6 px-lg-3\">9.56<\/div>\n<\/div>\n<div class=\"d-flex bg-white c-table border-bottom fw-normal\">\n<div class=\"p-1 col-6 px-lg-3\">Napi\u0119cie rozwarcia Voc [V]<\/div>\n<div class=\"p-1 col-6 px-lg-3\">21,9<\/div>\n<\/div>\n<div class=\"d-flex bg-white c-table border-bottom fw-normal\">\n<div class=\"p-1 col-6 px-lg-3\">Pr\u0105d zwarciowy Isc [A]<\/div>\n<div class=\"p-1 col-6 px-lg-3\">10.24<\/div>\n<\/div>\n<div class=\"d-flex bg-white c-table border-bottom fw-normal\">\n<div class=\"p-1 col-6 px-lg-3\">Max. napi\u0119cie systemu [V]<\/div>\n<div class=\"p-1 col-6 px-lg-3\">1000<\/div>\n<\/div>\n<div class=\"d-flex bg-white c-table border-bottom fw-normal\">\n<div class=\"p-1 col-6 px-lg-3\">Zakres temp. Pracy [\u00baC]<\/div>\n<div class=\"p-1 col-6 px-lg-3\">od -40 do 85<\/div>\n<\/div>\n<\/div>\n<div class=\"d-flex flex-column flex-md-row bg-light border-bottom fw-semibold\">\n<div class=\"p-2 w-100\">Paremetry mechaniczne<\/div>\n<div class=\"p-2 w-100\"><\/div>\n<\/div>\n<div class=\"d-flex bg-white c-table border-bottom fw-normal\">\n<div class=\"p-1 col-6 px-lg-3\">D\u0142ugo\u015b\u0107 [mm]<\/div>\n<div class=\"p-1 col-6 px-lg-3\">1485<\/div>\n<\/div>\n<div class=\"d-flex bg-white c-table border-bottom fw-normal\">\n<div class=\"p-1 col-6 px-lg-3\">Szeroko\u015b\u0107 [mm]<\/div>\n<div class=\"p-1 col-6 px-lg-3\">668<\/div>\n<\/div>\n<div class=\"d-flex bg-white c-table border-bottom fw-normal\">\n<div class=\"p-1 col-6 px-lg-3\">G\u0142\u0119boko\u015b\u0107 [mm]<\/div>\n<div class=\"p-1 col-6 px-lg-3\">30<\/div>\n<\/div>\n<div class=\"d-flex bg-white c-table border-bottom fw-normal\">\n<div class=\"p-1 col-6 px-lg-3\">Waga [kg]<\/div>\n<div class=\"p-1 col-6 px-lg-3\">12<\/div>\n<div class=\"p-1 col-6 px-lg-3\"><\/div>\n<\/div>\n<div class=\"d-flex bg-white c-table border-bottom fw-normal\">\n<div class=\"p-1 col-6 px-lg-3\">Terminal<\/div>\n<div class=\"p-1 col-6 px-lg-3\">MC4<\/div>\n<\/div>\n<div class=\"d-flex flex-column flex-md-row bg-light border-bottom fw-semibold\">\n<div class=\"p-2 w-100\">\u017bywotno\u015b\u0107 ogniwa<\/div>\n<div class=\"p-2 w-100\"><\/div>\n<\/div>\n<div class=\"d-flex bg-white c-table border-bottom fw-normal\">\n<div class=\"p-1 col-6 px-lg-3\">Moc po 10 latach [%]<\/div>\n<div class=\"p-1 col-6 px-lg-3\">90<\/div>\n<\/div>\n<div class=\"d-flex bg-white c-table border-bottom fw-normal\">\n<div class=\"p-1 col-6 px-lg-3\">Moc po 25 latach [%]<\/div>\n<div class=\"p-1 col-6 px-lg-3\">80<\/div>\n<\/div>\n<div class=\"d-flex bg-white c-table border-bottom fw-normal\">\n<div class=\"p-1 col-6 px-lg-3\">Gwarancja<\/div>\n<div class=\"p-1 col-6 px-lg-3\">5 lat<\/div>\n<\/div>\n<div class=\"d-flex bg-white c-table border-bottom fw-normal\">\n<div class=\"p-1 col-6 px-lg-3\">Kraj pochodzenia<\/div>\n<div class=\"p-1 col-6 px-lg-3\">Holandia<\/div>\n<\/div>\n","protected":false},"excerpt":{"rendered":"<p>Panel s\u0142oneczny VICTRON &#8211; Wysokotemperaturowe dzia\u0142anie panelu s\u0142onecznego 175W-12V Po\u0142y x668x30mm serii 4a jest wzmocnione przez jego niski wsp\u00f3\u0142czynnik napi\u0119cie-temperatura. -W ca\u0142ym spektrum promieniowania s\u0142onecznego panel s\u0142oneczny 175W-12V Poly 1485x668x30mm serii 4a wykazuje wyj\u0105tkow\u0105 wydajno\u015b\u0107 przy s\u0142abym o\u015bwietleniu i wysok\u0105 wra\u017cliwo\u015b\u0107 na \u015bwiat\u0142o. &#8211; Panel s\u0142oneczny 175W-12V Poly 1485x668x30mm serii 4a jest obj\u0119ty 25-letni\u0105 ograniczon\u0105<\/p>\n<div class=\"more-link\">\n\t\t\t\t <a href=\"https:\/\/truckpol.eu\/?product=panel-sloneczny-victron-175w-12v-poly-1485x668x30mm-4a\" class=\"link-btn\"><span>Czytaj dalej <\/span> <i class=\"icofont-thin-double-right\"><\/i><\/a>\n\t\t\t<\/div>\n","protected":false},"featured_media":348,"comment_status":"open","ping_status":"closed","template":"","meta":[],"product_brand":[27],"product_cat":[24],"product_tag":[],"class_list":{"0":"post-347","1":"product","2":"type-product","3":"status-publish","4":"has-post-thumbnail","6":"product_brand-victron","7":"product_cat-panele-sloneczne","8":"product_shipping_class-duza","10":"first","11":"instock","12":"shipping-taxable","13":"purchasable","14":"product-type-simple"},"aioseo_notices":[],"jetpack_sharing_enabled":true,"_links":{"self":[{"href":"https:\/\/truckpol.eu\/index.php?rest_route=\/wp\/v2\/product\/347","targetHints":{"allow":["GET"]}}],"collection":[{"href":"https:\/\/truckpol.eu\/index.php?rest_route=\/wp\/v2\/product"}],"about":[{"href":"https:\/\/truckpol.eu\/index.php?rest_route=\/wp\/v2\/types\/product"}],"replies":[{"embeddable":true,"href":"https:\/\/truckpol.eu\/index.php?rest_route=%2Fwp%2Fv2%2Fcomments&post=347"}],"wp:featuredmedia":[{"embeddable":true,"href":"https:\/\/truckpol.eu\/index.php?rest_route=\/wp\/v2\/media\/348"}],"wp:attachment":[{"href":"https:\/\/truckpol.eu\/index.php?rest_route=%2Fwp%2Fv2%2Fmedia&parent=347"}],"wp:term":[{"taxonomy":"product_brand","embeddable":true,"href":"https:\/\/truckpol.eu\/index.php?rest_route=%2Fwp%2Fv2%2Fproduct_brand&post=347"},{"taxonomy":"product_cat","embeddable":true,"href":"https:\/\/truckpol.eu\/index.php?rest_route=%2Fwp%2Fv2%2Fproduct_cat&post=347"},{"taxonomy":"product_tag","embeddable":true,"href":"https:\/\/truckpol.eu\/index.php?rest_route=%2Fwp%2Fv2%2Fproduct_tag&post=347"}],"curies":[{"name":"wp","href":"https:\/\/api.w.org\/{rel}","templated":true}]}}