{"id":350,"date":"2025-11-30T15:52:01","date_gmt":"2025-11-30T14:52:01","guid":{"rendered":"https:\/\/truckpol.eu\/?post_type=product&#038;p=350"},"modified":"2025-12-02T23:19:18","modified_gmt":"2025-12-02T22:19:18","slug":"regulator-ladowania-victron-smartsolar-75v-15a","status":"publish","type":"product","link":"https:\/\/truckpol.eu\/?product=regulator-ladowania-victron-smartsolar-75v-15a","title":{"rendered":"Regulator \u0142adowania VICTRON SmartSolar 75V\/15A"},"content":{"rendered":"<p>Regulatory \u0142adowania MPPT wyposa\u017cone w funkcj\u0119 \u015bledzenia punktu mocy to nowoczesne urz\u0105dzenia umo\u017cliwiaj\u0105ce wydajniejsza prac\u0119 z tradycyjnymi panelami s\u0142onecznymi. Dzi\u0119ki zaawansowanej elektronice regulator \u015bledzi najbardziej optymalne parametry pracy i napi\u0119cie panela s\u0142onecznego, co pozwala na uzyskanie wy\u017cszej sprawno\u015bci i wydajno\u015bci ni\u017c tradycyjne regulatory \u0142adowania PWM o 10% &#8211; 30%. Regulatory Victron Energy MPPT cechuj\u0105 si\u0119 r\u00f3wnie\u017c wy\u017csz\u0105 wydajno\u015bci\u0105 pracy podczas pochmurnych dni lub w p\u00f3\u0142cieniu.Decyduj\u0105c si\u0119 na wprowadzenie do naszej oferty regulator\u00f3w MPPT postawili\u015bmy na Holendersk\u0105 firm\u0119 Victron Energy, oferuj\u0105c\u0105 najwy\u017csz\u0105 wydajno\u015b\u0107 oraz optymaln\u0105 cen\u0119. Regulatory VE s\u0105 cenione i chwalone na rynku fotowoltaicznym oraz deklasuj\u0105 wszystkie regulatory chi\u0144skiej konstrukcji.<\/p>\n<ul class=\"list-group list-group-flush mt-4 mb-4 py-4\">\n<li class=\"list-group-item\">\n<div class=\"d-flex flex-column flex-md-row align-items-left\">\n<div class=\"flex-shrink-0\"><img decoding=\"async\" src=\"https:\/\/images.suntrack.pl\/ikony\/ikona_energia.svg\" alt=\"ikona_energia.svg\" \/><\/div>\n<div class=\"flex-grow-1 ms-md-3 mt-3 mt-md-0 text-left\">\n<div class=\"h4 card-title text-white\">Wysokie napi\u0119cie wej\u015bciowe<\/div>\n<p class=\"card-text text-gray\">Regulator obs\u0142uguje maksymalne napi\u0119cie wej\u015bciowe do 75V, co umo\u017cliwia efektywne wykorzystanie paneli o wy\u017cszym napi\u0119ciu, zapewniaj\u0105c wi\u0119ksz\u0105 elastyczno\u015b\u0107 w konfiguracji systemu solarnego.<\/p>\n<\/div>\n<\/div>\n<\/li>\n<li class=\"list-group-item mt-4\">\n<div class=\"d-flex flex-column flex-md-row align-items-left\">\n<div class=\"flex-shrink-0\"><img decoding=\"async\" src=\"https:\/\/images.suntrack.pl\/ikony\/ikona_bateria.svg\" alt=\"ikona_bateria.svg\" \/><\/div>\n<div class=\"flex-grow-1 ms-md-3 mt-3 mt-md-0 text-left\">\n<div class=\"h4 card-title text-white\">Maksymalny pr\u0105d \u0142adowania 15A<\/div>\n<p class=\"card-text text-gray\">Dzi\u0119ki maksymalnemu pr\u0105dowi \u0142adowania 15A, regulator zapewnia szybkie i bezpieczne \u0142adowanie akumulator\u00f3w, co jest idealne dla \u015bredniej wielko\u015bci system\u00f3w solarnych.<\/p>\n<\/div>\n<\/div>\n<\/li>\n<li class=\"list-group-item mt-4\">\n<div class=\"d-flex flex-column flex-md-row align-items-left\">\n<div class=\"flex-shrink-0\"><img decoding=\"async\" src=\"https:\/\/images.suntrack.pl\/ikony\/ikona_integracja.svg\" alt=\"ikona_integracja.svg\" \/><\/div>\n<div class=\"flex-grow-1 ms-md-3 mt-3 mt-md-0 text-left\">\n<div class=\"h4 card-title text-white\">Zaawansowane algorytmy \u0142adowania<\/div>\n<p class=\"card-text text-gray\">Wykorzystuje inteligentne algorytmy \u0142adowania, takie jak MPPT (Maximum Power Point Tracking), kt\u00f3re optymalizuj\u0105 wydajno\u015b\u0107 \u0142adowania, maksymalizuj\u0105c wykorzystanie energii produkowanej przez panele s\u0142oneczne.<\/p>\n<div class=\"d-flex flex-column flex-md-row bg-light border-bottom fw-semibold\">\n<div class=\"p-2 w-100\">Parametry \/ Model<\/div>\n<div class=\"p-2 w-100\">Smart Solar 75 | 15<\/div>\n<\/div>\n<div class=\"d-flex bg-white c-table border-bottom fw-normal\">\n<div class=\"p-1 col-6 px-lg-3\">Napi\u0119cie akumulatora<\/div>\n<div class=\"p-1 col-6 px-lg-3\">12V lub 24V (auto)<\/div>\n<\/div>\n<div class=\"d-flex bg-white c-table border-bottom fw-normal\">\n<div class=\"p-1 col-6 px-lg-3\">Pr\u0105d znamionowy \u0142adowania<\/div>\n<div class=\"p-1 col-6 px-lg-3\">15 A<\/div>\n<\/div>\n<div class=\"d-flex bg-white c-table border-bottom fw-normal\">\n<div class=\"p-1 col-6 px-lg-3\">Nominalna moc PV, 12V<\/div>\n<div class=\"p-1 col-6 px-lg-3\">220 W<\/div>\n<\/div>\n<div class=\"d-flex bg-white c-table border-bottom fw-normal\">\n<div class=\"p-1 col-6 px-lg-3\">Nominalna moc PV, 24V<\/div>\n<div class=\"p-1 col-6 px-lg-3\">440 W<\/div>\n<\/div>\n<div class=\"d-flex bg-white c-table border-bottom fw-normal\">\n<div class=\"p-1 col-6 px-lg-3\">Nominalna moc PV, 48V<\/div>\n<div class=\"p-1 col-6 px-lg-3\">n.a.<\/div>\n<\/div>\n<div class=\"d-flex bg-white c-table border-bottom fw-normal\">\n<div class=\"p-1 col-6 px-lg-3\">Max. Pr\u0105d zwarciowy PV<\/div>\n<div class=\"p-1 col-6 px-lg-3\">15 A<\/div>\n<\/div>\n<div class=\"d-flex bg-white c-table border-bottom fw-normal\">\n<div class=\"p-1 col-6 px-lg-3\">Automatyczne od\u0142\u0105czanie obci\u0105\u017cenia<\/div>\n<div class=\"p-1 col-6 px-lg-3\">Tak<\/div>\n<\/div>\n<div class=\"d-flex bg-white c-table border-bottom fw-normal\">\n<div class=\"p-1 col-6 px-lg-3\">Max. Napi\u0119cie otwartego obwodu PV<\/div>\n<div class=\"p-1 col-6 px-lg-3\">75V<\/div>\n<\/div>\n<div class=\"d-flex bg-white c-table border-bottom fw-normal\">\n<div class=\"p-1 col-6 px-lg-3\">Wydajno\u015b\u0107 szczytowa<\/div>\n<div class=\"p-1 col-6 px-lg-3\">98%<\/div>\n<\/div>\n<div class=\"d-flex bg-white c-table border-bottom fw-normal\">\n<div class=\"p-1 col-6 px-lg-3\">Samodzielne zu\u017cycie energii &#8211; obci\u0105\u017cenie<\/div>\n<div class=\"p-1 col-6 px-lg-3\">12 V: 19 mA 24 V: 16 mA<\/div>\n<\/div>\n<div class=\"d-flex bg-white c-table border-bottom fw-normal\">\n<div class=\"p-1 col-6 px-lg-3\">Samodzielna konsumpcja &#8211; odci\u0105\u017cenie<\/div>\n<div class=\"p-1 col-6 px-lg-3\">12 V: 10 mA 24 V: 8 mA<\/div>\n<\/div>\n<div class=\"d-flex bg-white c-table border-bottom fw-normal\">\n<div class=\"p-1 col-6 px-lg-3\">Napi\u0119cie \u0142adowania &#8222;absorpcja&#8221;<\/div>\n<div class=\"p-1 col-6 px-lg-3\">14,4 V \/ 28,8 V (regulowane)<\/div>\n<\/div>\n<div class=\"d-flex bg-white c-table border-bottom fw-normal\">\n<div class=\"p-1 col-6 px-lg-3\">Napi\u0119cie \u0142adowania &#8222;float&#8221;<\/div>\n<div class=\"p-1 col-6 px-lg-3\">13,8 V \/ 27,6 V (regulowane)<\/div>\n<\/div>\n<div class=\"d-flex bg-white c-table border-bottom fw-normal\">\n<div class=\"p-1 col-6 px-lg-3\">Algorytm \u0142adowania<\/div>\n<div class=\"p-1 col-6 px-lg-3\">Wielostopniowy adaptacyjny<\/div>\n<\/div>\n<div class=\"d-flex bg-white c-table border-bottom fw-normal\">\n<div class=\"p-1 col-6 px-lg-3\">Kompensacja temperatury<\/div>\n<div class=\"p-1 col-6 px-lg-3\">-16 mV \/ \u00b0C lub -32 mV \/ \u00b0C<\/div>\n<\/div>\n<div class=\"d-flex bg-white c-table border-bottom fw-normal\">\n<div class=\"p-1 col-6 px-lg-3\">Maks. ci\u0105g\u0142y pr\u0105d obci\u0105\u017cenia<\/div>\n<div class=\"p-1 col-6 px-lg-3\">15 A<\/div>\n<\/div>\n<div class=\"d-flex bg-white c-table border-bottom fw-normal\">\n<div class=\"p-1 col-6 px-lg-3\">Ponowne pod\u0142\u0105czenie obci\u0105\u017cenia niskiego napi\u0119cia<\/div>\n<div class=\"p-1 col-6 px-lg-3\">11,1 V \/ 22,2 V lub 11,8 V \/ 23,6 V lub Algorytm \u017cywotno\u015bci baterii<\/div>\n<\/div>\n<div class=\"d-flex bg-white c-table border-bottom fw-normal\">\n<div class=\"p-1 col-6 px-lg-3\">Ponowne pod\u0142\u0105czenie obci\u0105\u017cenia niskiego napi\u0119cia<\/div>\n<div class=\"p-1 col-6 px-lg-3\">13,1 V \/ 26,2 V lub 14 V \/ 28 V lub Algorytm \u017cywotno\u015bci baterii<\/div>\n<\/div>\n<div class=\"d-flex bg-white c-table border-bottom fw-normal\">\n<div class=\"p-1 col-6 px-lg-3\">Ochrona<\/div>\n<div class=\"p-1 col-6 px-lg-3\">Zwarcie wyj\u015bcia \/ przekroczenie temperatury<\/div>\n<\/div>\n<div class=\"d-flex bg-white c-table border-bottom fw-normal\">\n<div class=\"p-1 col-6 px-lg-3\">Temperatura pracy<\/div>\n<div class=\"p-1 col-6 px-lg-3\">-30 do +60\u00b0C (pe\u0142na moc znamionowa do 40\u00b0C)<\/div>\n<\/div>\n<div class=\"d-flex bg-white c-table border-bottom fw-normal\">\n<div class=\"p-1 col-6 px-lg-3\">Wilgotno\u015b\u0107<\/div>\n<div class=\"p-1 col-6 px-lg-3\">95%, bez kondensacji<\/div>\n<\/div>\n<div class=\"d-flex bg-white c-table border-bottom fw-normal\">\n<div class=\"p-1 col-6 px-lg-3\">Port komunikacji danych<\/div>\n<div class=\"p-1 col-6 px-lg-3\">VE.Direct (zob. bia\u0142\u0105 ksi\u0119g\u0119 dotycz\u0105c\u0105 przekazywania danych na naszej stronie internetowej)<\/div>\n<\/div>\n<\/div>\n<\/div>\n<\/li>\n<\/ul>\n","protected":false},"excerpt":{"rendered":"<p>Regulatory \u0142adowania MPPT wyposa\u017cone w funkcj\u0119 \u015bledzenia punktu mocy to nowoczesne urz\u0105dzenia umo\u017cliwiaj\u0105ce wydajniejsza prac\u0119 z tradycyjnymi panelami s\u0142onecznymi. Dzi\u0119ki zaawansowanej elektronice regulator \u015bledzi najbardziej optymalne parametry pracy i napi\u0119cie panela s\u0142onecznego, co pozwala na uzyskanie wy\u017cszej sprawno\u015bci i wydajno\u015bci ni\u017c tradycyjne regulatory \u0142adowania PWM o 10% &#8211; 30%. Regulatory Victron Energy MPPT cechuj\u0105 si\u0119<\/p>\n<div class=\"more-link\">\n\t\t\t\t <a href=\"https:\/\/truckpol.eu\/?product=regulator-ladowania-victron-smartsolar-75v-15a\" class=\"link-btn\"><span>Czytaj dalej <\/span> <i class=\"icofont-thin-double-right\"><\/i><\/a>\n\t\t\t<\/div>\n","protected":false},"featured_media":351,"comment_status":"open","ping_status":"closed","template":"","meta":[],"product_brand":[27],"product_cat":[24,28],"product_tag":[],"class_list":{"0":"post-350","1":"product","2":"type-product","3":"status-publish","4":"has-post-thumbnail","6":"product_brand-victron","7":"product_cat-panele-sloneczne","8":"product_cat-ladowanie-dodatkowego-akumulatora","9":"product_shipping_class-mala","11":"first","12":"instock","13":"shipping-taxable","14":"purchasable","15":"product-type-simple"},"aioseo_notices":[],"jetpack_sharing_enabled":true,"_links":{"self":[{"href":"https:\/\/truckpol.eu\/index.php?rest_route=\/wp\/v2\/product\/350","targetHints":{"allow":["GET"]}}],"collection":[{"href":"https:\/\/truckpol.eu\/index.php?rest_route=\/wp\/v2\/product"}],"about":[{"href":"https:\/\/truckpol.eu\/index.php?rest_route=\/wp\/v2\/types\/product"}],"replies":[{"embeddable":true,"href":"https:\/\/truckpol.eu\/index.php?rest_route=%2Fwp%2Fv2%2Fcomments&post=350"}],"wp:featuredmedia":[{"embeddable":true,"href":"https:\/\/truckpol.eu\/index.php?rest_route=\/wp\/v2\/media\/351"}],"wp:attachment":[{"href":"https:\/\/truckpol.eu\/index.php?rest_route=%2Fwp%2Fv2%2Fmedia&parent=350"}],"wp:term":[{"taxonomy":"product_brand","embeddable":true,"href":"https:\/\/truckpol.eu\/index.php?rest_route=%2Fwp%2Fv2%2Fproduct_brand&post=350"},{"taxonomy":"product_cat","embeddable":true,"href":"https:\/\/truckpol.eu\/index.php?rest_route=%2Fwp%2Fv2%2Fproduct_cat&post=350"},{"taxonomy":"product_tag","embeddable":true,"href":"https:\/\/truckpol.eu\/index.php?rest_route=%2Fwp%2Fv2%2Fproduct_tag&post=350"}],"curies":[{"name":"wp","href":"https:\/\/api.w.org\/{rel}","templated":true}]}}