{"id":389,"date":"2025-12-02T23:15:43","date_gmt":"2025-12-02T22:15:43","guid":{"rendered":"https:\/\/truckpol.eu\/?post_type=product&#038;p=389"},"modified":"2025-12-02T23:15:43","modified_gmt":"2025-12-02T22:15:43","slug":"separator-akumulatorow-cyrix-ct-12-24v-120a","status":"publish","type":"product","link":"https:\/\/truckpol.eu\/?product=separator-akumulatorow-cyrix-ct-12-24v-120a","title":{"rendered":"Separator akumulator\u00f3w Cyrix-ct 12\/24V-120A"},"content":{"rendered":"<p>Cyrix-ct\u00a0<a href=\"https:\/\/suntrack.pl\/144-victron-energy\">Victron Energy<\/a>\u00a0to kontrolowany przez mikroprocesor stycznik wysokiej jako\u015bci, kt\u00f3ry automatycznie w\u0142\u0105cza baterie akumulator\u00f3w r\u00f3wnolegle je\u015bli jedna z baterii osi\u0105gnie napi\u0119cie na\u0142adowania, a w przypadku spadku napi\u0119cia poni\u017cej poziomu roz\u0142adowania &#8211; zostanie od\u0142\u0105czona. Separatory baterii Cyrix-ct to doskona\u0142y zamiennik izolator\u00f3w diodowych. Ich g\u0142\u00f3wn\u0105 cech\u0105 jest to, i\u017c nie maj\u0105 prawie wcale strat napi\u0119cia, przez co napi\u0119cie wyj\u015bcia alternator\u00f3w lub\u00a0<a href=\"https:\/\/suntrack.pl\/145-ladowarki\">\u0142adowarek<\/a>\u00a0nie musi by\u0107 zwi\u0119kszane.<\/p>\n<p><strong>Uwaga<\/strong>\u00a0: Cyrixa nie nale\u017cy stosowa\u0107 do \u0142adowania\u00a0<a href=\"https:\/\/suntrack.pl\/10-akumulatory-zelowe\">akumulatora<\/a>\u00a0hotelowego lub agm a tym bardziej LiFePO4 z alternatora. W pierwszych 2 przypadkach zbyt du\u017cy pr\u0105d wysy\u0142any przez alternator b\u0119dzie wp\u0142ywa\u0142 na zmniejszenie trwa\u0142o\u015bci akumulator\u00f3w hotelowych 1-2 sezony. W drugim przypadku pr\u0105d pobierany przez LiFePO4 mo\u017ce uszkodzi\u0107 alternator bo b\u0119dzie wymusza\u0142 prac\u0119 alternatora na 100%. Do \u0142adowania w ten spos\u00f3b u\u017cywa\u0107 nale\u017cy produktu Orion-TR Charge.<\/p>\n<p><strong>Inteligentne monitorowanie baterii\u00a0\u00a0<\/strong>Niekt\u00f3re \u0142\u0105czniki baterii od\u0142\u0105czaj\u0105 bateri\u0119 w przypadku kr\u00f3tkiego, ale du\u017cego obci\u0105\u017cenia nat\u0119\u017cenia, jak r\u00f3wnie\u017c mog\u0105 przerwa\u0107 po\u0142\u0105czenie, gdy napi\u0119cie DC spadnie poni\u017cej warto\u015bci roz\u0142\u0105czenia. Oprogramowanie Cyrix-ct 12\/24 pozwala na regulacj\u0119 czasu pod\u0142\u0105cze\u0144\/roz\u0142\u0105cze\u0144 na podstawie napi\u0119cia baterii i ze sta\u0142ym czasem op\u00f3\u017anienia. Cyrix-ct 12\/24 monitoruje og\u00f3ln\u0105 tendencj\u0119 (zwi\u0119kszanie lub zmniejszanie\u00a0<a href=\"https:\/\/suntrack.pl\/41-przetwornice-napiecia\">napi\u0119cia<\/a>) i odwraca poprzedni\u0105 akcj\u0119 tylko wtedy, gdy w pewnym okresie czasu tendencja ta si\u0119 odwr\u00f3ci.<br \/>\n12\/24V auto-zakres<\/p>\n<table border=\"0\" cellspacing=\"1\" cellpadding=\"1\">\n<tbody>\n<tr>\n<td colspan=\"4\"><strong>Automatycznie wykrywa napi\u0119cie<\/strong>\u00a0uk\u0142adu 12V lub 24V. Ograniczenie strat napi\u0119cia Styczniki Cyrix to doskona\u0142y zamiennik dla izolator\u00f3w diodowych. Dzi\u0119ki praktycznie znikomym stratom napi\u0119cia, napi\u0119cie wyj\u015bciowe z alternator\u00f3w lub \u0142adowarek nie musi by\u0107 zwi\u0119kszone.<\/p>\n<p><strong>Uprzywilejowany akumulator rozruchowy\u00a0<\/strong>W typowej konfiguracji alternator jest bezpo\u015brednio zwi\u0105zany z akumulatorem rozruchowym. Przy zastosowaniu Cyrix ka\u017cda z baterii po\u0142\u0105czona jest z akumulatorem rozruchowym i przy wyczuciu, \u017ce osi\u0105gn\u0105\u0142 on ju\u017c napi\u0119cie startowe stycznik zostanie zaanga\u017cowany do r\u00f3wnoleg\u0142ego \u0142adowania innych baterii.<br \/>\nPo\u0142\u0105czenie r\u00f3wnoleg\u0142e w przypadku awarii (Start Assist)<\/p>\n<p><strong>Stycznik Cyrix<\/strong>\u00a0mo\u017ce by\u0107 r\u00f3wnie\u017c po\u0142\u0105czony z przyciskiem lub prze\u0142\u0105cznikiem do r\u0119cznego \u0142\u0105czenia akumulator\u00f3w r\u00f3wnolegle. Jest to szczeg\u00f3lnie przydatne w przypadku awarii, gdy bateria startowa jest roz\u0142adowana lub uszkodzona.<\/p>\n<table border=\"0\" cellspacing=\"1\" cellpadding=\"1\">\n<tbody>\n<tr>\n<td colspan=\"4\"><\/td>\n<\/tr>\n<tr>\n<td colspan=\"4\">\n<div class=\"text-center py-5\"><\/div>\n<\/td>\n<\/tr>\n<\/tbody>\n<\/table>\n<table border=\"0\">\n<tbody>\n<tr>\n<td><strong>PARAMETRY\/MODEL<br \/>\n<\/strong><\/td>\n<td><strong>Cyrix-ct 12\/24-120<\/strong><\/td>\n<\/tr>\n<tr>\n<td>Wskazanie stanu przy u\u017cyciu diod LED<\/td>\n<td>Nie<\/td>\n<\/tr>\n<tr>\n<td>Ci\u0105g\u0142e nat\u0119\u017cenie pr\u0105du<\/td>\n<td>120 A<\/td>\n<\/tr>\n<tr>\n<td>Znamionowe nat\u0119\u017cenie pr\u0105du przy rozruchu (5 s)<\/td>\n<td>180 A<\/td>\n<\/tr>\n<tr>\n<td>Napi\u0119cie \u0142\u0105czeni<\/td>\n<td>Od 13 V do 13,8 V i od 26 do 27,6 V<br \/>\nprzy u\u017cyciu inteligentnego wykrywania trendu<\/td>\n<\/tr>\n<tr>\n<td>Napi\u0119cie od\u0142\u0105czenia<\/td>\n<td>Od 11 V do 12,8 V i od 22 do 25,7 V<br \/>\nprzy u\u017cyciu inteligentnego wykrywania trendu<\/td>\n<\/tr>\n<tr>\n<td>Pob\u00f3r pr\u0105du w stanie otwarcia<\/td>\n<td>&lt;4 mA<\/td>\n<\/tr>\n<tr>\n<td>Pob\u00f3r pr\u0105du w stanie zamkni\u0119cia<\/td>\n<td>12 V: 220 mA<br \/>\n24 V: 120 mA<\/td>\n<\/tr>\n<tr>\n<td>Wspomaganie rozruchu<\/td>\n<td>Tak (urz\u0105dzenie Cyrix pozostaje w\u0142\u0105czone przez 30 sekund)<\/td>\n<\/tr>\n<tr>\n<td>Do\u0142\u0105czony przew\u00f3d steruj\u0105cy (d\u0142ugo\u015b\u0107 1 m)<\/td>\n<td>Nie<\/td>\n<\/tr>\n<tr>\n<td>Klasa ochrony<\/td>\n<td>IP54<\/td>\n<\/tr>\n<tr>\n<td>Waga<\/td>\n<td>0,11 kg<\/td>\n<\/tr>\n<tr>\n<td>Wymiary wys. x szer. x g\u0142.<\/td>\n<td>46 x 46 x 80 mm<\/td>\n<\/tr>\n<\/tbody>\n<\/table>\n<\/td>\n<\/tr>\n<tr>\n<td colspan=\"4\">\n<div class=\"text-center py-5\"><\/div>\n<\/td>\n<\/tr>\n<\/tbody>\n<\/table>\n","protected":false},"excerpt":{"rendered":"<p>Cyrix-ct\u00a0Victron Energy\u00a0to kontrolowany przez mikroprocesor stycznik wysokiej jako\u015bci, kt\u00f3ry automatycznie w\u0142\u0105cza baterie akumulator\u00f3w r\u00f3wnolegle je\u015bli jedna z baterii osi\u0105gnie napi\u0119cie na\u0142adowania, a w przypadku spadku napi\u0119cia poni\u017cej poziomu roz\u0142adowania &#8211; zostanie od\u0142\u0105czona. Separatory baterii Cyrix-ct to doskona\u0142y zamiennik izolator\u00f3w diodowych. Ich g\u0142\u00f3wn\u0105 cech\u0105 jest to, i\u017c nie maj\u0105 prawie wcale strat napi\u0119cia, przez co napi\u0119cie<\/p>\n<div class=\"more-link\">\n\t\t\t\t <a href=\"https:\/\/truckpol.eu\/?product=separator-akumulatorow-cyrix-ct-12-24v-120a\" class=\"link-btn\"><span>Czytaj dalej <\/span> <i class=\"icofont-thin-double-right\"><\/i><\/a>\n\t\t\t<\/div>\n","protected":false},"featured_media":388,"comment_status":"open","ping_status":"closed","template":"","meta":[],"product_brand":[],"product_cat":[28],"product_tag":[],"class_list":{"0":"post-389","1":"product","2":"type-product","3":"status-publish","4":"has-post-thumbnail","6":"product_cat-ladowanie-dodatkowego-akumulatora","7":"product_shipping_class-mala","9":"first","10":"instock","11":"shipping-taxable","12":"purchasable","13":"product-type-simple"},"aioseo_notices":[],"jetpack_sharing_enabled":true,"_links":{"self":[{"href":"https:\/\/truckpol.eu\/index.php?rest_route=\/wp\/v2\/product\/389","targetHints":{"allow":["GET"]}}],"collection":[{"href":"https:\/\/truckpol.eu\/index.php?rest_route=\/wp\/v2\/product"}],"about":[{"href":"https:\/\/truckpol.eu\/index.php?rest_route=\/wp\/v2\/types\/product"}],"replies":[{"embeddable":true,"href":"https:\/\/truckpol.eu\/index.php?rest_route=%2Fwp%2Fv2%2Fcomments&post=389"}],"wp:featuredmedia":[{"embeddable":true,"href":"https:\/\/truckpol.eu\/index.php?rest_route=\/wp\/v2\/media\/388"}],"wp:attachment":[{"href":"https:\/\/truckpol.eu\/index.php?rest_route=%2Fwp%2Fv2%2Fmedia&parent=389"}],"wp:term":[{"taxonomy":"product_brand","embeddable":true,"href":"https:\/\/truckpol.eu\/index.php?rest_route=%2Fwp%2Fv2%2Fproduct_brand&post=389"},{"taxonomy":"product_cat","embeddable":true,"href":"https:\/\/truckpol.eu\/index.php?rest_route=%2Fwp%2Fv2%2Fproduct_cat&post=389"},{"taxonomy":"product_tag","embeddable":true,"href":"https:\/\/truckpol.eu\/index.php?rest_route=%2Fwp%2Fv2%2Fproduct_tag&post=389"}],"curies":[{"name":"wp","href":"https:\/\/api.w.org\/{rel}","templated":true}]}}