{"id":392,"date":"2025-12-03T19:55:26","date_gmt":"2025-12-03T18:55:26","guid":{"rendered":"https:\/\/truckpol.eu\/?post_type=product&#038;p=392"},"modified":"2025-12-03T19:57:07","modified_gmt":"2025-12-03T18:57:07","slug":"zestaw-2x5m-kabli-solarnych-1x4mm2-zakonczonych-konektorami","status":"publish","type":"product","link":"https:\/\/truckpol.eu\/?product=zestaw-2x5m-kabli-solarnych-1x4mm2-zakonczonych-konektorami","title":{"rendered":"Zestaw 2x5m kabli solarnych 1x4mm2 zako\u0144czonych konektorami"},"content":{"rendered":"<p>Zestaw s\u0142u\u017cy do \u0142\u0105czenia modu\u0142u fotowoltaicznego z regulatorem napi\u0119cia. W sk\u0142ad zestawu wchodz\u0105 dwa odcinki po 5m. kabla solarnego o przekroju 4mm2 w pow\u0142oce czerwonej i czarnej, zako\u0144czone z jednej strony wysokiej jako\u015bci konektorami szeregowymi.<\/p>\n","protected":false},"excerpt":{"rendered":"<p>Zestaw s\u0142u\u017cy do \u0142\u0105czenia modu\u0142u fotowoltaicznego z regulatorem napi\u0119cia. W sk\u0142ad zestawu wchodz\u0105 dwa odcinki po 5m. kabla solarnego o przekroju 4mm2 w pow\u0142oce czerwonej i czarnej, zako\u0144czone z jednej strony wysokiej jako\u015bci konektorami szeregowymi.<\/p>\n","protected":false},"featured_media":393,"comment_status":"open","ping_status":"closed","template":"","meta":[],"product_brand":[],"product_cat":[24,28],"product_tag":[],"class_list":{"0":"post-392","1":"product","2":"type-product","3":"status-publish","4":"has-post-thumbnail","6":"product_cat-panele-sloneczne","7":"product_cat-ladowanie-dodatkowego-akumulatora","8":"product_shipping_class-mala","10":"first","11":"instock","12":"shipping-taxable","13":"purchasable","14":"product-type-simple"},"aioseo_notices":[],"jetpack_sharing_enabled":true,"_links":{"self":[{"href":"https:\/\/truckpol.eu\/index.php?rest_route=\/wp\/v2\/product\/392","targetHints":{"allow":["GET"]}}],"collection":[{"href":"https:\/\/truckpol.eu\/index.php?rest_route=\/wp\/v2\/product"}],"about":[{"href":"https:\/\/truckpol.eu\/index.php?rest_route=\/wp\/v2\/types\/product"}],"replies":[{"embeddable":true,"href":"https:\/\/truckpol.eu\/index.php?rest_route=%2Fwp%2Fv2%2Fcomments&post=392"}],"wp:featuredmedia":[{"embeddable":true,"href":"https:\/\/truckpol.eu\/index.php?rest_route=\/wp\/v2\/media\/393"}],"wp:attachment":[{"href":"https:\/\/truckpol.eu\/index.php?rest_route=%2Fwp%2Fv2%2Fmedia&parent=392"}],"wp:term":[{"taxonomy":"product_brand","embeddable":true,"href":"https:\/\/truckpol.eu\/index.php?rest_route=%2Fwp%2Fv2%2Fproduct_brand&post=392"},{"taxonomy":"product_cat","embeddable":true,"href":"https:\/\/truckpol.eu\/index.php?rest_route=%2Fwp%2Fv2%2Fproduct_cat&post=392"},{"taxonomy":"product_tag","embeddable":true,"href":"https:\/\/truckpol.eu\/index.php?rest_route=%2Fwp%2Fv2%2Fproduct_tag&post=392"}],"curies":[{"name":"wp","href":"https:\/\/api.w.org\/{rel}","templated":true}]}}