{"id":423,"date":"2025-12-07T21:03:30","date_gmt":"2025-12-07T20:03:30","guid":{"rendered":"https:\/\/truckpol.eu\/?post_type=product&#038;p=423"},"modified":"2026-01-09T17:36:04","modified_gmt":"2026-01-09T16:36:04","slug":"klimatyzacja-sinclair-asv-25bis-przetwornica-napiecia-12-230v-2500w-5000w","status":"publish","type":"product","link":"https:\/\/truckpol.eu\/?product=klimatyzacja-sinclair-asv-25bis-przetwornica-napiecia-12-230v-2500w-5000w","title":{"rendered":"Klimatyzacja SINCLAIR ASV 25BIS + przetwornica napi\u0119cia 12\/230V- 2500W\/5000w"},"content":{"rendered":"<p>Klimatyzacja Sinclair ASV 25 BIS oraz ASV 35 BIS to najcz\u0119\u015bciej montowane klimatyzacje przez u\u017cytkownik\u00f3w kamper\u00f3w oraz przyczep kempingowych.<br \/>\nPosiadaj\u0105 spr\u0119\u017carki gazu typu INWERTER , kt\u00f3re pobieraj\u0105 du\u017co mniej pr\u0105du zw\u0142aszcza przy starcie.<br \/>\nKlimatyzacja SINCLAIR posiada r\u00f3wnie\u017c funkcj\u0119 POMPY CIEP\u0141A co pozwala ci ogrza\u0107 kampera lub przyczep\u0119 bez zu\u017cycia gazu.<\/p>\n<p>Przetwornica FCHAO 12v\/230v o mocy sta\u0142ej 2500W a chwilowej 5000W to idealne rozwi\u0105zanie aby zapewni\u0107 Ci niezale\u017cno\u015b\u0107 energetyczn\u0105 w kamperze lub przyczepie.<br \/>\nCzysta fala sinusoidalna, inteligentne filtrowanie, nie zak\u0142\u00f3ca urz\u0105dze\u0144 elektrycznych i chroni urz\u0105dzenia elektryczne. Wydajno\u015b\u0107 konwersji jest wysoka (do 92%), a zu\u017cycie energii przez sam produkt jest niskie, co mo\u017ce znacznie wyd\u0142u\u017cy\u0107 \u017cywotno\u015b\u0107 baterii.<br \/>\n. Przetwornica dzi\u0119ki czystej SINUSOIDZIE mo\u017ce zasili\u0107 wszystkie urz\u0105dzenia elektryczne &#8211; Klimatyzacja , ekspres do kawy , telewizor , \u015bwiat\u0142a LED , monitory , kuchenki indukcyjne&#8230;<br \/>\nW zestawie znajduje si\u0119 wy\u015bwietlacz parametr\u00f3w akumulatora oraz poboru pr\u0105du.<br \/>\nNa wy\u015bwietlaczu znajduje si\u0119 r\u00f3wnie\u017c w\u0142\u0105cznik , co pozwala nam schowa\u0107 przetwornice np . gdzie\u015b w okolicy akumulatora.<\/p>\n<p>Klimatyzacja wraz z przetwornic\u0105 zosta\u0142a przetestowana przez ca\u0142y poprzedni sezon &#8211; taki sam zestaw mam zamontowany na naszej przyczepie .<\/p>\n<p>Zestaw nowy posiada gwarancj\u0119 24 mc<\/p>\n","protected":false},"excerpt":{"rendered":"<p>Klimatyzacja Sinclair ASV 25 BIS oraz ASV 35 BIS to najcz\u0119\u015bciej montowane klimatyzacje przez u\u017cytkownik\u00f3w kamper\u00f3w oraz przyczep kempingowych. Posiadaj\u0105 spr\u0119\u017carki gazu typu INWERTER , kt\u00f3re pobieraj\u0105 du\u017co mniej pr\u0105du zw\u0142aszcza przy starcie. Klimatyzacja SINCLAIR posiada r\u00f3wnie\u017c funkcj\u0119 POMPY CIEP\u0141A co pozwala ci ogrza\u0107 kampera lub przyczep\u0119 bez zu\u017cycia gazu. Przetwornica FCHAO 12v\/230v o mocy<\/p>\n<div class=\"more-link\">\n\t\t\t\t <a href=\"https:\/\/truckpol.eu\/?product=klimatyzacja-sinclair-asv-25bis-przetwornica-napiecia-12-230v-2500w-5000w\" class=\"link-btn\"><span>Czytaj dalej <\/span> <i class=\"icofont-thin-double-right\"><\/i><\/a>\n\t\t\t<\/div>\n","protected":false},"featured_media":424,"comment_status":"open","ping_status":"closed","template":"","meta":[],"product_brand":[],"product_cat":[22],"product_tag":[],"class_list":{"0":"post-423","1":"product","2":"type-product","3":"status-publish","4":"has-post-thumbnail","6":"product_cat-klimatyzacja","8":"first","9":"instock","10":"shipping-taxable","11":"purchasable","12":"product-type-simple"},"aioseo_notices":[],"jetpack_sharing_enabled":true,"_links":{"self":[{"href":"https:\/\/truckpol.eu\/index.php?rest_route=\/wp\/v2\/product\/423","targetHints":{"allow":["GET"]}}],"collection":[{"href":"https:\/\/truckpol.eu\/index.php?rest_route=\/wp\/v2\/product"}],"about":[{"href":"https:\/\/truckpol.eu\/index.php?rest_route=\/wp\/v2\/types\/product"}],"replies":[{"embeddable":true,"href":"https:\/\/truckpol.eu\/index.php?rest_route=%2Fwp%2Fv2%2Fcomments&post=423"}],"wp:featuredmedia":[{"embeddable":true,"href":"https:\/\/truckpol.eu\/index.php?rest_route=\/wp\/v2\/media\/424"}],"wp:attachment":[{"href":"https:\/\/truckpol.eu\/index.php?rest_route=%2Fwp%2Fv2%2Fmedia&parent=423"}],"wp:term":[{"taxonomy":"product_brand","embeddable":true,"href":"https:\/\/truckpol.eu\/index.php?rest_route=%2Fwp%2Fv2%2Fproduct_brand&post=423"},{"taxonomy":"product_cat","embeddable":true,"href":"https:\/\/truckpol.eu\/index.php?rest_route=%2Fwp%2Fv2%2Fproduct_cat&post=423"},{"taxonomy":"product_tag","embeddable":true,"href":"https:\/\/truckpol.eu\/index.php?rest_route=%2Fwp%2Fv2%2Fproduct_tag&post=423"}],"curies":[{"name":"wp","href":"https:\/\/api.w.org\/{rel}","templated":true}]}}